{"id":703273,"date":"2026-03-18T17:29:30","date_gmt":"2026-03-18T16:29:30","guid":{"rendered":"https:\/\/shop.kustom.ch\/?post_type=product&#038;p=703273"},"modified":"2026-03-27T13:36:34","modified_gmt":"2026-03-27T12:36:34","slug":"everyday-singlet-w","status":"publish","type":"product","link":"https:\/\/shop.kustom.ch\/it\/prodotto\/everyday-singlet-w\/","title":{"rendered":"Canotta Everyday W"},"content":{"rendered":"<p>Everyday Singlet \u00e8 una canotta da ciclismo elastica e funzionale per le uscite estive di tutti i giorni e per tutti i tipi di ciclisti.<\/p>\n<p>Questa versatile canotta da ciclismo \u00e8 realizzata in tessuti morbidi, sottili ed elastici che garantiscono un'eccellente traspirazione e un ottimo comfort durante le uscite quotidiane. Il design racerback garantisce libert\u00e0 di movimento, mentre una tasca laterale con zip consente di riporre in modo sicuro chiavi, barrette e altri oggetti essenziali.<\/p>\n<p>- Materiale funzionale realizzato in poliestere riciclato, poliammide ed elastan<br \/>\n- Design Racerback<br \/>\n- In leggera pendenza all'indietro<br \/>\n- Tasca laterale con zip<br \/>\n- Taglio normale<\/p>","protected":false},"excerpt":{"rendered":"<p>Everyday Singlet ist ein dehnbares und funktionelles Bike-Singlet f\u00fcr die t\u00e4gliche Sommerfahrt und alle Arten von Fahrern. Dieses vielseitige Fahrrad-Singlet besteht aus weichen, d\u00fcnnen und elastischen Stoffen, die einen hervorragenden Feuchtigkeitstransport und hervorragenden Komfort w\u00e4hrend der t\u00e4glichen Fahrten bieten. Das Racerback-Design sorgt f\u00fcr Bewegungsfreiheit, w\u00e4hrend eine Reissverschluss-Seitentasche eine sichere Aufbewahrung von Schl\u00fcsseln, Riegeln und anderen [&hellip;]<\/p>\n","protected":false},"featured_media":703300,"template":"","meta":[],"product_brand":[],"product_cat":[4202],"product_tag":[],"class_list":{"0":"post-703273","1":"product","2":"type-product","3":"status-publish","4":"has-post-thumbnail","6":"product_cat-tank-tops","7":"pa_brand-craft","8":"pa_brand-type-sportswear","9":"pa_filter-color-braun","10":"pa_filter-color-gruen","12":"first","13":"instock","14":"sale","15":"taxable","16":"shipping-taxable","17":"purchasable","18":"product-type-variable","19":"add-to-wishlist-before_image"},"exclude_global_add_ons":[],"addons":[],"acf":[],"_links":{"self":[{"href":"https:\/\/shop.kustom.ch\/it\/wp-json\/wp\/v2\/product\/703273"}],"collection":[{"href":"https:\/\/shop.kustom.ch\/it\/wp-json\/wp\/v2\/product"}],"about":[{"href":"https:\/\/shop.kustom.ch\/it\/wp-json\/wp\/v2\/types\/product"}],"wp:featuredmedia":[{"embeddable":true,"href":"https:\/\/shop.kustom.ch\/it\/wp-json\/wp\/v2\/media\/703300"}],"wp:attachment":[{"href":"https:\/\/shop.kustom.ch\/it\/wp-json\/wp\/v2\/media?parent=703273"}],"wp:term":[{"taxonomy":"product_brand","embeddable":true,"href":"https:\/\/shop.kustom.ch\/it\/wp-json\/wp\/v2\/product_brand?post=703273"},{"taxonomy":"product_cat","embeddable":true,"href":"https:\/\/shop.kustom.ch\/it\/wp-json\/wp\/v2\/product_cat?post=703273"},{"taxonomy":"product_tag","embeddable":true,"href":"https:\/\/shop.kustom.ch\/it\/wp-json\/wp\/v2\/product_tag?post=703273"}],"curies":[{"name":"wp","href":"https:\/\/api.w.org\/{rel}","templated":true}]}}