{"id":703272,"date":"2026-03-18T17:29:30","date_gmt":"2026-03-18T16:29:30","guid":{"rendered":"https:\/\/shop.kustom.ch\/?post_type=product&#038;p=703272"},"modified":"2026-03-27T13:36:31","modified_gmt":"2026-03-27T12:36:31","slug":"everyday-bike-liner-hipster-w","status":"publish","type":"product","link":"https:\/\/shop.kustom.ch\/it\/prodotto\/everyday-bike-liner-hipster-w\/","title":{"rendered":"Fodera per bicicletta Everyday Hipster W"},"content":{"rendered":"<p>Gli Everyday Bike Liner Hipsters sono leggeri hipsters che possono essere indossati sotto pantaloncini larghi o quando si ha bisogno di una maggiore imbottitura sotto i normali pantaloncini o pantaloni da bici.<\/p>\n<p>Realizzati in poliammide ed elastan riciclati, questi funzionali bikeliner offrono un efficiente trasporto dell'umidit\u00e0 e un'ottima vestibilit\u00e0. Il fondello Infinity C6 offre un'ammortizzazione confortevole, mentre l'elastico in vita garantisce una vestibilit\u00e0 sicura.<\/p>\n<p>- Materiale leggero e traspirante realizzato in poliammide ed elastan riciclato<br \/>\n- Vita elastica<br \/>\n- Infinity C6 Pad Donne<br \/>\n- Vestibilit\u00e0 stretta<\/p>","protected":false},"excerpt":{"rendered":"<p>Everyday Bike Liner Hipster sind leichte Hipster, die unter locker sitzenden Shorts getragen werden k\u00f6nnen oder wenn du ein bisschen mehr Polsterung unter deinen normalen Bike Shorts oder Hosen brauchst. Aus recyceltem Polyamid und Elasthan gefertigt, bieten diese funktionalen Bikeliner einen effizienten Feuchtigkeitstransport und eine hervorragende Passform. Das Infinity C6 Pad bietet eine komfortable D\u00e4mpfung, [&hellip;]<\/p>\n","protected":false},"featured_media":703293,"template":"","meta":[],"product_brand":[],"product_cat":[4198],"product_tag":[],"class_list":{"0":"post-703272","1":"product","2":"type-product","3":"status-publish","4":"has-post-thumbnail","6":"product_cat-shorts","7":"pa_brand-craft","8":"pa_brand-type-sportswear","9":"pa_filter-color-schwarz","11":"first","12":"instock","13":"sale","14":"taxable","15":"shipping-taxable","16":"purchasable","17":"product-type-variable","18":"add-to-wishlist-before_image"},"exclude_global_add_ons":[],"addons":[],"acf":[],"_links":{"self":[{"href":"https:\/\/shop.kustom.ch\/it\/wp-json\/wp\/v2\/product\/703272"}],"collection":[{"href":"https:\/\/shop.kustom.ch\/it\/wp-json\/wp\/v2\/product"}],"about":[{"href":"https:\/\/shop.kustom.ch\/it\/wp-json\/wp\/v2\/types\/product"}],"wp:featuredmedia":[{"embeddable":true,"href":"https:\/\/shop.kustom.ch\/it\/wp-json\/wp\/v2\/media\/703293"}],"wp:attachment":[{"href":"https:\/\/shop.kustom.ch\/it\/wp-json\/wp\/v2\/media?parent=703272"}],"wp:term":[{"taxonomy":"product_brand","embeddable":true,"href":"https:\/\/shop.kustom.ch\/it\/wp-json\/wp\/v2\/product_brand?post=703272"},{"taxonomy":"product_cat","embeddable":true,"href":"https:\/\/shop.kustom.ch\/it\/wp-json\/wp\/v2\/product_cat?post=703272"},{"taxonomy":"product_tag","embeddable":true,"href":"https:\/\/shop.kustom.ch\/it\/wp-json\/wp\/v2\/product_tag?post=703272"}],"curies":[{"name":"wp","href":"https:\/\/api.w.org\/{rel}","templated":true}]}}