{"id":703182,"date":"2026-03-18T17:28:19","date_gmt":"2026-03-18T16:28:19","guid":{"rendered":"https:\/\/shop.kustom.ch\/?post_type=product&#038;p=703182"},"modified":"2026-03-27T13:36:04","modified_gmt":"2026-03-27T12:36:04","slug":"essence-tights-3-m","status":"publish","type":"product","link":"https:\/\/shop.kustom.ch\/it\/prodotto\/essence-tights-3-m\/","title":{"rendered":"Collant Essence 3 M"},"content":{"rendered":"<p>Le ADV Essence Tights 3 sono calzamaglie da allenamento altamente funzionali, progettate per una variet\u00e0 di allenamenti, dalla corsa intensa all'allenamento della forza, fino alla pratica dello yoga.<\/p>\n<p>Questi pantaloni versatili sono realizzati in un materiale funzionale in jersey di poliammide riciclata ed elastan, che offre un'eccellente regolazione della temperatura corporea, un'elevata elasticit\u00e0 e un recupero efficace. Inoltre, i pantaloni sono dotati di un elastico in vita con coulisse regolabile per una vestibilit\u00e0 ottimale. Due ampie tasche esterne sulle gambe offrono un pratico spazio per riporre smartphone, barrette energetiche e altri oggetti essenziali.<\/p>\n<p>- Materiale elasticizzato realizzato in poliammide ed elastan riciclati<br \/>\n- Vita elastica con coulisse<br \/>\n- Due ampie tasche sulle gambe<\/p>","protected":false},"excerpt":{"rendered":"<p>Die ADV Essence Tights 3 sind hochfunktionelle Trainingshosen, die f\u00fcr eine Vielzahl von Workouts entwickelt wurden, von intensivem Laufen und Krafttraining bis hin zu achtsamer Yoga-Praxis. Diese vielseitigen Hosen bestehen aus einem funktionellen Jersey-Material aus recyceltem Polyamid und Elasthan, das eine hervorragende Regulierung der K\u00f6rpertemperatur, hohe Elastizit\u00e4t und effizienten R\u00fcckzug bietet. Dar\u00fcber hinaus verf\u00fcgen die [&hellip;]<\/p>\n","protected":false},"featured_media":703222,"template":"","meta":[],"product_brand":[],"product_cat":[4190],"product_tag":[],"class_list":{"0":"post-703182","1":"product","2":"type-product","3":"status-publish","4":"has-post-thumbnail","6":"product_cat-leggings","7":"pa_brand-craft","8":"pa_brand-type-sportswear","9":"pa_filter-color-blau","10":"pa_filter-color-grau","11":"pa_filter-color-schwarz","13":"first","14":"instock","15":"sale","16":"taxable","17":"shipping-taxable","18":"purchasable","19":"product-type-variable","20":"add-to-wishlist-before_image"},"exclude_global_add_ons":[],"addons":[],"acf":[],"_links":{"self":[{"href":"https:\/\/shop.kustom.ch\/it\/wp-json\/wp\/v2\/product\/703182"}],"collection":[{"href":"https:\/\/shop.kustom.ch\/it\/wp-json\/wp\/v2\/product"}],"about":[{"href":"https:\/\/shop.kustom.ch\/it\/wp-json\/wp\/v2\/types\/product"}],"wp:featuredmedia":[{"embeddable":true,"href":"https:\/\/shop.kustom.ch\/it\/wp-json\/wp\/v2\/media\/703222"}],"wp:attachment":[{"href":"https:\/\/shop.kustom.ch\/it\/wp-json\/wp\/v2\/media?parent=703182"}],"wp:term":[{"taxonomy":"product_brand","embeddable":true,"href":"https:\/\/shop.kustom.ch\/it\/wp-json\/wp\/v2\/product_brand?post=703182"},{"taxonomy":"product_cat","embeddable":true,"href":"https:\/\/shop.kustom.ch\/it\/wp-json\/wp\/v2\/product_cat?post=703182"},{"taxonomy":"product_tag","embeddable":true,"href":"https:\/\/shop.kustom.ch\/it\/wp-json\/wp\/v2\/product_tag?post=703182"}],"curies":[{"name":"wp","href":"https:\/\/api.w.org\/{rel}","templated":true}]}}