{"id":703181,"date":"2026-03-18T17:28:19","date_gmt":"2026-03-18T16:28:19","guid":{"rendered":"https:\/\/shop.kustom.ch\/?post_type=product&#038;p=703181"},"modified":"2026-03-27T13:34:48","modified_gmt":"2026-03-27T12:34:48","slug":"race-day-ss-tee-2-m","status":"publish","type":"product","link":"https:\/\/shop.kustom.ch\/it\/prodotto\/race-day-ss-tee-2-m\/","title":{"rendered":"Maglietta Race Day SS 2 M"},"content":{"rendered":"<p>La Race Day Tee 2 \u00e8 una maglietta da corsa ad alte prestazioni che aiuta gli atleti d'\u00e9lite pi\u00f9 esigenti a superare i propri limiti nella corsa su lunghe distanze.<\/p>\n<p>Questa T-shirt professionale \u00e8 stata sviluppata per affrontare le maratone pi\u00f9 prestigiose del mondo. \u00c8 realizzata in un jersey super funzionale con perforazioni sapientemente posizionate per garantire un'ottima traspirazione e ventilazione durante la corsa intensa. Progettata per le alte prestazioni, la maglietta \u00e8 anche dotata di nastratura sul collo, sulle maniche e sull'orlo per ridurre al minimo gli sfregamenti, in modo da potersi concentrare sul ritmo e sulla forma.<\/p>\n<p>- Tessuto in jersey sottile e molto leggero, realizzato in poliestere riciclato ed elastan<br \/>\n- Perforazioni strategicamente posizionate<br \/>\n- Le cuciture incollate al collo, alle estremit\u00e0 delle maniche e alla parte inferiore riducono al minimo gli sfregamenti.<br \/>\n- Spacchi laterali<br \/>\n- Taglio normale<\/p>","protected":false},"excerpt":{"rendered":"<p>Das Race Day Tee 2 ist ein High-Performance-Laufshirt, das anspruchsvollen Eliteathleten hilft, beim Langstreckenlauf ihre Grenzen zu pushen. Dieses Profi-T-Shirt wurde entwickelt, um die renommiertesten Marathons der Welt zu rocken. Es besteht aus einem superfunktionellen Jersey mit clever platzierten Perforationen, die f\u00fcr einen tollen Feuchtigkeitstransport und bessere Bel\u00fcftung beim intensiven Laufen sorgen. Das T-Shirt ist [&hellip;]<\/p>\n","protected":false},"featured_media":703209,"template":"","meta":[],"product_brand":[],"product_cat":[4201],"product_tag":[],"class_list":{"0":"post-703181","1":"product","2":"type-product","3":"status-publish","4":"has-post-thumbnail","6":"product_cat-t-shirts","7":"pa_brand-craft","8":"pa_brand-type-sportswear","9":"pa_filter-color-gelb","10":"pa_filter-color-schwarz","12":"first","13":"instock","14":"sale","15":"taxable","16":"shipping-taxable","17":"purchasable","18":"product-type-variable","19":"add-to-wishlist-before_image"},"exclude_global_add_ons":[],"addons":[],"acf":[],"_links":{"self":[{"href":"https:\/\/shop.kustom.ch\/it\/wp-json\/wp\/v2\/product\/703181"}],"collection":[{"href":"https:\/\/shop.kustom.ch\/it\/wp-json\/wp\/v2\/product"}],"about":[{"href":"https:\/\/shop.kustom.ch\/it\/wp-json\/wp\/v2\/types\/product"}],"wp:featuredmedia":[{"embeddable":true,"href":"https:\/\/shop.kustom.ch\/it\/wp-json\/wp\/v2\/media\/703209"}],"wp:attachment":[{"href":"https:\/\/shop.kustom.ch\/it\/wp-json\/wp\/v2\/media?parent=703181"}],"wp:term":[{"taxonomy":"product_brand","embeddable":true,"href":"https:\/\/shop.kustom.ch\/it\/wp-json\/wp\/v2\/product_brand?post=703181"},{"taxonomy":"product_cat","embeddable":true,"href":"https:\/\/shop.kustom.ch\/it\/wp-json\/wp\/v2\/product_cat?post=703181"},{"taxonomy":"product_tag","embeddable":true,"href":"https:\/\/shop.kustom.ch\/it\/wp-json\/wp\/v2\/product_tag?post=703181"}],"curies":[{"name":"wp","href":"https:\/\/api.w.org\/{rel}","templated":true}]}}