{"id":702908,"date":"2026-03-18T17:23:37","date_gmt":"2026-03-18T16:23:37","guid":{"rendered":"https:\/\/shop.kustom.ch\/?post_type=product&#038;p=702908"},"modified":"2026-03-27T13:29:50","modified_gmt":"2026-03-27T12:29:50","slug":"urban-fleece-jacket-m","status":"publish","type":"product","link":"https:\/\/shop.kustom.ch\/it\/prodotto\/urban-fleece-jacket-m\/","title":{"rendered":"Giacca in pile Urban M"},"content":{"rendered":"<p>La Urban Fleece Jacket \u00e8 un capo caldo e robusto, ispirato all'abbigliamento da lavoro, che pu\u00f2 essere convertito senza problemi dal luogo di lavoro a un outfit casual per tutti i giorni.<\/p>\n<p>Questa giacca versatile, realizzata in pile pesante, \u00e8 rinforzata con inserti in poliammide resistente sul davanti e sul retro ed \u00e8 in grado di resistere alle condizioni pi\u00f9 difficili senza sacrificare il comfort. Progettata per la funzionalit\u00e0, \u00e8 dotata di due tasche anteriori con cerniera e di una tasca sul petto con chiusura a patta per un facile accesso agli oggetti essenziali. Inoltre, la sua silhouette sottile e il design chiaro la rendono perfetta per esporre i loghi di club, sponsor o societ\u00e0.<\/p>\n<p>- Materiale in pile pesante realizzato con poliestere\/poliammide ed elastan riciclati<br \/>\n- Interno morbido<br \/>\n- Due tasche con zip per le mani<br \/>\n- Tasca sul petto con chiusura a patta<br \/>\n- Taglio normale<\/p>","protected":false},"excerpt":{"rendered":"<p>Die Urban Fleece Jacket ist ein warmes, robustes und von Arbeitskleidung inspiriertes Kleidungsst\u00fcck, das sich nahtlos vom Arbeitsplatz zum l\u00e4ssigen Alltagstauglichen Outfit umfunktionieren l\u00e4sst. Diese vielseitige Jacke aus schwerem Fleece-Material ist mit strapazierf\u00e4higen Polyamid-Eins\u00e4tzen an der Vorder- und R\u00fcckseite verst\u00e4rkt und h\u00e4lt auch anspruchsvollen Bedingungen stand, ohne dabei an Komfort einzub\u00fcssen. Sie ist auf Funktionalit\u00e4t [&hellip;]<\/p>\n","protected":false},"featured_media":702947,"template":"","meta":[],"product_brand":[],"product_cat":[4184],"product_tag":[],"class_list":{"0":"post-702908","1":"product","2":"type-product","3":"status-publish","4":"has-post-thumbnail","6":"product_cat-hoodies-pullover","7":"pa_brand-craft","8":"pa_brand-type-sportswear","9":"pa_filter-color-beige","10":"pa_filter-color-blau","11":"pa_filter-color-gruen","12":"pa_filter-color-schwarz","14":"first","15":"instock","16":"sale","17":"taxable","18":"shipping-taxable","19":"purchasable","20":"product-type-variable","21":"add-to-wishlist-before_image"},"exclude_global_add_ons":[],"addons":[],"acf":[],"_links":{"self":[{"href":"https:\/\/shop.kustom.ch\/it\/wp-json\/wp\/v2\/product\/702908"}],"collection":[{"href":"https:\/\/shop.kustom.ch\/it\/wp-json\/wp\/v2\/product"}],"about":[{"href":"https:\/\/shop.kustom.ch\/it\/wp-json\/wp\/v2\/types\/product"}],"wp:featuredmedia":[{"embeddable":true,"href":"https:\/\/shop.kustom.ch\/it\/wp-json\/wp\/v2\/media\/702947"}],"wp:attachment":[{"href":"https:\/\/shop.kustom.ch\/it\/wp-json\/wp\/v2\/media?parent=702908"}],"wp:term":[{"taxonomy":"product_brand","embeddable":true,"href":"https:\/\/shop.kustom.ch\/it\/wp-json\/wp\/v2\/product_brand?post=702908"},{"taxonomy":"product_cat","embeddable":true,"href":"https:\/\/shop.kustom.ch\/it\/wp-json\/wp\/v2\/product_cat?post=702908"},{"taxonomy":"product_tag","embeddable":true,"href":"https:\/\/shop.kustom.ch\/it\/wp-json\/wp\/v2\/product_tag?post=702908"}],"curies":[{"name":"wp","href":"https:\/\/api.w.org\/{rel}","templated":true}]}}