{"id":702907,"date":"2026-03-18T17:23:37","date_gmt":"2026-03-18T16:23:37","guid":{"rendered":"https:\/\/shop.kustom.ch\/?post_type=product&#038;p=702907"},"modified":"2026-03-27T13:29:36","modified_gmt":"2026-03-27T12:29:36","slug":"everyday-hydro-jacket-w","status":"publish","type":"product","link":"https:\/\/shop.kustom.ch\/it\/prodotto\/everyday-hydro-jacket-w\/","title":{"rendered":"Giacca idro Everyday W"},"content":{"rendered":"<p>Everyday Hydro Jacket \u00e8 una giacca da ciclismo antivento e impermeabile progettata per gli spostamenti quotidiani verso il lavoro e per la guida in condizioni di pioggia e vento.<\/p>\n<p>La giacca \u00e8 realizzata in tessuto antivento e impermeabile e presenta cuciture nastrate per una protezione totale dalle intemperie. Inoltre, la giacca da ciclismo \u00e8 dotata di un'apertura di ventilazione sui lati, di due tasche anteriori con cerniera e di bordi elasticizzati all'estremit\u00e0 delle maniche e al fondo per tenere lontani pioggia e vento. Ha anche un cappuccio compatibile con il casco che pu\u00f2 essere ripiegato e fissato al colletto posteriore con un bottone.<\/p>\n<p>- Tessuto a 2 strati antivento e impermeabile (WP 10.000\/MWP 10.000)<br \/>\n- Ventilazione sui pannelli laterali<br \/>\n- Cuciture saldate<br \/>\n- Bordi elasticizzati alle estremit\u00e0 delle maniche e sul lato inferiore<br \/>\n- Cappuccio sagomato, regolabile e compatibile con il casco<br \/>\n- Due tasche anteriori con zip<br \/>\n- Stampe e dettagli riflettenti<br \/>\n- Taglio normale<\/p>","protected":false},"excerpt":{"rendered":"<p>Everyday Hydro Jacket ist eine wind- und wasserdichte Fahrradjacke, die f\u00fcr den t\u00e4glichen Weg zur Arbeit und f\u00fcr Fahrten bei nassen und windigen Bedingungen entwickelt wurde. Die Jacke ist aus wind- und wasserdichtem Stoff gefertigt und verf\u00fcgt \u00fcber getapte N\u00e4hte f\u00fcr vollen Wetterschutz. Dar\u00fcber hinaus verf\u00fcgt die Radjacke \u00fcber eine Bel\u00fcftungs\u00f6ffnung an den Seiten, zwei [&hellip;]<\/p>\n","protected":false},"featured_media":702934,"template":"","meta":[],"product_brand":[],"product_cat":[4186],"product_tag":[],"class_list":{"0":"post-702907","1":"product","2":"type-product","3":"status-publish","4":"has-post-thumbnail","6":"product_cat-jacken","7":"pa_brand-craft","8":"pa_brand-type-sportswear","9":"pa_filter-color-orange","10":"pa_filter-color-schwarz","12":"first","13":"instock","14":"sale","15":"taxable","16":"shipping-taxable","17":"purchasable","18":"product-type-variable","19":"add-to-wishlist-before_image"},"exclude_global_add_ons":[],"addons":[],"acf":[],"_links":{"self":[{"href":"https:\/\/shop.kustom.ch\/it\/wp-json\/wp\/v2\/product\/702907"}],"collection":[{"href":"https:\/\/shop.kustom.ch\/it\/wp-json\/wp\/v2\/product"}],"about":[{"href":"https:\/\/shop.kustom.ch\/it\/wp-json\/wp\/v2\/types\/product"}],"wp:featuredmedia":[{"embeddable":true,"href":"https:\/\/shop.kustom.ch\/it\/wp-json\/wp\/v2\/media\/702934"}],"wp:attachment":[{"href":"https:\/\/shop.kustom.ch\/it\/wp-json\/wp\/v2\/media?parent=702907"}],"wp:term":[{"taxonomy":"product_brand","embeddable":true,"href":"https:\/\/shop.kustom.ch\/it\/wp-json\/wp\/v2\/product_brand?post=702907"},{"taxonomy":"product_cat","embeddable":true,"href":"https:\/\/shop.kustom.ch\/it\/wp-json\/wp\/v2\/product_cat?post=702907"},{"taxonomy":"product_tag","embeddable":true,"href":"https:\/\/shop.kustom.ch\/it\/wp-json\/wp\/v2\/product_tag?post=702907"}],"curies":[{"name":"wp","href":"https:\/\/api.w.org\/{rel}","templated":true}]}}