{"id":702819,"date":"2026-03-18T17:22:32","date_gmt":"2026-03-18T16:22:32","guid":{"rendered":"https:\/\/shop.kustom.ch\/?post_type=product&#038;p=702819"},"modified":"2026-03-27T13:28:11","modified_gmt":"2026-03-27T12:28:11","slug":"endur-aerolight-jersey-w","status":"publish","type":"product","link":"https:\/\/shop.kustom.ch\/it\/prodotto\/endur-aerolight-jersey-w\/","title":{"rendered":"Maglia Endur Aerolight W"},"content":{"rendered":"<p>La maglia Endur Aerolight \u00e8 una maglia da ciclismo professionale ultraleggera progettata per massimizzare la velocit\u00e0, le prestazioni e il comfort in condizioni di caldo.<\/p>\n<p>Realizzata con tessuti aerodinamici e rinfrescanti, la maglia da ciclismo offre un flusso d'aria eccezionale e un efficiente trasporto dell'umidit\u00e0 durante le corse pi\u00f9 intense. Questa maglia innovativa combina diversi tessuti super elasticizzati con strutture diverse per una vestibilit\u00e0 snella, comprese le maniche in rete con una struttura a fossette per una migliore aerodinamica. Altre caratteristiche sono le estremit\u00e0 delle maniche tagliate a vivo con punti di silicone all'interno e l'orlo elasticizzato sul fondo per una vestibilit\u00e0 sicura e confortevole durante tutta la corsa.<\/p>\n<p>- Realizzati con tessuti sottili, leggeri e altamente funzionali<br \/>\n- Materiale a rete aerodinamico con struttura a fossette sulle maniche<br \/>\n- Design ergonomico per una perfetta posizione di seduta<br \/>\n- Estremit\u00e0 del manicotto tagliate a vivo con punti di silicone all'interno<br \/>\n- Elastico con silicone interno sull'orlo inferiore<br \/>\n- Quattro tasche posteriori (una con zip)<br \/>\n- Vestibilit\u00e0 stretta<\/p>","protected":false},"excerpt":{"rendered":"<p>Endur Aerolight Jersey ist ein ultraleichtes Profi-Bike-Trikot, das f\u00fcr maximale Geschwindigkeit, Leistung und Komfort bei heissen Bedingungen entwickelt wurde. Das Radtrikot aus aerodynamischen und k\u00fchlenden Stoffen bietet einen aussergew\u00f6hnlichen Luftstrom und effizienten Feuchtigkeitstransport bei intensiven Fahrten. Dieses innovative Jersey kombiniert mehrere superelastische Stoffe mit unterschiedlichen Strukturen f\u00fcr eine schnittige Passform, darunter \u00c4rmel aus Mesh mit [&hellip;]<\/p>\n","protected":false},"featured_media":702852,"template":"","meta":[],"product_brand":[],"product_cat":[4201],"product_tag":[],"class_list":{"0":"post-702819","1":"product","2":"type-product","3":"status-publish","4":"has-post-thumbnail","6":"product_cat-t-shirts","7":"pa_brand-craft","8":"pa_brand-type-sportswear","9":"pa_filter-color-schwarz","10":"pa_filter-color-weiss","12":"first","13":"instock","14":"sale","15":"taxable","16":"shipping-taxable","17":"purchasable","18":"product-type-variable","19":"add-to-wishlist-before_image"},"exclude_global_add_ons":[],"addons":[],"acf":[],"_links":{"self":[{"href":"https:\/\/shop.kustom.ch\/it\/wp-json\/wp\/v2\/product\/702819"}],"collection":[{"href":"https:\/\/shop.kustom.ch\/it\/wp-json\/wp\/v2\/product"}],"about":[{"href":"https:\/\/shop.kustom.ch\/it\/wp-json\/wp\/v2\/types\/product"}],"wp:featuredmedia":[{"embeddable":true,"href":"https:\/\/shop.kustom.ch\/it\/wp-json\/wp\/v2\/media\/702852"}],"wp:attachment":[{"href":"https:\/\/shop.kustom.ch\/it\/wp-json\/wp\/v2\/media?parent=702819"}],"wp:term":[{"taxonomy":"product_brand","embeddable":true,"href":"https:\/\/shop.kustom.ch\/it\/wp-json\/wp\/v2\/product_brand?post=702819"},{"taxonomy":"product_cat","embeddable":true,"href":"https:\/\/shop.kustom.ch\/it\/wp-json\/wp\/v2\/product_cat?post=702819"},{"taxonomy":"product_tag","embeddable":true,"href":"https:\/\/shop.kustom.ch\/it\/wp-json\/wp\/v2\/product_tag?post=702819"}],"curies":[{"name":"wp","href":"https:\/\/api.w.org\/{rel}","templated":true}]}}