{"id":702789,"date":"2026-03-18T17:21:55","date_gmt":"2026-03-18T16:21:55","guid":{"rendered":"https:\/\/shop.kustom.ch\/?post_type=product&#038;p=702789"},"modified":"2026-03-27T13:27:48","modified_gmt":"2026-03-27T12:27:48","slug":"hypervent-cropped-tee-w","status":"publish","type":"product","link":"https:\/\/shop.kustom.ch\/it\/prodotto\/hypervent-cropped-tee-w\/","title":{"rendered":"Hypervent Cropped Tee W"},"content":{"rendered":"<p>Hypervent Cropped Tee \u00e8 una maglietta da running morbida e aderente che mantiene freschi e asciutti durante le corse intense su lunghe distanze in condizioni di caldo.<\/p>\n<p>Questa T-shirt ad alte prestazioni \u00e8 caratterizzata da un morbido materiale in jersey realizzato con poliestere riciclato ed elastan, che offre un eccezionale trasporto dell'umidit\u00e0 e un'eccellente libert\u00e0 di movimento. Le cuciture nastrate all'estremit\u00e0 delle maniche e all'orlo inferiore riducono al minimo gli sfregamenti.<\/p>\n<p>- Tessuto jersey elasticizzato in 4 direzioni, realizzato in poliammide ed elastan riciclati.<br \/>\n- Cuciture incollate alle estremit\u00e0 delle maniche e all'orlo inferiore<br \/>\n- Parte inferiore arrotondata nella parte anteriore<br \/>\n- Cuciture a vista sul davanti e sul retro<br \/>\n- Logo riflettente sul davanti, sul retro e sui lati<br \/>\n- Vestibilit\u00e0 stretta e corta<\/p>","protected":false},"excerpt":{"rendered":"<p>Hypervent Cropped Tee ist ein weiches, eng anliegendes Lauf-T-Shirt, das dich beim intensiven Langstreckenlauf unter heissen Bedingungen k\u00fchl und trocken h\u00e4lt. Dieses Hochleistungs-T-Shirt verf\u00fcgt \u00fcber ein weiches Jersey-Material aus recyceltem Polyester und Elasthan, das einen aussergew\u00f6hnlichen Feuchtigkeitstransport und hervorragende Bewegungsfreiheit bietet. Verklebte N\u00e4hte an \u00c4rmelenden und unterem Saum minimieren Scheuerstellen. \u2022 Jerseystoff mit 4-Wege-Stretch aus [&hellip;]<\/p>\n","protected":false},"featured_media":702818,"template":"","meta":[],"product_brand":[],"product_cat":[4201],"product_tag":[],"class_list":{"0":"post-702789","1":"product","2":"type-product","3":"status-publish","4":"has-post-thumbnail","6":"product_cat-t-shirts","7":"pa_brand-craft","8":"pa_brand-type-sportswear","9":"pa_filter-color-schwarz","10":"pa_filter-color-weiss","12":"first","13":"instock","14":"sale","15":"taxable","16":"shipping-taxable","17":"purchasable","18":"product-type-variable","19":"add-to-wishlist-before_image"},"exclude_global_add_ons":[],"addons":[],"acf":[],"_links":{"self":[{"href":"https:\/\/shop.kustom.ch\/it\/wp-json\/wp\/v2\/product\/702789"}],"collection":[{"href":"https:\/\/shop.kustom.ch\/it\/wp-json\/wp\/v2\/product"}],"about":[{"href":"https:\/\/shop.kustom.ch\/it\/wp-json\/wp\/v2\/types\/product"}],"wp:featuredmedia":[{"embeddable":true,"href":"https:\/\/shop.kustom.ch\/it\/wp-json\/wp\/v2\/media\/702818"}],"wp:attachment":[{"href":"https:\/\/shop.kustom.ch\/it\/wp-json\/wp\/v2\/media?parent=702789"}],"wp:term":[{"taxonomy":"product_brand","embeddable":true,"href":"https:\/\/shop.kustom.ch\/it\/wp-json\/wp\/v2\/product_brand?post=702789"},{"taxonomy":"product_cat","embeddable":true,"href":"https:\/\/shop.kustom.ch\/it\/wp-json\/wp\/v2\/product_cat?post=702789"},{"taxonomy":"product_tag","embeddable":true,"href":"https:\/\/shop.kustom.ch\/it\/wp-json\/wp\/v2\/product_tag?post=702789"}],"curies":[{"name":"wp","href":"https:\/\/api.w.org\/{rel}","templated":true}]}}