{"id":702701,"date":"2026-03-18T17:20:45","date_gmt":"2026-03-18T16:20:45","guid":{"rendered":"https:\/\/shop.kustom.ch\/?post_type=product&#038;p=702701"},"modified":"2026-03-27T13:25:47","modified_gmt":"2026-03-27T12:25:47","slug":"endur-light-wind-vest-w","status":"publish","type":"product","link":"https:\/\/shop.kustom.ch\/it\/prodotto\/endur-light-wind-vest-w\/","title":{"rendered":"Gilet antivento Endur Light W"},"content":{"rendered":"<p>L'Endure Light Wind Vest \u00e8 un gilet da ciclismo leggero, antivento e idrorepellente, ideale per le uscite fresche e ventose. <\/p>\n<p>Questo gilet da ciclismo tecnicamente avanzato, realizzato con materiali riciclati e altamente funzionali, \u00e8 dotato di un dorso in rete ventilato ed elasticizzato che garantisce un'ottima vestibilit\u00e0 e un'eccellente gestione del calore corporeo durante le corse pi\u00f9 intense. Inoltre, una coulisse elastica con grip in silicone sull'orlo inferiore assicura che il gilet rimanga al suo posto, mentre i dettagli riflettenti garantiscono una migliore visibilit\u00e0. Pu\u00f2 essere facilmente riposto in una tasca della maglia.<\/p>\n<p>- Materiale leggero e intrecciato realizzato con materiali riciclati ed elastan<br \/>\n- Materiale antivento e idrorepellente (rivestimento DWR)<br \/>\n- Materiale a rete sul retro<br \/>\n- Elastico con pinza in silicone sull'orlo inferiore<br \/>\n- Piccola tasca laterale con zip<br \/>\n- Elementi riflettenti<br \/>\n- Vestibilit\u00e0 stretta<\/p>","protected":false},"excerpt":{"rendered":"<p>Die Endure Light Wind Vest ist eine leichte, winddichte und wasserabweisende Fahrradweste, die sich hervorragend f\u00fcr k\u00fchle und windige Fahrten eignet. Diese technisch fortschrittliche Fahrradweste aus hochfunktionellen, recycelten Materialien verf\u00fcgt \u00fcber einen bel\u00fcfteten und elastischen Mesh-R\u00fccken, der eine hervorragende Passform und ein ausgezeichnetes K\u00f6rperw\u00e4rmemanagement bei intensiven Fahrten gew\u00e4hrleistet. Dar\u00fcber hinaus sorgt ein Gummizug mit Silikongriff [&hellip;]<\/p>\n","protected":false},"featured_media":702735,"template":"","meta":[],"product_brand":[],"product_cat":[4186],"product_tag":[],"class_list":{"0":"post-702701","1":"product","2":"type-product","3":"status-publish","4":"has-post-thumbnail","6":"product_cat-jacken","7":"pa_brand-craft","8":"pa_brand-type-sportswear","9":"pa_filter-color-blau","10":"pa_filter-color-schwarz","12":"first","13":"instock","14":"sale","15":"taxable","16":"shipping-taxable","17":"purchasable","18":"product-type-variable","19":"add-to-wishlist-before_image"},"exclude_global_add_ons":[],"addons":[],"acf":[],"_links":{"self":[{"href":"https:\/\/shop.kustom.ch\/it\/wp-json\/wp\/v2\/product\/702701"}],"collection":[{"href":"https:\/\/shop.kustom.ch\/it\/wp-json\/wp\/v2\/product"}],"about":[{"href":"https:\/\/shop.kustom.ch\/it\/wp-json\/wp\/v2\/types\/product"}],"wp:featuredmedia":[{"embeddable":true,"href":"https:\/\/shop.kustom.ch\/it\/wp-json\/wp\/v2\/media\/702735"}],"wp:attachment":[{"href":"https:\/\/shop.kustom.ch\/it\/wp-json\/wp\/v2\/media?parent=702701"}],"wp:term":[{"taxonomy":"product_brand","embeddable":true,"href":"https:\/\/shop.kustom.ch\/it\/wp-json\/wp\/v2\/product_brand?post=702701"},{"taxonomy":"product_cat","embeddable":true,"href":"https:\/\/shop.kustom.ch\/it\/wp-json\/wp\/v2\/product_cat?post=702701"},{"taxonomy":"product_tag","embeddable":true,"href":"https:\/\/shop.kustom.ch\/it\/wp-json\/wp\/v2\/product_tag?post=702701"}],"curies":[{"name":"wp","href":"https:\/\/api.w.org\/{rel}","templated":true}]}}