{"id":702671,"date":"2026-03-18T17:19:57","date_gmt":"2026-03-18T16:19:57","guid":{"rendered":"https:\/\/shop.kustom.ch\/?post_type=product&#038;p=702671"},"modified":"2026-03-27T13:25:26","modified_gmt":"2026-03-27T12:25:26","slug":"adv-essence-hotpants-3-w","status":"publish","type":"product","link":"https:\/\/shop.kustom.ch\/it\/prodotto\/adv-essence-hotpants-3-w\/","title":{"rendered":"ADV Essence Hotpants 3 W"},"content":{"rendered":"<p>Gli ADV Essence Hotpants 3 sono hotpants altamente funzionali, realizzati per tutti i tipi di allenamento, dalla corsa intensa alle lezioni di fitness e all'allenamento della forza. <\/p>\n<p>Questi versatili hot pants sono realizzati in un funzionale materiale jersey a base di poliammide ed elastan riciclati, che offre un'eccellente regolazione della temperatura corporea, un'elevata elasticit\u00e0 e un efficace recupero. Inoltre, gli hot pants sono dotati di un'ampia fascia in vita con coulisse regolabile per una vestibilit\u00e0 e un comfort ottimali. Due ampie tasche esterne sulle gambe offrono un pratico spazio per riporre il cellulare, le barrette energetiche e altri oggetti importanti.<\/p>\n<p>- Materiale elasticizzato realizzato in poliammide ed elastan riciclati<br \/>\n- Ampio elastico in vita con coulisse<br \/>\n- Due ampie tasche sulle gambe<br \/>\n- Vita media<\/p>","protected":false},"excerpt":{"rendered":"<p>Die ADV Essence Hotpants 3 sind hochfunktionelle Hotpants, die f\u00fcr alle m\u00f6glichen Workouts gemacht sind, von intensivem Laufen bis hin zu Fitnesskursen und Krafttraining. Diese vielseitigen Hotpants bestehen aus einem funktionellen Jersey-Material aus recyceltem Polyamid und Elasthan, das eine hervorragende Regulierung der K\u00f6rpertemperatur, hohe Elastizit\u00e4t und effizienten R\u00fcckzug bietet. Dar\u00fcber hinaus verf\u00fcgt die Hotpants \u00fcber [&hellip;]<\/p>\n","protected":false},"featured_media":702694,"template":"","meta":[],"product_brand":[],"product_cat":[4198],"product_tag":[],"class_list":{"0":"post-702671","1":"product","2":"type-product","3":"status-publish","4":"has-post-thumbnail","6":"product_cat-shorts","7":"pa_brand-craft","8":"pa_brand-type-sportswear","9":"pa_filter-color-blau","10":"pa_filter-color-grau","11":"pa_filter-color-schwarz","13":"first","14":"instock","15":"sale","16":"taxable","17":"shipping-taxable","18":"purchasable","19":"product-type-variable","20":"add-to-wishlist-before_image"},"exclude_global_add_ons":[],"addons":[],"acf":[],"_links":{"self":[{"href":"https:\/\/shop.kustom.ch\/it\/wp-json\/wp\/v2\/product\/702671"}],"collection":[{"href":"https:\/\/shop.kustom.ch\/it\/wp-json\/wp\/v2\/product"}],"about":[{"href":"https:\/\/shop.kustom.ch\/it\/wp-json\/wp\/v2\/types\/product"}],"wp:featuredmedia":[{"embeddable":true,"href":"https:\/\/shop.kustom.ch\/it\/wp-json\/wp\/v2\/media\/702694"}],"wp:attachment":[{"href":"https:\/\/shop.kustom.ch\/it\/wp-json\/wp\/v2\/media?parent=702671"}],"wp:term":[{"taxonomy":"product_brand","embeddable":true,"href":"https:\/\/shop.kustom.ch\/it\/wp-json\/wp\/v2\/product_brand?post=702671"},{"taxonomy":"product_cat","embeddable":true,"href":"https:\/\/shop.kustom.ch\/it\/wp-json\/wp\/v2\/product_cat?post=702671"},{"taxonomy":"product_tag","embeddable":true,"href":"https:\/\/shop.kustom.ch\/it\/wp-json\/wp\/v2\/product_tag?post=702671"}],"curies":[{"name":"wp","href":"https:\/\/api.w.org\/{rel}","templated":true}]}}