{"id":702625,"date":"2026-03-18T17:19:16","date_gmt":"2026-03-18T16:19:16","guid":{"rendered":"https:\/\/shop.kustom.ch\/?post_type=product&#038;p=702625"},"modified":"2026-03-27T13:25:23","modified_gmt":"2026-03-27T12:25:23","slug":"essence-capri-3-w","status":"publish","type":"product","link":"https:\/\/shop.kustom.ch\/it\/prodotto\/essence-capri-3-w\/","title":{"rendered":"Essence Capri 3 W"},"content":{"rendered":"<p>Gli ADV Essence Capri 3 sono pantaloni da allenamento altamente funzionali, lunghi fino al ginocchio, progettati per una variet\u00e0 di allenamenti, dalla corsa intensa all'allenamento della forza, fino agli esercizi di yoga mentale.<\/p>\n<p>Questi pantaloni versatili sono realizzati in un funzionale materiale jersey di poliammide ed elastan riciclati, che offre un'eccellente regolazione della temperatura corporea, un'elevata elasticit\u00e0 e un efficace recupero. Inoltre, i pantaloni sono dotati di un'ampia fascia in vita con coulisse regolabile per una vestibilit\u00e0 e un comfort ottimali. Due ampie tasche esterne sulle gambe offrono un pratico spazio per riporre smartphone, barrette energetiche e altri oggetti essenziali.<\/p>\n<p>- Materiale elasticizzato realizzato in poliammide ed elastan riciclati<br \/>\n- Ampio elastico in vita con coulisse<br \/>\n- Due ampie tasche sulle gambe<br \/>\n- Vita media<\/p>","protected":false},"excerpt":{"rendered":"<p>Die ADV Essence Capri 3 sind hochfunktionelle, knielange Trainingshosen, die f\u00fcr eine Vielzahl von Workouts entwickelt wurden, von intensivem Laufen und Krafttraining bis hin zu achtsamen Yoga\u00fcbungen. Diese vielseitigen Hosen bestehen aus einem funktionellen Jersey-Material aus recyceltem Polyamid und Elasthan, das eine hervorragende Regulierung der K\u00f6rpertemperatur, hohe Elastizit\u00e4t und effizienten R\u00fcckzug bietet. Dar\u00fcber hinaus verf\u00fcgt [&hellip;]<\/p>\n","protected":false},"featured_media":702675,"template":"","meta":[],"product_brand":[],"product_cat":[4190],"product_tag":[],"class_list":{"0":"post-702625","1":"product","2":"type-product","3":"status-publish","4":"has-post-thumbnail","6":"product_cat-leggings","7":"pa_brand-craft","8":"pa_brand-type-sportswear","9":"pa_filter-color-blau","10":"pa_filter-color-grau","11":"pa_filter-color-schwarz","13":"first","14":"instock","15":"sale","16":"taxable","17":"shipping-taxable","18":"purchasable","19":"product-type-variable","20":"add-to-wishlist-before_image"},"exclude_global_add_ons":[],"addons":[],"acf":[],"_links":{"self":[{"href":"https:\/\/shop.kustom.ch\/it\/wp-json\/wp\/v2\/product\/702625"}],"collection":[{"href":"https:\/\/shop.kustom.ch\/it\/wp-json\/wp\/v2\/product"}],"about":[{"href":"https:\/\/shop.kustom.ch\/it\/wp-json\/wp\/v2\/types\/product"}],"wp:featuredmedia":[{"embeddable":true,"href":"https:\/\/shop.kustom.ch\/it\/wp-json\/wp\/v2\/media\/702675"}],"wp:attachment":[{"href":"https:\/\/shop.kustom.ch\/it\/wp-json\/wp\/v2\/media?parent=702625"}],"wp:term":[{"taxonomy":"product_brand","embeddable":true,"href":"https:\/\/shop.kustom.ch\/it\/wp-json\/wp\/v2\/product_brand?post=702625"},{"taxonomy":"product_cat","embeddable":true,"href":"https:\/\/shop.kustom.ch\/it\/wp-json\/wp\/v2\/product_cat?post=702625"},{"taxonomy":"product_tag","embeddable":true,"href":"https:\/\/shop.kustom.ch\/it\/wp-json\/wp\/v2\/product_tag?post=702625"}],"curies":[{"name":"wp","href":"https:\/\/api.w.org\/{rel}","templated":true}]}}