{"id":702624,"date":"2026-03-18T17:19:16","date_gmt":"2026-03-18T16:19:16","guid":{"rendered":"https:\/\/shop.kustom.ch\/?post_type=product&#038;p=702624"},"modified":"2026-03-27T13:24:04","modified_gmt":"2026-03-27T12:24:04","slug":"hypervent-bucket-hat","status":"publish","type":"product","link":"https:\/\/shop.kustom.ch\/it\/prodotto\/hypervent-bucket-hat\/","title":{"rendered":"Cappello a secchiello Hypervent"},"content":{"rendered":"<p>Hypervent Bucket Hat \u00e8 un cappello a secchiello funzionale dal design classico che offre prestazioni e stile in egual misura. Realizzato in tessuto leggero e funzionale, questo fresco cappello a secchiello \u00e8 dotato di inserti in rete per una migliore ventilazione e di una fascia interna antisudore che allontana rapidamente il sudore dal viso. Inoltre, una coulisse elastica e regolabile sul retro mantiene il cappello in posizione in caso di vento.<\/p>\n<p>- Tessuto leggero e ad asciugatura rapida<br \/>\n- Pannelli laterali in rete traspirante con perforazioni<br \/>\n- Coulisse regolabile sul retro per una vestibilit\u00e0 sicura<br \/>\n- Taglio normale<\/p>","protected":false},"excerpt":{"rendered":"<p>Hypervent Bucket Hat ist ein funktionaler Bucket Hat mit klassischem Design, der Leistung und Stil gleichermassen bietet. Dieser coole Eimerhut aus leichtem und funktionalem Stoff hat Mesh-Eins\u00e4tze f\u00fcr bessere Bel\u00fcftung und ein Schweissband innen, das den Schweiss schnell vom Gesicht wegleitet. Zus\u00e4tzlich h\u00e4lt ein elastischer und verstellbarer Kordelzug am R\u00fccken den Hut bei windigen Bedingungen [&hellip;]<\/p>\n","protected":false},"featured_media":702670,"template":"","meta":[],"product_brand":[],"product_cat":[4177],"product_tag":[],"class_list":{"0":"post-702624","1":"product","2":"type-product","3":"status-publish","4":"has-post-thumbnail","6":"product_cat-caps-muetzen","7":"pa_brand-craft","8":"pa_brand-type-sportswear","9":"pa_filter-color-schwarz","11":"first","12":"instock","13":"sale","14":"taxable","15":"shipping-taxable","16":"purchasable","17":"product-type-variable","18":"add-to-wishlist-before_image"},"exclude_global_add_ons":[],"addons":[],"acf":[],"_links":{"self":[{"href":"https:\/\/shop.kustom.ch\/it\/wp-json\/wp\/v2\/product\/702624"}],"collection":[{"href":"https:\/\/shop.kustom.ch\/it\/wp-json\/wp\/v2\/product"}],"about":[{"href":"https:\/\/shop.kustom.ch\/it\/wp-json\/wp\/v2\/types\/product"}],"wp:featuredmedia":[{"embeddable":true,"href":"https:\/\/shop.kustom.ch\/it\/wp-json\/wp\/v2\/media\/702670"}],"wp:attachment":[{"href":"https:\/\/shop.kustom.ch\/it\/wp-json\/wp\/v2\/media?parent=702624"}],"wp:term":[{"taxonomy":"product_brand","embeddable":true,"href":"https:\/\/shop.kustom.ch\/it\/wp-json\/wp\/v2\/product_brand?post=702624"},{"taxonomy":"product_cat","embeddable":true,"href":"https:\/\/shop.kustom.ch\/it\/wp-json\/wp\/v2\/product_cat?post=702624"},{"taxonomy":"product_tag","embeddable":true,"href":"https:\/\/shop.kustom.ch\/it\/wp-json\/wp\/v2\/product_tag?post=702624"}],"curies":[{"name":"wp","href":"https:\/\/api.w.org\/{rel}","templated":true}]}}