{"id":702572,"date":"2026-03-18T17:18:41","date_gmt":"2026-03-18T16:18:41","guid":{"rendered":"https:\/\/shop.kustom.ch\/?post_type=product&#038;p=702572"},"modified":"2026-03-27T13:23:56","modified_gmt":"2026-03-27T12:23:56","slug":"endur-light-wind-jacket-m","status":"publish","type":"product","link":"https:\/\/shop.kustom.ch\/it\/prodotto\/endur-light-wind-jacket-m\/","title":{"rendered":"Giacca Endur Light Wind M"},"content":{"rendered":"<p>La Endure Light Wind Jacket \u00e8 una giacca da ciclismo leggera, antivento e idrorepellente, ideale per le uscite fresche e ventose. <\/p>\n<p>Questa giacca da ciclismo tecnicamente avanzata, realizzata con materiali riciclati e altamente funzionali, \u00e8 dotata di un dorso in rete ventilato ed elasticizzato che assicura un'ottima vestibilit\u00e0 e un'eccellente gestione della temperatura durante le corse pi\u00f9 intense. Inoltre, l'orlo inferiore elasticizzato mantiene la giacca in posizione, mentre i dettagli riflettenti assicurano una migliore visibilit\u00e0. Pu\u00f2 essere facilmente riposta in una tasca della maglia.<\/p>\n<p>- Materiale leggero e intrecciato realizzato con materiali riciclati ed elastan<br \/>\n- Materiale antivento e idrorepellente (rivestimento DWR)<br \/>\n- Materiale a rete sul retro<br \/>\n- Orlo inferiore elasticizzato<br \/>\n- Piccola tasca laterale con zip<br \/>\n- Elementi riflettenti<br \/>\n- Vestibilit\u00e0 stretta<\/p>","protected":false},"excerpt":{"rendered":"<p>Die Endure Light Wind Jacket ist eine leichte, winddichte und wasserabweisende Fahrradjacke, die sich hervorragend f\u00fcr k\u00fchle und windige Fahrten eignet. Diese technisch fortschrittliche Fahrradjacke aus hochfunktionellen, recycelten Materialien verf\u00fcgt \u00fcber einen bel\u00fcfteten und elastischen Mesh-R\u00fccken, der eine hervorragende Passform und ein ausgezeichnetes Temperaturmanagement w\u00e4hrend intensiver Fahrten gew\u00e4hrleistet. Dar\u00fcber hinaus h\u00e4lt ein Gummizug am unteren [&hellip;]<\/p>\n","protected":false},"featured_media":702621,"template":"","meta":[],"product_brand":[],"product_cat":[4186],"product_tag":[],"class_list":{"0":"post-702572","1":"product","2":"type-product","3":"status-publish","4":"has-post-thumbnail","6":"product_cat-jacken","7":"pa_brand-craft","8":"pa_brand-type-sportswear","9":"pa_filter-color-schwarz","10":"pa_filter-color-weiss","12":"first","13":"instock","14":"sale","15":"taxable","16":"shipping-taxable","17":"purchasable","18":"product-type-variable","19":"add-to-wishlist-before_image"},"exclude_global_add_ons":[],"addons":[],"acf":[],"_links":{"self":[{"href":"https:\/\/shop.kustom.ch\/it\/wp-json\/wp\/v2\/product\/702572"}],"collection":[{"href":"https:\/\/shop.kustom.ch\/it\/wp-json\/wp\/v2\/product"}],"about":[{"href":"https:\/\/shop.kustom.ch\/it\/wp-json\/wp\/v2\/types\/product"}],"wp:featuredmedia":[{"embeddable":true,"href":"https:\/\/shop.kustom.ch\/it\/wp-json\/wp\/v2\/media\/702621"}],"wp:attachment":[{"href":"https:\/\/shop.kustom.ch\/it\/wp-json\/wp\/v2\/media?parent=702572"}],"wp:term":[{"taxonomy":"product_brand","embeddable":true,"href":"https:\/\/shop.kustom.ch\/it\/wp-json\/wp\/v2\/product_brand?post=702572"},{"taxonomy":"product_cat","embeddable":true,"href":"https:\/\/shop.kustom.ch\/it\/wp-json\/wp\/v2\/product_cat?post=702572"},{"taxonomy":"product_tag","embeddable":true,"href":"https:\/\/shop.kustom.ch\/it\/wp-json\/wp\/v2\/product_tag?post=702572"}],"curies":[{"name":"wp","href":"https:\/\/api.w.org\/{rel}","templated":true}]}}