{"id":702421,"date":"2026-03-18T17:16:54","date_gmt":"2026-03-18T16:16:54","guid":{"rendered":"https:\/\/shop.kustom.ch\/?post_type=product&#038;p=702421"},"modified":"2026-03-27T13:22:18","modified_gmt":"2026-03-27T12:22:18","slug":"hypervent-oversized-wind-jacket-w","status":"publish","type":"product","link":"https:\/\/shop.kustom.ch\/it\/prodotto\/hypervent-oversized-wind-jacket-w\/","title":{"rendered":"Giacca a vento oversize Hypervent W"},"content":{"rendered":"<p>Hypervent Oversize Wind Jacket \u00e8 una giacca da allenamento leggera e resistente al vento con una vestibilit\u00e0 boxy oversize che unisce stile e prestazioni per gli allenamenti ad alta intensit\u00e0.<\/p>\n<p>Ispirata all'abbigliamento da corsa vintage, questa giacca oversize \u00e8 realizzata in poliammide riciclata che offre un'eccellente ventilazione e gestione dell'umidit\u00e0. Due tasche laterali con cerniera consentono di riporre in modo sicuro chiavi, barrette energetiche e altri oggetti essenziali, mentre due cordoncini regolabili sull'orlo inferiore permettono di personalizzare la vestibilit\u00e0. La giacca \u00e8 inoltre dotata di un cappuccio ripiegabile che si infila ordinatamente nel colletto. Progettata per la flessibilit\u00e0, si ripone completamente nella tasca sinistra, trasformandosi in una piccola borsa che pu\u00f2 essere facilmente indossata sul fianco per un rapido accesso in caso di tempo variabile.<\/p>\n<p>- Materiale antivento realizzato in poliammide riciclata 100 %<br \/>\n- Colletto interno con cappuccio e bottoni sul collo<br \/>\n- Due coulisse regolabili sull'orlo inferiore<br \/>\n- Due tasche laterali con zip<br \/>\n- Estremit\u00e0 delle maniche elasticizzate<br \/>\n- Pu\u00f2 essere riposto in tasca<br \/>\n- Taglio normale<\/p>","protected":false},"excerpt":{"rendered":"<p>Hypervent Oversize Wind Jacket ist eine leichte, windabweisende Trainingsjacke mit kastenf\u00f6rmiger Oversize-Passform, die Stil und Leistung f\u00fcr hochintensives Training kombiniert. Inspiriert von Vintage-Laufbekleidung ist diese Oversize-Jacke aus recyceltem Polyamid gefertigt, das hervorragende Bel\u00fcftung und Feuchtigkeitsmanagement bietet. Zwei seitliche Reissverschlusstaschen bieten sicheren Stauraum f\u00fcr Schl\u00fcssel, Energieriegel und andere wichtige Dinge, w\u00e4hrend zwei verstellbare Kordelz\u00fcge am unteren [&hellip;]<\/p>\n","protected":false},"featured_media":702477,"template":"","meta":[],"product_brand":[],"product_cat":[4186],"product_tag":[],"class_list":{"0":"post-702421","1":"product","2":"type-product","3":"status-publish","4":"has-post-thumbnail","6":"product_cat-jacken","7":"pa_brand-craft","8":"pa_brand-type-sportswear","9":"pa_filter-color-blau","10":"pa_filter-color-grau","11":"pa_filter-color-schwarz","13":"first","14":"instock","15":"sale","16":"taxable","17":"shipping-taxable","18":"purchasable","19":"product-type-variable","20":"add-to-wishlist-before_image"},"exclude_global_add_ons":[],"addons":[],"acf":[],"_links":{"self":[{"href":"https:\/\/shop.kustom.ch\/it\/wp-json\/wp\/v2\/product\/702421"}],"collection":[{"href":"https:\/\/shop.kustom.ch\/it\/wp-json\/wp\/v2\/product"}],"about":[{"href":"https:\/\/shop.kustom.ch\/it\/wp-json\/wp\/v2\/types\/product"}],"wp:featuredmedia":[{"embeddable":true,"href":"https:\/\/shop.kustom.ch\/it\/wp-json\/wp\/v2\/media\/702477"}],"wp:attachment":[{"href":"https:\/\/shop.kustom.ch\/it\/wp-json\/wp\/v2\/media?parent=702421"}],"wp:term":[{"taxonomy":"product_brand","embeddable":true,"href":"https:\/\/shop.kustom.ch\/it\/wp-json\/wp\/v2\/product_brand?post=702421"},{"taxonomy":"product_cat","embeddable":true,"href":"https:\/\/shop.kustom.ch\/it\/wp-json\/wp\/v2\/product_cat?post=702421"},{"taxonomy":"product_tag","embeddable":true,"href":"https:\/\/shop.kustom.ch\/it\/wp-json\/wp\/v2\/product_tag?post=702421"}],"curies":[{"name":"wp","href":"https:\/\/api.w.org\/{rel}","templated":true}]}}