{"id":702319,"date":"2026-03-18T17:15:42","date_gmt":"2026-03-18T16:15:42","guid":{"rendered":"https:\/\/shop.kustom.ch\/?post_type=product&#038;p=702319"},"modified":"2026-03-27T13:20:22","modified_gmt":"2026-03-27T12:20:22","slug":"essence-wind-jacket-2-w","status":"publish","type":"product","link":"https:\/\/shop.kustom.ch\/it\/prodotto\/essence-wind-jacket-2-w\/","title":{"rendered":"Giacca a vento Essence 2 W"},"content":{"rendered":"<p>ADV Essence Wind Jacket 2 \u00e8 una giacca antivento e idrorepellente progettata per la corsa, l'allenamento intensivo e attivit\u00e0 simili.<\/p>\n<p>Questa versatile giacca a vento \u00e8 realizzata in un tessuto leggero, idrorepellente e antivento, prodotto con materiali riciclati, e offre un efficiente trasporto dell'umidit\u00e0 durante le sessioni di allenamento intensive in condizioni di vento. Le perforazioni al centro della schiena, sotto le braccia e sulle spalle anteriori migliorano la ventilazione, mentre un cordoncino regolabile in vita consente una vestibilit\u00e0 femminile. Inoltre, una tasca sul petto con zip e due tasche laterali con zip offrono uno spazio sicuro per chiavi, barrette energetiche e altri oggetti essenziali.<\/p>\n<p>- Materiale ripstop antivento e idrorepellente realizzato in poliestere riciclato 100 %<br \/>\n- Perforazioni al centro della schiena, sotto le ascelle e sulle spalle anteriori<br \/>\n- Coulisse regolabile in vita e sull'orlo inferiore<br \/>\n- Estremit\u00e0 delle maniche elasticizzate<br \/>\n- Tasca sul petto con zip nascosta<br \/>\n- Due tasche laterali con zip<br \/>\n- Taglio normale<\/p>","protected":false},"excerpt":{"rendered":"<p>Die ADV Essence Wind Jacket 2 ist eine wind- und wasserabweisende Jacke, die f\u00fcr das Laufen, intensives Training und \u00e4hnliche Aktivit\u00e4ten entwickelt wurde. Diese vielseitige Windjacke besteht aus einem leichten, wind- und wasserabweisenden Material aus recycelten Materialien und bietet einen effizienten Feuchtigkeitstransport bei intensiven Trainingseinheiten unter windigen Bedingungen. Perforationen in der R\u00fcckenmitte, unter den Armen [&hellip;]<\/p>\n","protected":false},"featured_media":702337,"template":"","meta":[],"product_brand":[],"product_cat":[4186],"product_tag":[],"class_list":{"0":"post-702319","1":"product","2":"type-product","3":"status-publish","4":"has-post-thumbnail","6":"product_cat-jacken","7":"pa_brand-craft","8":"pa_brand-type-sportswear","9":"pa_filter-color-orange","10":"pa_filter-color-schwarz","11":"pa_filter-color-violet","12":"pa_filter-color-weiss","14":"first","15":"instock","16":"sale","17":"taxable","18":"shipping-taxable","19":"purchasable","20":"product-type-variable","21":"add-to-wishlist-before_image"},"exclude_global_add_ons":[],"addons":[],"acf":[],"_links":{"self":[{"href":"https:\/\/shop.kustom.ch\/it\/wp-json\/wp\/v2\/product\/702319"}],"collection":[{"href":"https:\/\/shop.kustom.ch\/it\/wp-json\/wp\/v2\/product"}],"about":[{"href":"https:\/\/shop.kustom.ch\/it\/wp-json\/wp\/v2\/types\/product"}],"wp:featuredmedia":[{"embeddable":true,"href":"https:\/\/shop.kustom.ch\/it\/wp-json\/wp\/v2\/media\/702337"}],"wp:attachment":[{"href":"https:\/\/shop.kustom.ch\/it\/wp-json\/wp\/v2\/media?parent=702319"}],"wp:term":[{"taxonomy":"product_brand","embeddable":true,"href":"https:\/\/shop.kustom.ch\/it\/wp-json\/wp\/v2\/product_brand?post=702319"},{"taxonomy":"product_cat","embeddable":true,"href":"https:\/\/shop.kustom.ch\/it\/wp-json\/wp\/v2\/product_cat?post=702319"},{"taxonomy":"product_tag","embeddable":true,"href":"https:\/\/shop.kustom.ch\/it\/wp-json\/wp\/v2\/product_tag?post=702319"}],"curies":[{"name":"wp","href":"https:\/\/api.w.org\/{rel}","templated":true}]}}