{"id":702181,"date":"2026-03-18T17:14:20","date_gmt":"2026-03-18T16:14:20","guid":{"rendered":"https:\/\/shop.kustom.ch\/?post_type=product&#038;p=702181"},"modified":"2026-03-27T13:19:19","modified_gmt":"2026-03-27T12:19:19","slug":"everyday-wind-jacket-w","status":"publish","type":"product","link":"https:\/\/shop.kustom.ch\/it\/prodotto\/everyday-wind-jacket-w\/","title":{"rendered":"Giacca a vento Everyday W"},"content":{"rendered":"<p>Everyday Wind Jacket \u00e8 una giacca da ciclismo idrorepellente e antivento progettata per gli spostamenti quotidiani verso il lavoro e per le uscite in condizioni di freddo e vento. <\/p>\n<p>Questa versatile giacca a vento \u00e8 caratterizzata da un materiale leggero in poliammide riciclata e offre un'eccellente protezione dal vento. Un inserto traforato nella parte superiore della schiena garantisce una maggiore traspirabilit\u00e0, mentre un cordoncino regolabile sull'orlo inferiore assicura una vestibilit\u00e0 perfetta. Facile da riporre nella tasca della maglia.<\/p>\n<p>- Materiale antivento e idrorepellente in poliammide ed elastan riciclato<br \/>\n- Tessuto traforato sulla parte superiore della schiena<br \/>\n- Estremit\u00e0 delle maniche elasticizzate per una vestibilit\u00e0 aderente al polso<br \/>\n- Due tasche posteriori (una con zip)<br \/>\n- Stampe e dettagli riflettenti<br \/>\n- Taglio normale<\/p>","protected":false},"excerpt":{"rendered":"<p>Everyday Wind Jacket ist eine wind- und wasserabweisende Fahrradjacke, die f\u00fcr den t\u00e4glichen Weg zur Arbeit und f\u00fcr Fahrten bei k\u00fchlen und windigen Bedingungen entwickelt wurde. Diese vielseitige Windjacke verf\u00fcgt \u00fcber ein leichtes Material aus recyceltem Polyamid und bietet hervorragenden Windschutz. Ein perforierter Einsatz am oberen R\u00fccken sorgt f\u00fcr verbesserte Atmungsaktivit\u00e4t, w\u00e4hrend ein verstellbarer Kordelzug [&hellip;]<\/p>\n","protected":false},"featured_media":702240,"template":"","meta":[],"product_brand":[],"product_cat":[4186],"product_tag":[],"class_list":{"0":"post-702181","1":"product","2":"type-product","3":"status-publish","4":"has-post-thumbnail","6":"product_cat-jacken","7":"pa_brand-craft","8":"pa_brand-type-sportswear","9":"pa_filter-color-braun","10":"pa_filter-color-schwarz","12":"first","13":"instock","14":"sale","15":"taxable","16":"shipping-taxable","17":"purchasable","18":"product-type-variable","19":"add-to-wishlist-before_image"},"exclude_global_add_ons":[],"addons":[],"acf":[],"_links":{"self":[{"href":"https:\/\/shop.kustom.ch\/it\/wp-json\/wp\/v2\/product\/702181"}],"collection":[{"href":"https:\/\/shop.kustom.ch\/it\/wp-json\/wp\/v2\/product"}],"about":[{"href":"https:\/\/shop.kustom.ch\/it\/wp-json\/wp\/v2\/types\/product"}],"wp:featuredmedia":[{"embeddable":true,"href":"https:\/\/shop.kustom.ch\/it\/wp-json\/wp\/v2\/media\/702240"}],"wp:attachment":[{"href":"https:\/\/shop.kustom.ch\/it\/wp-json\/wp\/v2\/media?parent=702181"}],"wp:term":[{"taxonomy":"product_brand","embeddable":true,"href":"https:\/\/shop.kustom.ch\/it\/wp-json\/wp\/v2\/product_brand?post=702181"},{"taxonomy":"product_cat","embeddable":true,"href":"https:\/\/shop.kustom.ch\/it\/wp-json\/wp\/v2\/product_cat?post=702181"},{"taxonomy":"product_tag","embeddable":true,"href":"https:\/\/shop.kustom.ch\/it\/wp-json\/wp\/v2\/product_tag?post=702181"}],"curies":[{"name":"wp","href":"https:\/\/api.w.org\/{rel}","templated":true}]}}