{"id":702179,"date":"2026-03-18T17:14:20","date_gmt":"2026-03-18T16:14:20","guid":{"rendered":"https:\/\/shop.kustom.ch\/?post_type=product&#038;p=702179"},"modified":"2026-03-27T13:19:13","modified_gmt":"2026-03-27T12:19:13","slug":"everyday-xt-ss-jersey-w","status":"publish","type":"product","link":"https:\/\/shop.kustom.ch\/it\/prodotto\/everyday-xt-ss-jersey-w\/","title":{"rendered":"Maglia Everyday XT SS W"},"content":{"rendered":"<p>Everyday XT SS Jersey \u00e8 una maglia da ciclismo elasticizzata e aderente per ciclisti MTB e gravel di tutti i tipi. <\/p>\n<p>Questa funzionale maglia da ciclismo \u00e8 caratterizzata da un tessuto a rete elastico e resistente in poliestere riciclato, che assicura un'ottima vestibilit\u00e0 e un'eccellente libert\u00e0 di movimento. Gli spacchi laterali aumentano la mobilit\u00e0, mentre la vestibilit\u00e0 rilassata assicura un elevato livello di comfort e un look casual e quotidiano.<\/p>\n<p>- Materiale a rete elastico e resistente realizzato in poliestere riciclato ed elastan<br \/>\n- Spacchi laterali<br \/>\n- Vestibilit\u00e0 rilassata<\/p>","protected":false},"excerpt":{"rendered":"<p>Everyday XT SS Jersey ist ein dehnbares, locker sitzendes Bike-Trikot f\u00fcr MTB- und Gravel-Radsportler aller Art. Dieses funktionelle Radtrikot verf\u00fcgt \u00fcber ein elastisches und strapazierf\u00e4higes Mesh-Gewebe aus recyceltem Polyester, das f\u00fcr eine tolle Passform und hervorragende Bewegungsfreiheit sorgt. Schlitze an den Seiten erh\u00f6hen die Beweglichkeit, w\u00e4hrend die entspannte Passform f\u00fcr hohen Komfort und einen l\u00e4ssigen, [&hellip;]<\/p>\n","protected":false},"featured_media":702219,"template":"","meta":[],"product_brand":[],"product_cat":[4201],"product_tag":[],"class_list":{"0":"post-702179","1":"product","2":"type-product","3":"status-publish","4":"has-post-thumbnail","6":"product_cat-t-shirts","7":"pa_brand-craft","8":"pa_brand-type-sportswear","9":"pa_filter-color-blau","10":"pa_filter-color-gruen","12":"first","13":"instock","14":"sale","15":"taxable","16":"shipping-taxable","17":"purchasable","18":"product-type-variable","19":"add-to-wishlist-before_image"},"exclude_global_add_ons":[],"addons":[],"acf":[],"_links":{"self":[{"href":"https:\/\/shop.kustom.ch\/it\/wp-json\/wp\/v2\/product\/702179"}],"collection":[{"href":"https:\/\/shop.kustom.ch\/it\/wp-json\/wp\/v2\/product"}],"about":[{"href":"https:\/\/shop.kustom.ch\/it\/wp-json\/wp\/v2\/types\/product"}],"wp:featuredmedia":[{"embeddable":true,"href":"https:\/\/shop.kustom.ch\/it\/wp-json\/wp\/v2\/media\/702219"}],"wp:attachment":[{"href":"https:\/\/shop.kustom.ch\/it\/wp-json\/wp\/v2\/media?parent=702179"}],"wp:term":[{"taxonomy":"product_brand","embeddable":true,"href":"https:\/\/shop.kustom.ch\/it\/wp-json\/wp\/v2\/product_brand?post=702179"},{"taxonomy":"product_cat","embeddable":true,"href":"https:\/\/shop.kustom.ch\/it\/wp-json\/wp\/v2\/product_cat?post=702179"},{"taxonomy":"product_tag","embeddable":true,"href":"https:\/\/shop.kustom.ch\/it\/wp-json\/wp\/v2\/product_tag?post=702179"}],"curies":[{"name":"wp","href":"https:\/\/api.w.org\/{rel}","templated":true}]}}