{"id":702177,"date":"2026-03-18T17:14:20","date_gmt":"2026-03-18T16:14:20","guid":{"rendered":"https:\/\/shop.kustom.ch\/?post_type=product&#038;p=702177"},"modified":"2026-03-27T13:19:08","modified_gmt":"2026-03-27T12:19:08","slug":"hypervent-longsleeve-m","status":"publish","type":"product","link":"https:\/\/shop.kustom.ch\/it\/prodotto\/hypervent-longsleeve-m\/","title":{"rendered":"Manica lunga Hypervent M"},"content":{"rendered":"<p>Hypervent Longsleeve \u00e8 una maglia da running altamente traspirante che mantiene freschi e asciutti durante gli allenamenti quotidiani pi\u00f9 intensi.<\/p>\n<p>Questo capo ad alte prestazioni \u00e8 realizzato in morbido tessuto jersey di poliestere riciclato 100% e offre un'eccezionale traspirazione e comfort. I dettagli traforati sulla schiena garantiscono una migliore ventilazione, mentre le estremit\u00e0 incollate riducono al minimo gli sfregamenti.<\/p>\n<p>- Tessuto jersey realizzato in poliestere riciclato 100 %<br \/>\n- Estremit\u00e0 nastrate<br \/>\n- Elementi traforati sul retro<br \/>\n- Logo riflettente sul davanti, sul retro e sui lati<br \/>\n- Taglio normale<\/p>","protected":false},"excerpt":{"rendered":"<p>Hypervent Longsleeve ist ein hoch atmungsaktives Lauftrikot, das dich bei intensivem Alltagstraining k\u00fchl und trocken h\u00e4lt. Dieses leistungsstarke Kleidungsst\u00fcck besteht aus einem weichen Jersey-Gewebe aus 100% recyceltem Polyester und bietet aussergew\u00f6hnlichen Feuchtigkeitstransport und Komfort. Die perforierten Details am R\u00fccken sorgen f\u00fcr bessere Bel\u00fcftung, w\u00e4hrend die geklebten Enden Scheuern minimieren. \u2022 Jersey-Stoff aus 100 % recyceltem [&hellip;]<\/p>\n","protected":false},"featured_media":702193,"template":"","meta":[],"product_brand":[],"product_cat":[4191],"product_tag":[],"class_list":{"0":"post-702177","1":"product","2":"type-product","3":"status-publish","4":"has-post-thumbnail","6":"product_cat-longsleeves-sweatshirts","7":"pa_brand-craft","8":"pa_brand-type-sportswear","9":"pa_filter-color-blau","10":"pa_filter-color-grau","11":"pa_filter-color-schwarz","13":"first","14":"instock","15":"sale","16":"taxable","17":"shipping-taxable","18":"purchasable","19":"product-type-variable","20":"add-to-wishlist-before_image"},"exclude_global_add_ons":[],"addons":[],"acf":[],"_links":{"self":[{"href":"https:\/\/shop.kustom.ch\/it\/wp-json\/wp\/v2\/product\/702177"}],"collection":[{"href":"https:\/\/shop.kustom.ch\/it\/wp-json\/wp\/v2\/product"}],"about":[{"href":"https:\/\/shop.kustom.ch\/it\/wp-json\/wp\/v2\/types\/product"}],"wp:featuredmedia":[{"embeddable":true,"href":"https:\/\/shop.kustom.ch\/it\/wp-json\/wp\/v2\/media\/702193"}],"wp:attachment":[{"href":"https:\/\/shop.kustom.ch\/it\/wp-json\/wp\/v2\/media?parent=702177"}],"wp:term":[{"taxonomy":"product_brand","embeddable":true,"href":"https:\/\/shop.kustom.ch\/it\/wp-json\/wp\/v2\/product_brand?post=702177"},{"taxonomy":"product_cat","embeddable":true,"href":"https:\/\/shop.kustom.ch\/it\/wp-json\/wp\/v2\/product_cat?post=702177"},{"taxonomy":"product_tag","embeddable":true,"href":"https:\/\/shop.kustom.ch\/it\/wp-json\/wp\/v2\/product_tag?post=702177"}],"curies":[{"name":"wp","href":"https:\/\/api.w.org\/{rel}","templated":true}]}}