{"id":702049,"date":"2026-03-18T17:12:47","date_gmt":"2026-03-18T16:12:47","guid":{"rendered":"https:\/\/shop.kustom.ch\/?post_type=product&#038;p=702049"},"modified":"2026-03-27T13:17:50","modified_gmt":"2026-03-27T12:17:50","slug":"endur-cargo-bib-shorts-c1-m","status":"publish","type":"product","link":"https:\/\/shop.kustom.ch\/it\/prodotto\/endur-cargo-bib-shorts-c1-m\/","title":{"rendered":"Pantaloncini Endur Cargo C1 M"},"content":{"rendered":"<p>Gli Endur Cargo Bib Shorts sono pantaloncini da ciclismo veramente funzionali, sviluppati per il ciclismo su ghiaia ad alte prestazioni. <\/p>\n<p>Questi innovativi pantaloncini da ciclismo per professionisti sono realizzati in un tessuto elasticizzato a 4 vie che offre un eccezionale controllo del corpo, durata e gestione dell'umidit\u00e0. Le fasce in rete garantiscono una migliore ventilazione e raffreddamento, mentre le pinze in silicone assicurano una vestibilit\u00e0 sicura anche durante le corse pi\u00f9 intense. Con due tasche sulle gambe e una tasca posteriore in rete per un ampio spazio di archiviazione, i pantaloncini da ciclismo offrono funzionalit\u00e0 e comfort. Inoltre, il nuovo e raffinato fondello C1 offre un comfort e un sostegno eccezionali, rendendolo il compagno perfetto per le corse su sterrato pi\u00f9 dure.<\/p>\n<p>Infinity C1 Pad - funzione e comfort eccezionali<br \/>\nIl fondello Infinity C1 offre funzionalit\u00e0 e comfort al top per prestazioni di alto livello. Grazie ai materiali pi\u00f9 pregiati e alle ultime innovazioni, tra cui le ali laterali curve e la coppa anteriore, il fondello offre un comfort eccezionale per i piloti pi\u00f9 esigenti. Il tessuto di superficie del fondello \u00e8 realizzato in esclusiva poliammide riciclata italiana e presenta un innovativo design a maglia che crea ampie aree aperte nelle celle che assorbono l'umidit\u00e0 e garantiscono un efficiente trasporto dell'umidit\u00e0. Inoltre, un tessuto di supporto perforato \u00e8 posizionato sul lato inferiore del fondello per ridurre l'attrito contro i pantaloncini. Questo aiuta il fondello a muoversi indipendentemente dai pantaloncini durante la pedalata e a seguire solo il movimento del corpo. Inoltre, il fondello \u00e8 dotato di una schiuma a base di olio di ricino, prodotto su base biologica.<\/p>\n<p>- Tessuto leggero, elasticizzato e resistente in poliammide ed elastan<br \/>\n- Tessuto a rete sul retro dei pantaloncini da ciclismo<br \/>\n- Due tasche sulle gambe (una in rete)<br \/>\n- Ampia tasca in rete sul retro per giacca, gilet, ecc.<br \/>\n- Polsini elasticizzati con stampa in silicone<br \/>\n- Infinity C1 Pad Uomo<\/p>","protected":false},"excerpt":{"rendered":"<p>Die Endur Cargo Bib Shorts sind echt funktionale Radhosen, die f\u00fcr leistungsstarkes Gravel-Cycling entwickelt wurden. Diese innovative Radlershorts f\u00fcr Profis besteht aus einem 4-Wege-Stretchgewebe, das aussergew\u00f6hnliche K\u00f6rperkontrolle, Haltbarkeit und Feuchtigkeitsmanagement bietet. Die Mesh-Tr\u00e4ger sorgen f\u00fcr bessere Bel\u00fcftung und K\u00fchlung, w\u00e4hrend Silikon-Gripper auch bei intensiven Fahrten f\u00fcr einen sicheren Sitz sorgen. Mit zwei Beintaschen und einer [&hellip;]<\/p>\n","protected":false},"featured_media":702100,"template":"","meta":[],"product_brand":[],"product_cat":[4198],"product_tag":[],"class_list":{"0":"post-702049","1":"product","2":"type-product","3":"status-publish","4":"has-post-thumbnail","6":"product_cat-shorts","7":"pa_brand-craft","8":"pa_brand-type-sportswear","9":"pa_filter-color-schwarz","11":"first","12":"instock","13":"sale","14":"taxable","15":"shipping-taxable","16":"purchasable","17":"product-type-variable","18":"add-to-wishlist-before_image"},"exclude_global_add_ons":[],"addons":[],"acf":[],"_links":{"self":[{"href":"https:\/\/shop.kustom.ch\/it\/wp-json\/wp\/v2\/product\/702049"}],"collection":[{"href":"https:\/\/shop.kustom.ch\/it\/wp-json\/wp\/v2\/product"}],"about":[{"href":"https:\/\/shop.kustom.ch\/it\/wp-json\/wp\/v2\/types\/product"}],"wp:featuredmedia":[{"embeddable":true,"href":"https:\/\/shop.kustom.ch\/it\/wp-json\/wp\/v2\/media\/702100"}],"wp:attachment":[{"href":"https:\/\/shop.kustom.ch\/it\/wp-json\/wp\/v2\/media?parent=702049"}],"wp:term":[{"taxonomy":"product_brand","embeddable":true,"href":"https:\/\/shop.kustom.ch\/it\/wp-json\/wp\/v2\/product_brand?post=702049"},{"taxonomy":"product_cat","embeddable":true,"href":"https:\/\/shop.kustom.ch\/it\/wp-json\/wp\/v2\/product_cat?post=702049"},{"taxonomy":"product_tag","embeddable":true,"href":"https:\/\/shop.kustom.ch\/it\/wp-json\/wp\/v2\/product_tag?post=702049"}],"curies":[{"name":"wp","href":"https:\/\/api.w.org\/{rel}","templated":true}]}}