{"id":702001,"date":"2026-03-18T17:12:10","date_gmt":"2026-03-18T16:12:10","guid":{"rendered":"https:\/\/shop.kustom.ch\/?post_type=product&#038;p=702001"},"modified":"2026-03-27T13:17:23","modified_gmt":"2026-03-27T12:17:23","slug":"hypervent-light-wind-jacket-m","status":"publish","type":"product","link":"https:\/\/shop.kustom.ch\/it\/prodotto\/hypervent-light-wind-jacket-m\/","title":{"rendered":"Giacca a vento Hypervent Light M"},"content":{"rendered":"<p>Hypervent Light Wind Jacket \u00e8 una giacca da allenamento leggera e versatile, pensata per la corsa ad alta intensit\u00e0 e simili.<\/p>\n<p>Il sottile materiale ripstop della giacca, realizzato in poliammide riciclata 100 %, \u00e8 antivento e idrorepellente e offre un'eccellente traspirabilit\u00e0 e controllo dell'umidit\u00e0. Le cuciture nastrate migliorano la protezione dal vento e diverse tasche con cerniera offrono spazio sicuro per chiavi, barrette energetiche e altri oggetti essenziali.<\/p>\n<p>- Materiale ripstop leggero, antivento e idrorepellente in poliammide riciclata 100 %<br \/>\n- Cuciture incollate<br \/>\n- Cappuccio con coulisse regolabile<br \/>\n- Due tasche laterali con zip<br \/>\n- Ampia tasca posteriore incollata con zip<br \/>\n- Orlo e maniche elasticizzate<br \/>\n- Taglio normale<\/p>","protected":false},"excerpt":{"rendered":"<p>Hypervent Light Wind Jacket ist eine leichte und vielseitige Trainingsjacke, die f\u00fcr hochintensives Laufen und \u00e4hnliches entwickelt wurde. Das d\u00fcnne Ripstop-Material der Jacke aus 100\u00a0% recyceltem Polyamid ist wind- und wasserabweisend und bietet hervorragende Atmungsaktivit\u00e4t und Feuchtigkeitskontrolle. Verklebte N\u00e4hte verbessern den Windschutz und mehrere Reissverschlusstaschen bieten sicheren Stauraum f\u00fcr Schl\u00fcssel, Energieriegel und andere wichtige Dinge. [&hellip;]<\/p>\n","protected":false},"featured_media":702046,"template":"","meta":[],"product_brand":[],"product_cat":[4186],"product_tag":[],"class_list":{"0":"post-702001","1":"product","2":"type-product","3":"status-publish","4":"has-post-thumbnail","6":"product_cat-jacken","7":"pa_brand-craft","8":"pa_brand-type-sportswear","9":"pa_filter-color-gelb","10":"pa_filter-color-weiss","12":"first","13":"instock","14":"sale","15":"taxable","16":"shipping-taxable","17":"purchasable","18":"product-type-variable","19":"add-to-wishlist-before_image"},"exclude_global_add_ons":[],"addons":[],"acf":[],"_links":{"self":[{"href":"https:\/\/shop.kustom.ch\/it\/wp-json\/wp\/v2\/product\/702001"}],"collection":[{"href":"https:\/\/shop.kustom.ch\/it\/wp-json\/wp\/v2\/product"}],"about":[{"href":"https:\/\/shop.kustom.ch\/it\/wp-json\/wp\/v2\/types\/product"}],"wp:featuredmedia":[{"embeddable":true,"href":"https:\/\/shop.kustom.ch\/it\/wp-json\/wp\/v2\/media\/702046"}],"wp:attachment":[{"href":"https:\/\/shop.kustom.ch\/it\/wp-json\/wp\/v2\/media?parent=702001"}],"wp:term":[{"taxonomy":"product_brand","embeddable":true,"href":"https:\/\/shop.kustom.ch\/it\/wp-json\/wp\/v2\/product_brand?post=702001"},{"taxonomy":"product_cat","embeddable":true,"href":"https:\/\/shop.kustom.ch\/it\/wp-json\/wp\/v2\/product_cat?post=702001"},{"taxonomy":"product_tag","embeddable":true,"href":"https:\/\/shop.kustom.ch\/it\/wp-json\/wp\/v2\/product_tag?post=702001"}],"curies":[{"name":"wp","href":"https:\/\/api.w.org\/{rel}","templated":true}]}}