{"id":701828,"date":"2026-03-18T17:09:57","date_gmt":"2026-03-18T16:09:57","guid":{"rendered":"https:\/\/shop.kustom.ch\/?post_type=product&#038;p=701828"},"modified":"2026-03-27T13:14:50","modified_gmt":"2026-03-27T12:14:50","slug":"ability-singlet-w","status":"publish","type":"product","link":"https:\/\/shop.kustom.ch\/it\/prodotto\/ability-singlet-w\/","title":{"rendered":"Canotta Ability W"},"content":{"rendered":"<p>L'Ability Singlet \u00e8 un indumento da allenamento ad alte prestazioni progettato specificamente per la ginnastica e il movimento dinamico. Realizzata in poliestere riciclato ed elastan, questa canotta offre un'eccezionale elasticit\u00e0 e traspirabilit\u00e0 per mantenervi freschi, asciutti e concentrati. I pannelli in rete strategicamente posizionati sulle spalle e le perforazioni tagliate al laser sulla schiena migliorano la ventilazione, rendendola un'ottima scelta per le attivit\u00e0 ad alta intensit\u00e0 in cui libert\u00e0 di movimento e traspirabilit\u00e0 sono fondamentali.<\/p>\n<p>- Materiale morbido ed elastico realizzato in poliestere riciclato ed elastan<br \/>\n- Rete sulle spalle<br \/>\n- Elementi traforati sul retro<br \/>\n- Cuciture laterali rivolte in avanti<br \/>\n- Taglio normale<\/p>\n<p>Materiale: tessuto principale: 91 % poliestere riciclato, 9 % elastan<br \/>\nInserti: 84 % poliestere riciclato, 6 % poliestere, 10 % elastan<\/p>","protected":false},"excerpt":{"rendered":"<p>Das Ability Singlet ist ein leistungsstarkes Trainingskleidungsst\u00fcck, das speziell f\u00fcr Gymnastik und dynamische Bewegungen entwickelt wurde. Dieses Unterhemd aus recyceltem Polyester und Elasthan bietet aussergew\u00f6hnliche Dehnbarkeit und Feuchtigkeitstransport, damit Sie k\u00fchl, trocken und konzentriert bleiben. Strategisch platzierte Mesh-Eins\u00e4tze an den Schultern und lasergeschnittene Perforationen am R\u00fccken verbessern die Bel\u00fcftung und machen es zu einer hervorragenden [&hellip;]<\/p>\n","protected":false},"featured_media":701870,"template":"","meta":[],"product_brand":[],"product_cat":[4202],"product_tag":[],"class_list":{"0":"post-701828","1":"product","2":"type-product","3":"status-publish","4":"has-post-thumbnail","6":"product_cat-tank-tops","7":"pa_brand-craft","8":"pa_brand-type-sportswear","9":"pa_filter-color-blau","10":"pa_filter-color-schwarz","11":"pa_filter-color-weiss","13":"first","14":"instock","15":"sale","16":"taxable","17":"shipping-taxable","18":"purchasable","19":"product-type-variable","20":"add-to-wishlist-before_image"},"exclude_global_add_ons":[],"addons":[],"acf":[],"_links":{"self":[{"href":"https:\/\/shop.kustom.ch\/it\/wp-json\/wp\/v2\/product\/701828"}],"collection":[{"href":"https:\/\/shop.kustom.ch\/it\/wp-json\/wp\/v2\/product"}],"about":[{"href":"https:\/\/shop.kustom.ch\/it\/wp-json\/wp\/v2\/types\/product"}],"wp:featuredmedia":[{"embeddable":true,"href":"https:\/\/shop.kustom.ch\/it\/wp-json\/wp\/v2\/media\/701870"}],"wp:attachment":[{"href":"https:\/\/shop.kustom.ch\/it\/wp-json\/wp\/v2\/media?parent=701828"}],"wp:term":[{"taxonomy":"product_brand","embeddable":true,"href":"https:\/\/shop.kustom.ch\/it\/wp-json\/wp\/v2\/product_brand?post=701828"},{"taxonomy":"product_cat","embeddable":true,"href":"https:\/\/shop.kustom.ch\/it\/wp-json\/wp\/v2\/product_cat?post=701828"},{"taxonomy":"product_tag","embeddable":true,"href":"https:\/\/shop.kustom.ch\/it\/wp-json\/wp\/v2\/product_tag?post=701828"}],"curies":[{"name":"wp","href":"https:\/\/api.w.org\/{rel}","templated":true}]}}