{"id":701762,"date":"2026-03-18T17:08:47","date_gmt":"2026-03-18T16:08:47","guid":{"rendered":"https:\/\/shop.kustom.ch\/?post_type=product&#038;p=701762"},"modified":"2026-03-27T13:14:29","modified_gmt":"2026-03-27T12:14:29","slug":"everyday-xt-ls-jersey-w","status":"publish","type":"product","link":"https:\/\/shop.kustom.ch\/it\/prodotto\/everyday-xt-ls-jersey-w\/","title":{"rendered":"Maglia Everyday XT LS W"},"content":{"rendered":"<p>Everyday XT LS Jersey \u00e8 una maglia a maniche lunghe elastica e aderente, pensata per i ciclisti MTB e gravel di tutti i tipi. <\/p>\n<p>La maglia da ciclismo a maniche lunghe \u00e8 caratterizzata da un materiale a rete elastico e resistente in poliestere riciclato, che garantisce un'ottima vestibilit\u00e0 e un'eccellente libert\u00e0 di movimento. I gomiti rinforzati migliorano la durata, mentre la vestibilit\u00e0 rilassata assicura un grande comfort e un look casual e quotidiano.<\/p>\n<p>- Materiale a rete elastico e resistente realizzato in poliestere riciclato ed elastan<br \/>\n- Gomiti rinforzati<br \/>\n- Spacchi laterali<br \/>\n- Vestibilit\u00e0 rilassata<\/p>","protected":false},"excerpt":{"rendered":"<p>Everyday XT LS Jersey ist ein dehnbares, locker sitzendes Langarm-Bike-Trikot, das f\u00fcr MTB- und Gravel-Radsportler aller Art entwickelt wurde. Das lang\u00e4rmelige Radtrikot verf\u00fcgt \u00fcber ein elastisches und strapazierf\u00e4higes Mesh-Material aus recyceltem Polyester, das f\u00fcr eine tolle Passform und hervorragende Bewegungsfreiheit sorgt. Verst\u00e4rkte Ellbogen verbessern die Haltbarkeit, w\u00e4hrend die entspannte Passform f\u00fcr grossen Komfort und einen [&hellip;]<\/p>\n","protected":false},"featured_media":701814,"template":"","meta":[],"product_brand":[],"product_cat":[4191],"product_tag":[],"class_list":{"0":"post-701762","1":"product","2":"type-product","3":"status-publish","4":"has-post-thumbnail","6":"product_cat-longsleeves-sweatshirts","7":"pa_brand-craft","8":"pa_brand-type-sportswear","9":"pa_filter-color-grau","10":"pa_filter-color-gruen","12":"first","13":"instock","14":"sale","15":"taxable","16":"shipping-taxable","17":"purchasable","18":"product-type-variable","19":"add-to-wishlist-before_image"},"exclude_global_add_ons":[],"addons":[],"acf":[],"_links":{"self":[{"href":"https:\/\/shop.kustom.ch\/it\/wp-json\/wp\/v2\/product\/701762"}],"collection":[{"href":"https:\/\/shop.kustom.ch\/it\/wp-json\/wp\/v2\/product"}],"about":[{"href":"https:\/\/shop.kustom.ch\/it\/wp-json\/wp\/v2\/types\/product"}],"wp:featuredmedia":[{"embeddable":true,"href":"https:\/\/shop.kustom.ch\/it\/wp-json\/wp\/v2\/media\/701814"}],"wp:attachment":[{"href":"https:\/\/shop.kustom.ch\/it\/wp-json\/wp\/v2\/media?parent=701762"}],"wp:term":[{"taxonomy":"product_brand","embeddable":true,"href":"https:\/\/shop.kustom.ch\/it\/wp-json\/wp\/v2\/product_brand?post=701762"},{"taxonomy":"product_cat","embeddable":true,"href":"https:\/\/shop.kustom.ch\/it\/wp-json\/wp\/v2\/product_cat?post=701762"},{"taxonomy":"product_tag","embeddable":true,"href":"https:\/\/shop.kustom.ch\/it\/wp-json\/wp\/v2\/product_tag?post=701762"}],"curies":[{"name":"wp","href":"https:\/\/api.w.org\/{rel}","templated":true}]}}