{"id":697221,"date":"2026-03-17T15:12:26","date_gmt":"2026-03-17T14:12:26","guid":{"rendered":"https:\/\/shop.kustom.ch\/?post_type=product&#038;p=697221"},"modified":"2026-03-31T08:48:30","modified_gmt":"2026-03-31T07:48:30","slug":"damen-flanellhemd-2","status":"publish","type":"product","link":"https:\/\/shop.kustom.ch\/it\/prodotto\/damen-flanellhemd-2\/","title":{"rendered":"Camicia di flanella da donna"},"content":{"rendered":"<p>Una camicia di flanella semplice ed elegante con un taglio femminile. La camicia a maniche lunghe \u00e8 realizzata in morbida flanella e ha una vestibilit\u00e0 ampia per un maggiore comfort. Pu\u00f2 essere indossata sia a casa che al lavoro.<\/p>\n<p>100% Flanella di cotone, spazzolato su un lato, 180 g\/m\u00b2<\/p>","protected":false},"excerpt":{"rendered":"<p>Ein bodenst\u00e4ndiges und stylisches Flanellhemd mit Damenschnitt. Das Langarmshirt besteht aus weichem Flanell und hat eine ger\u00e4umige Passform f\u00fcr zus\u00e4tzlichen Komfort. Kann sowohl privat als auch am Arbeitsplatz getragen werden. 100% Baumwoll Flanell, einseitig aufgeb\u00fcrstet, 180 g\/m\u00b2<\/p>","protected":false},"featured_media":695501,"template":"","meta":[],"product_brand":[],"product_cat":[9874],"product_tag":[],"class_list":{"0":"post-697221","1":"product","2":"type-product","3":"status-publish","4":"has-post-thumbnail","6":"product_cat-hemden","7":"pa_brand-blaklaeder","8":"pa_brand-type-workwear","9":"pa_filter-color-rot","10":"pa_filter-color-schwarz","12":"first","13":"instock","14":"sale","15":"taxable","16":"shipping-taxable","17":"purchasable","18":"product-type-variable","19":"add-to-wishlist-before_image"},"exclude_global_add_ons":[],"addons":[],"acf":[],"_links":{"self":[{"href":"https:\/\/shop.kustom.ch\/it\/wp-json\/wp\/v2\/product\/697221"}],"collection":[{"href":"https:\/\/shop.kustom.ch\/it\/wp-json\/wp\/v2\/product"}],"about":[{"href":"https:\/\/shop.kustom.ch\/it\/wp-json\/wp\/v2\/types\/product"}],"wp:featuredmedia":[{"embeddable":true,"href":"https:\/\/shop.kustom.ch\/it\/wp-json\/wp\/v2\/media\/695501"}],"wp:attachment":[{"href":"https:\/\/shop.kustom.ch\/it\/wp-json\/wp\/v2\/media?parent=697221"}],"wp:term":[{"taxonomy":"product_brand","embeddable":true,"href":"https:\/\/shop.kustom.ch\/it\/wp-json\/wp\/v2\/product_brand?post=697221"},{"taxonomy":"product_cat","embeddable":true,"href":"https:\/\/shop.kustom.ch\/it\/wp-json\/wp\/v2\/product_cat?post=697221"},{"taxonomy":"product_tag","embeddable":true,"href":"https:\/\/shop.kustom.ch\/it\/wp-json\/wp\/v2\/product_tag?post=697221"}],"curies":[{"name":"wp","href":"https:\/\/api.w.org\/{rel}","templated":true}]}}