{"id":696884,"date":"2026-03-16T16:32:19","date_gmt":"2026-03-16T15:32:19","guid":{"rendered":"https:\/\/shop.kustom.ch\/?post_type=product&#038;p=696884"},"modified":"2026-03-31T09:13:32","modified_gmt":"2026-03-31T08:13:32","slug":"damen-unterwaesche-set-light","status":"publish","type":"product","link":"https:\/\/shop.kustom.ch\/it\/prodotto\/damen-unterwaesche-set-light\/","title":{"rendered":"Set di biancheria intima da donna Light"},"content":{"rendered":"<p>Il set di biancheria intima Light allontana efficacemente l'umidit\u00e0 dalla pelle. I pantaloni hanno un elastico in vita ed entrambi i capi sono realizzati in poliestere, che \u00e8 morbido sulla pelle e mantiene il corpo caldo e asciutto durante tutti i tipi di attivit\u00e0 fisica. Il tessuto forma un'intercapedine d'aria tra il corpo e l'indumento, aumentando l'isolamento.<\/p>\n<p>100 poliestere %, maglia a coste, regolazione dell'umidit\u00e0, 170 g\/m\u00b2<\/p>","protected":false},"excerpt":{"rendered":"<p>Das Unterw\u00e4sche Set Light transportiert Feuchtigkeit effektiv von der Haut weg. Die Hose hat einen elastischen Bund und beide Kleidungsst\u00fccke bestehen aus Polyester, das weich auf der Haut liegt und den K\u00f6rper bei allen Arten von k\u00f6rperlicher Aktivit\u00e4t warm und trocken h\u00e4lt . Der Stoff bildet einen Luftraum zwischen dem K\u00f6rper und dem Kleidungsst\u00fcck was [&hellip;]<\/p>\n","protected":false},"featured_media":696899,"template":"","meta":[],"product_brand":[],"product_cat":[4206],"product_tag":[],"class_list":{"0":"post-696884","1":"product","2":"type-product","3":"status-publish","4":"has-post-thumbnail","6":"product_cat-underwear","7":"pa_brand-blaklaeder","8":"pa_brand-type-workwear","9":"pa_filter-color-blau","10":"pa_filter-color-schwarz","12":"first","13":"instock","14":"sale","15":"taxable","16":"shipping-taxable","17":"purchasable","18":"product-type-variable","19":"add-to-wishlist-before_image"},"exclude_global_add_ons":[],"addons":[],"acf":[],"_links":{"self":[{"href":"https:\/\/shop.kustom.ch\/it\/wp-json\/wp\/v2\/product\/696884"}],"collection":[{"href":"https:\/\/shop.kustom.ch\/it\/wp-json\/wp\/v2\/product"}],"about":[{"href":"https:\/\/shop.kustom.ch\/it\/wp-json\/wp\/v2\/types\/product"}],"wp:featuredmedia":[{"embeddable":true,"href":"https:\/\/shop.kustom.ch\/it\/wp-json\/wp\/v2\/media\/696899"}],"wp:attachment":[{"href":"https:\/\/shop.kustom.ch\/it\/wp-json\/wp\/v2\/media?parent=696884"}],"wp:term":[{"taxonomy":"product_brand","embeddable":true,"href":"https:\/\/shop.kustom.ch\/it\/wp-json\/wp\/v2\/product_brand?post=696884"},{"taxonomy":"product_cat","embeddable":true,"href":"https:\/\/shop.kustom.ch\/it\/wp-json\/wp\/v2\/product_cat?post=696884"},{"taxonomy":"product_tag","embeddable":true,"href":"https:\/\/shop.kustom.ch\/it\/wp-json\/wp\/v2\/product_tag?post=696884"}],"curies":[{"name":"wp","href":"https:\/\/api.w.org\/{rel}","templated":true}]}}