{"id":696784,"date":"2026-03-16T16:29:41","date_gmt":"2026-03-16T15:29:41","guid":{"rendered":"https:\/\/shop.kustom.ch\/?post_type=product&#038;p=696784"},"modified":"2026-03-31T09:08:53","modified_gmt":"2026-03-31T08:08:53","slug":"unterwaesche-set-light","status":"publish","type":"product","link":"https:\/\/shop.kustom.ch\/it\/prodotto\/unterwaesche-set-light\/","title":{"rendered":"Set di biancheria intima LIGHT"},"content":{"rendered":"<p>Il baselayer LIGHT allontana efficacemente l'umidit\u00e0 dalla pelle. Il top e i pantaloni lunghi sono realizzati in poliestere morbido e confortevole, che mantiene il corpo caldo, asciutto e accogliente durante qualsiasi attivit\u00e0 fisica. Il tessuto a maglia a canali crea uno spazio d'aria tra il corpo e l'abbigliamento, garantendo un maggiore isolamento termico. Da utilizzare in tutte le stagioni, da +10\u00b0C a -10\u00b0C, quando \u00e8 richiesta una traspirazione funzionale sulla pelle.<\/p>\n<p>100 poliestere %, maglia a coste, regolazione dell'umidit\u00e0, 170 g\/m\u00b2<\/p>","protected":false},"excerpt":{"rendered":"<p>Das Baselayer LIGHT leitet Feuchtigkeit effektiv von der Haut weg. Oberteil und lange Unterhose bestehen aus Polyester mit weichem Tragekomfort, das den K\u00f6rper bei jeder k\u00f6rperlichen Aktivit\u00e4t warm, trocken und behaglich h\u00e4lt. Das Kanalstrick-Gewebe schafft einen Luftraum zwischen K\u00f6rper und Kleidung, der f\u00fcr h\u00f6here W\u00e4rmeisolierung sorgt. Einsatz zu jeder Jahreszeit, +10\u00b0C bis -10\u00b0C, wann immer [&hellip;]<\/p>\n","protected":false},"featured_media":696786,"template":"","meta":[],"product_brand":[],"product_cat":[4206],"product_tag":[],"class_list":{"0":"post-696784","1":"product","2":"type-product","3":"status-publish","4":"has-post-thumbnail","6":"product_cat-underwear","7":"pa_brand-blaklaeder","8":"pa_brand-type-workwear","9":"pa_filter-color-blau","10":"pa_filter-color-schwarz","12":"first","13":"instock","14":"sale","15":"taxable","16":"shipping-taxable","17":"purchasable","18":"product-type-variable","19":"add-to-wishlist-before_image"},"exclude_global_add_ons":[],"addons":[],"acf":[],"_links":{"self":[{"href":"https:\/\/shop.kustom.ch\/it\/wp-json\/wp\/v2\/product\/696784"}],"collection":[{"href":"https:\/\/shop.kustom.ch\/it\/wp-json\/wp\/v2\/product"}],"about":[{"href":"https:\/\/shop.kustom.ch\/it\/wp-json\/wp\/v2\/types\/product"}],"wp:featuredmedia":[{"embeddable":true,"href":"https:\/\/shop.kustom.ch\/it\/wp-json\/wp\/v2\/media\/696786"}],"wp:attachment":[{"href":"https:\/\/shop.kustom.ch\/it\/wp-json\/wp\/v2\/media?parent=696784"}],"wp:term":[{"taxonomy":"product_brand","embeddable":true,"href":"https:\/\/shop.kustom.ch\/it\/wp-json\/wp\/v2\/product_brand?post=696784"},{"taxonomy":"product_cat","embeddable":true,"href":"https:\/\/shop.kustom.ch\/it\/wp-json\/wp\/v2\/product_cat?post=696784"},{"taxonomy":"product_tag","embeddable":true,"href":"https:\/\/shop.kustom.ch\/it\/wp-json\/wp\/v2\/product_tag?post=696784"}],"curies":[{"name":"wp","href":"https:\/\/api.w.org\/{rel}","templated":true}]}}