{"id":696682,"date":"2026-03-16T16:27:25","date_gmt":"2026-03-16T15:27:25","guid":{"rendered":"https:\/\/shop.kustom.ch\/?post_type=product&#038;p=696682"},"modified":"2026-03-31T09:04:04","modified_gmt":"2026-03-31T08:04:04","slug":"unterhemd-xlight-100-merino","status":"publish","type":"product","link":"https:\/\/shop.kustom.ch\/it\/prodotto\/unterhemd-xlight-100-merino\/","title":{"rendered":"Gilet XLIGHT, 100% Merino"},"content":{"rendered":"<p>Gilet sottile e leggero in lana merino 100% che mantiene caldi e asciutti tutto l'anno. Il materiale \u00e8 realizzato in lana merino ultrasottile, che garantisce un buon isolamento, un eccellente trasporto dell'umidit\u00e0 e la regolazione della temperatura. Temperatura consigliata da +10\u00b0C a -10\u00b0C.<\/p>\n<p>100% Lana merino, jersey singolo, 160 g\/m\u00b2<\/p>","protected":false},"excerpt":{"rendered":"<p>D\u00fcnnes und leichtes Unterhemd aus 100% Merinowolle, das das ganze Jahr warm und trocken h\u00e4lt. Das Material besteht aus extra d\u00fcnner Merinowolle, die gute Isolation, exzellenten Feuchtigkeitstransport und Temperaturregulation bietet. Empfohlene Temperatur +10\u00b0C bis -10\u00b0C. 100% Merinowolle, Single Jersey, 160 g\/m\u00b2<\/p>","protected":false},"featured_media":696692,"template":"","meta":[],"product_brand":[],"product_cat":[4206],"product_tag":[],"class_list":{"0":"post-696682","1":"product","2":"type-product","3":"status-publish","4":"has-post-thumbnail","6":"product_cat-underwear","7":"pa_brand-blaklaeder","8":"pa_brand-type-workwear","9":"pa_filter-color-gelb","10":"pa_filter-color-grau","12":"first","13":"instock","14":"sale","15":"taxable","16":"shipping-taxable","17":"purchasable","18":"product-type-variable","19":"add-to-wishlist-before_image"},"exclude_global_add_ons":[],"addons":[],"acf":[],"_links":{"self":[{"href":"https:\/\/shop.kustom.ch\/it\/wp-json\/wp\/v2\/product\/696682"}],"collection":[{"href":"https:\/\/shop.kustom.ch\/it\/wp-json\/wp\/v2\/product"}],"about":[{"href":"https:\/\/shop.kustom.ch\/it\/wp-json\/wp\/v2\/types\/product"}],"wp:featuredmedia":[{"embeddable":true,"href":"https:\/\/shop.kustom.ch\/it\/wp-json\/wp\/v2\/media\/696692"}],"wp:attachment":[{"href":"https:\/\/shop.kustom.ch\/it\/wp-json\/wp\/v2\/media?parent=696682"}],"wp:term":[{"taxonomy":"product_brand","embeddable":true,"href":"https:\/\/shop.kustom.ch\/it\/wp-json\/wp\/v2\/product_brand?post=696682"},{"taxonomy":"product_cat","embeddable":true,"href":"https:\/\/shop.kustom.ch\/it\/wp-json\/wp\/v2\/product_cat?post=696682"},{"taxonomy":"product_tag","embeddable":true,"href":"https:\/\/shop.kustom.ch\/it\/wp-json\/wp\/v2\/product_tag?post=696682"}],"curies":[{"name":"wp","href":"https:\/\/api.w.org\/{rel}","templated":true}]}}