{"id":696553,"date":"2026-03-16T16:25:31","date_gmt":"2026-03-16T15:25:31","guid":{"rendered":"https:\/\/shop.kustom.ch\/?post_type=product&#038;p=696553"},"modified":"2026-03-31T09:02:15","modified_gmt":"2026-03-31T08:02:15","slug":"damen-jacke-warm-gefuettert","status":"publish","type":"product","link":"https:\/\/shop.kustom.ch\/it\/prodotto\/damen-jacke-warm-gefuettert\/","title":{"rendered":"Giacca da donna con fodera calda"},"content":{"rendered":"<p>Una giacca trapuntata dal taglio femminile, perfetta come secondo strato o da sola contro il freddo, il vento e il bagnato. Presenta buone aree non trapuntate per la profilatura aziendale. Disponibile anche come modello 4710 da uomo.<\/p>\n<p>100% poliammide, ratiera, idrorepellente, 52 g\/m\u00b2<\/p>","protected":false},"excerpt":{"rendered":"<p>Eine gesteppte Jacke im Damenschnitt, die sich perfekt als zweite Schicht oder auch allein gegen K\u00e4lte, Wind und N\u00e4sse eignet. Sie hat gute ungesteppte Bereiche f\u00fcr die Unternehmensprofilierung. Auch als Herrenmodell 4710 erh\u00e4ltlich. 100% Polyamid, Dobby, wasserabweisend, 52 g\/m\u00b2<\/p>","protected":false},"featured_media":696590,"template":"","meta":[],"product_brand":[],"product_cat":[4186],"product_tag":[],"class_list":{"0":"post-696553","1":"product","2":"type-product","3":"status-publish","4":"has-post-thumbnail","6":"product_cat-jacken","7":"pa_brand-blaklaeder","8":"pa_brand-type-workwear","9":"pa_filter-color-blau","10":"pa_filter-color-grau","11":"pa_filter-color-rot","12":"pa_filter-color-schwarz","14":"first","15":"instock","16":"sale","17":"taxable","18":"shipping-taxable","19":"purchasable","20":"product-type-variable","21":"add-to-wishlist-before_image"},"exclude_global_add_ons":[],"addons":[],"acf":[],"_links":{"self":[{"href":"https:\/\/shop.kustom.ch\/it\/wp-json\/wp\/v2\/product\/696553"}],"collection":[{"href":"https:\/\/shop.kustom.ch\/it\/wp-json\/wp\/v2\/product"}],"about":[{"href":"https:\/\/shop.kustom.ch\/it\/wp-json\/wp\/v2\/types\/product"}],"wp:featuredmedia":[{"embeddable":true,"href":"https:\/\/shop.kustom.ch\/it\/wp-json\/wp\/v2\/media\/696590"}],"wp:attachment":[{"href":"https:\/\/shop.kustom.ch\/it\/wp-json\/wp\/v2\/media?parent=696553"}],"wp:term":[{"taxonomy":"product_brand","embeddable":true,"href":"https:\/\/shop.kustom.ch\/it\/wp-json\/wp\/v2\/product_brand?post=696553"},{"taxonomy":"product_cat","embeddable":true,"href":"https:\/\/shop.kustom.ch\/it\/wp-json\/wp\/v2\/product_cat?post=696553"},{"taxonomy":"product_tag","embeddable":true,"href":"https:\/\/shop.kustom.ch\/it\/wp-json\/wp\/v2\/product_tag?post=696553"}],"curies":[{"name":"wp","href":"https:\/\/api.w.org\/{rel}","templated":true}]}}