{"id":696373,"date":"2026-03-16T16:22:43","date_gmt":"2026-03-16T15:22:43","guid":{"rendered":"https:\/\/shop.kustom.ch\/?post_type=product&#038;p=696373"},"modified":"2026-03-31T08:59:45","modified_gmt":"2026-03-31T07:59:45","slug":"high-vis-regenmantel-level-3","status":"publish","type":"product","link":"https:\/\/shop.kustom.ch\/it\/prodotto\/high-vis-regenmantel-level-3\/","title":{"rendered":"Impermeabile ad alta visibilit\u00e0 Livello 3"},"content":{"rendered":"<p>Mackintosh in High Vis per tutti coloro che svolgono attivit\u00e0 lavorative che richiedono un abbigliamento antipioggia estremamente resistente. Il cappotto \u00e8 antivento e impermeabile con cuciture nastrate. \u00c8 dotato di un cappuccio staccabile e regolabile, di un colletto foderato in morbido pile e di tasche facilmente accessibili, nonch\u00e9 di una tasca staccabile per la carta d'identit\u00e0, di tasche anteriori con patta e bottoni a pressione e di una tasca Napoleone all'interno della patta antivento. Robusta cerniera bidirezionale nascosta che si estende fino al colletto e chiusura anteriore con bottoni a pressione e bottone antitempesta per tenere lontani i liquidi. Buona vestibilit\u00e0 con manica regolabile con chiusura in velcro e polsino interno in neoprene che trattiene il calore corporeo anche quando \u00e8 bagnato. Il cappotto \u00e8 dotato di un bordo antigoccia sull'orlo. Certificato secondo la norma EN 343, abbigliamento protettivo contro le intemperie e la norma EN ISO 20471, classe 3, abbigliamento protettivo ad alta visibilit\u00e0.<\/p>\n<p>Poliestere 100% (84% PVC\/16% PU), antivento e impermeabile, traspirante, 350 g\/m\u00b2.<\/p>","protected":false},"excerpt":{"rendered":"<p>Regenmantel in High Vis f\u00fcr all jene mit Arbeitsaufgaben, die extrem verschleissfeste Regenkleidung erfordern. Der Mantel ist wind- und wasserdicht mit verschweissten N\u00e4hten. Er hat eine abnehmbare und verstellbare Kapuze, einen weichen Fleece-gef\u00fctterten Kragen und leicht zug\u00e4ngliche Taschen, sowie eine abnehmbare Ausweistasche, Vordertaschen mit Patte und Druckkn\u00f6pfe und Napoleontasche innerhalb der Windleiste. Verdeckter robuster Zwei-Wege [&hellip;]<\/p>\n","protected":false},"featured_media":696410,"template":"","meta":[],"product_brand":[],"product_cat":[4186],"product_tag":[],"class_list":{"0":"post-696373","1":"product","2":"type-product","3":"status-publish","4":"has-post-thumbnail","6":"product_cat-jacken","7":"pa_brand-blaklaeder","8":"pa_brand-type-workwear","9":"pa_filter-color-blau","10":"pa_filter-color-gelb","11":"pa_filter-color-schwarz","13":"first","14":"instock","15":"sale","16":"taxable","17":"shipping-taxable","18":"purchasable","19":"product-type-variable","20":"add-to-wishlist-before_image"},"exclude_global_add_ons":[],"addons":[],"acf":[],"_links":{"self":[{"href":"https:\/\/shop.kustom.ch\/it\/wp-json\/wp\/v2\/product\/696373"}],"collection":[{"href":"https:\/\/shop.kustom.ch\/it\/wp-json\/wp\/v2\/product"}],"about":[{"href":"https:\/\/shop.kustom.ch\/it\/wp-json\/wp\/v2\/types\/product"}],"wp:featuredmedia":[{"embeddable":true,"href":"https:\/\/shop.kustom.ch\/it\/wp-json\/wp\/v2\/media\/696410"}],"wp:attachment":[{"href":"https:\/\/shop.kustom.ch\/it\/wp-json\/wp\/v2\/media?parent=696373"}],"wp:term":[{"taxonomy":"product_brand","embeddable":true,"href":"https:\/\/shop.kustom.ch\/it\/wp-json\/wp\/v2\/product_brand?post=696373"},{"taxonomy":"product_cat","embeddable":true,"href":"https:\/\/shop.kustom.ch\/it\/wp-json\/wp\/v2\/product_cat?post=696373"},{"taxonomy":"product_tag","embeddable":true,"href":"https:\/\/shop.kustom.ch\/it\/wp-json\/wp\/v2\/product_tag?post=696373"}],"curies":[{"name":"wp","href":"https:\/\/api.w.org\/{rel}","templated":true}]}}