{"id":696266,"date":"2026-03-16T16:21:15","date_gmt":"2026-03-16T15:21:15","guid":{"rendered":"https:\/\/shop.kustom.ch\/?post_type=product&#038;p=696266"},"modified":"2026-03-31T08:59:38","modified_gmt":"2026-03-31T07:59:38","slug":"high-vis-regenjacke-level-1","status":"publish","type":"product","link":"https:\/\/shop.kustom.ch\/it\/prodotto\/high-vis-regenjacke-level-1\/","title":{"rendered":"Giacca antipioggia ad alta visibilit\u00e0 Livello 1"},"content":{"rendered":"<p>Giacca antipioggia ad alta visibilit\u00e0 con retro esteso. Questa leggera giacca antipioggia offre un'elevata visibilit\u00e0 sul posto di lavoro quando il tempo umido e la scarsa visibilit\u00e0 rendono difficili le condizioni di lavoro. Il materiale \u00e8 robusto e durevole ma leggero, antivento e impermeabile con cuciture nastrate. La giacca \u00e8 dotata di schiena allungata, orlo regolabile, tasche anteriori facilmente accessibili con patta e polsini con chiusura a velcro. Certificata secondo la norma EN 343, abbigliamento protettivo contro le intemperie e la norma EN ISO 20471, classe 3, abbigliamento protettivo ad alta visibilit\u00e0.<\/p>\n<p>Poliestere 100%, rivestito in PU, antivento e impermeabile, 185g\/m\u00b2.<\/p>","protected":false},"excerpt":{"rendered":"<p>High Vis Regenjacke mit verl\u00e4ngertem R\u00fccken. Diese leichte Regenjacke bietet hohe Sichtbarkeit am Arbeitsplatz wenn nasses Wetter und schlechte Sichtbarkeit die Arbeitsbedingungen erschweren. Das Material ist fest und haltbar und dennoch leicht, wind- und wasserdicht mit verschweissten N\u00e4hten. Die jacke hat einen verl\u00e4ngerten R\u00fccken, einen einstellbaren Saum, leicht zug\u00e4ngliche Vordertaschen mit Patte und \u00c4rmelb\u00fcndchen mit [&hellip;]<\/p>\n","protected":false},"featured_media":696309,"template":"","meta":[],"product_brand":[],"product_cat":[4186],"product_tag":[],"class_list":{"0":"post-696266","1":"product","2":"type-product","3":"status-publish","4":"has-post-thumbnail","6":"product_cat-jacken","7":"pa_brand-blaklaeder","8":"pa_brand-type-workwear","9":"pa_filter-color-blau","10":"pa_filter-color-gelb","11":"pa_filter-color-orange","12":"pa_filter-color-schwarz","14":"first","15":"instock","16":"sale","17":"taxable","18":"shipping-taxable","19":"purchasable","20":"product-type-variable","21":"add-to-wishlist-before_image"},"exclude_global_add_ons":[],"addons":[],"acf":[],"_links":{"self":[{"href":"https:\/\/shop.kustom.ch\/it\/wp-json\/wp\/v2\/product\/696266"}],"collection":[{"href":"https:\/\/shop.kustom.ch\/it\/wp-json\/wp\/v2\/product"}],"about":[{"href":"https:\/\/shop.kustom.ch\/it\/wp-json\/wp\/v2\/types\/product"}],"wp:featuredmedia":[{"embeddable":true,"href":"https:\/\/shop.kustom.ch\/it\/wp-json\/wp\/v2\/media\/696309"}],"wp:attachment":[{"href":"https:\/\/shop.kustom.ch\/it\/wp-json\/wp\/v2\/media?parent=696266"}],"wp:term":[{"taxonomy":"product_brand","embeddable":true,"href":"https:\/\/shop.kustom.ch\/it\/wp-json\/wp\/v2\/product_brand?post=696266"},{"taxonomy":"product_cat","embeddable":true,"href":"https:\/\/shop.kustom.ch\/it\/wp-json\/wp\/v2\/product_cat?post=696266"},{"taxonomy":"product_tag","embeddable":true,"href":"https:\/\/shop.kustom.ch\/it\/wp-json\/wp\/v2\/product_tag?post=696266"}],"curies":[{"name":"wp","href":"https:\/\/api.w.org\/{rel}","templated":true}]}}