{"id":696229,"date":"2026-03-16T16:20:43","date_gmt":"2026-03-16T15:20:43","guid":{"rendered":"https:\/\/shop.kustom.ch\/?post_type=product&#038;p=696229"},"modified":"2026-03-31T08:59:11","modified_gmt":"2026-03-31T07:59:11","slug":"flammschutz-hosentraeger","status":"publish","type":"product","link":"https:\/\/shop.kustom.ch\/it\/prodotto\/flammschutz-hosentraeger\/","title":{"rendered":"Bretelle antifiamma"},"content":{"rendered":"<p>Bretelle larghe e ignifughe con cinghie resistenti e robuste clip in metallo. Facili da regolare per una vestibilit\u00e0 perfetta. Le bretelle sono testate secondo la norma EN ISO 11612 - protezione contro il calore e le fiamme.<\/p>\n<p>63 % modacrilico, 37 % elastan<\/p>","protected":false},"excerpt":{"rendered":"<p>Flammhemmende, breite Hosentr\u00e4ger mit strapazierf\u00e4higen B\u00e4ndern und robusten Metallclips. Einfach zu verstellen f\u00fcr eine perfekte Passform. Die Hosentr\u00e4ger sind nach EN ISO 11612 &#8211; Schutz vor Hitze und Flammen &#8211; gepr\u00fcft. 63 % Modacryl, 37 % Elastan<\/p>","protected":false},"featured_media":696230,"template":"","meta":[],"product_brand":[],"product_cat":[4209],"product_tag":[],"class_list":{"0":"post-696229","1":"product","2":"type-product","3":"status-publish","4":"has-post-thumbnail","6":"product_cat-zubehoer","7":"pa_brand-blaklaeder","8":"pa_brand-type-workwear","9":"pa_filter-color-schwarz","11":"first","12":"instock","13":"sale","14":"taxable","15":"shipping-taxable","16":"purchasable","17":"product-type-variable","18":"add-to-wishlist-before_image"},"exclude_global_add_ons":[],"addons":[],"acf":[],"_links":{"self":[{"href":"https:\/\/shop.kustom.ch\/it\/wp-json\/wp\/v2\/product\/696229"}],"collection":[{"href":"https:\/\/shop.kustom.ch\/it\/wp-json\/wp\/v2\/product"}],"about":[{"href":"https:\/\/shop.kustom.ch\/it\/wp-json\/wp\/v2\/types\/product"}],"wp:featuredmedia":[{"embeddable":true,"href":"https:\/\/shop.kustom.ch\/it\/wp-json\/wp\/v2\/media\/696230"}],"wp:attachment":[{"href":"https:\/\/shop.kustom.ch\/it\/wp-json\/wp\/v2\/media?parent=696229"}],"wp:term":[{"taxonomy":"product_brand","embeddable":true,"href":"https:\/\/shop.kustom.ch\/it\/wp-json\/wp\/v2\/product_brand?post=696229"},{"taxonomy":"product_cat","embeddable":true,"href":"https:\/\/shop.kustom.ch\/it\/wp-json\/wp\/v2\/product_cat?post=696229"},{"taxonomy":"product_tag","embeddable":true,"href":"https:\/\/shop.kustom.ch\/it\/wp-json\/wp\/v2\/product_tag?post=696229"}],"curies":[{"name":"wp","href":"https:\/\/api.w.org\/{rel}","templated":true}]}}