{"id":695937,"date":"2026-03-16T16:16:55","date_gmt":"2026-03-16T15:16:55","guid":{"rendered":"https:\/\/shop.kustom.ch\/?post_type=product&#038;p=695937"},"modified":"2026-03-31T08:55:04","modified_gmt":"2026-03-31T07:55:04","slug":"damen-langarmshirt-mit-high-vis","status":"publish","type":"product","link":"https:\/\/shop.kustom.ch\/it\/prodotto\/damen-langarmshirt-mit-high-vis\/","title":{"rendered":"Camicia da donna a maniche lunghe con alta visibilit\u00e0"},"content":{"rendered":"<p>Camicia in cotone a maniche lunghe con vestibilit\u00e0 femminile. Con sezioni gialle ad alta visibilit\u00e0 per una buona visibilit\u00e0, ideale per i settori in cui i catarifrangenti non sono ammessi nell'abbigliamento da lavoro. Disponibile anche nel taglio maschile 3520.<\/p>\n<p>100% Cotone, jersey, 180 g\/m\u00b2<\/p>","protected":false},"excerpt":{"rendered":"<p>Ein lang\u00e4rmeliges Baumwoll-Shirt in Damenpassform. Mit gelben High Vis Abschnitten f\u00fcr gute Sichtbarkeit, ideal f\u00fcr Branchen, in denen Reflektoren an der Arbeitskleidung nicht erlaubt sind. Auch im Herrenschnitt 3520 erh\u00e4ltlich. 100% Baumwolle, Jersey, 180 g\/m\u00b2<\/p>","protected":false},"featured_media":695938,"template":"","meta":[],"product_brand":[],"product_cat":[4201],"product_tag":[],"class_list":{"0":"post-695937","1":"product","2":"type-product","3":"status-publish","4":"has-post-thumbnail","6":"product_cat-t-shirts","7":"pa_brand-blaklaeder","8":"pa_brand-type-workwear","9":"pa_filter-color-blau","10":"pa_filter-color-gelb","12":"first","13":"instock","14":"sale","15":"taxable","16":"shipping-taxable","17":"purchasable","18":"product-type-variable","19":"add-to-wishlist-before_image"},"exclude_global_add_ons":[],"addons":[],"acf":[],"_links":{"self":[{"href":"https:\/\/shop.kustom.ch\/it\/wp-json\/wp\/v2\/product\/695937"}],"collection":[{"href":"https:\/\/shop.kustom.ch\/it\/wp-json\/wp\/v2\/product"}],"about":[{"href":"https:\/\/shop.kustom.ch\/it\/wp-json\/wp\/v2\/types\/product"}],"wp:featuredmedia":[{"embeddable":true,"href":"https:\/\/shop.kustom.ch\/it\/wp-json\/wp\/v2\/media\/695938"}],"wp:attachment":[{"href":"https:\/\/shop.kustom.ch\/it\/wp-json\/wp\/v2\/media?parent=695937"}],"wp:term":[{"taxonomy":"product_brand","embeddable":true,"href":"https:\/\/shop.kustom.ch\/it\/wp-json\/wp\/v2\/product_brand?post=695937"},{"taxonomy":"product_cat","embeddable":true,"href":"https:\/\/shop.kustom.ch\/it\/wp-json\/wp\/v2\/product_cat?post=695937"},{"taxonomy":"product_tag","embeddable":true,"href":"https:\/\/shop.kustom.ch\/it\/wp-json\/wp\/v2\/product_tag?post=695937"}],"curies":[{"name":"wp","href":"https:\/\/api.w.org\/{rel}","templated":true}]}}