{"id":695874,"date":"2026-03-16T16:15:57","date_gmt":"2026-03-16T15:15:57","guid":{"rendered":"https:\/\/shop.kustom.ch\/?post_type=product&#038;p=695874"},"modified":"2026-03-31T08:54:15","modified_gmt":"2026-03-31T07:54:15","slug":"multinorm-t-shirt","status":"publish","type":"product","link":"https:\/\/shop.kustom.ch\/it\/prodotto\/multinorm-t-shirt\/","title":{"rendered":"Maglietta Multinorm"},"content":{"rendered":"<p>T-shirt ignifuga ad alta visibilit\u00e0. Realizzata con un materiale pi\u00f9 sottile e intrinseco, che la rende leggermente pi\u00f9 ariosa da indossare, pur mantenendo buone propriet\u00e0 protettive. Riflettori di trasferimento segmentati per un maggiore comfort. Certificata secondo le norme EN 1149-5, EN ISO 20471, EN ISO 14116.<\/p>\n<p>60% modacrilico, 39% cotone, 1% fibra antistatica, single jersey, ignifugo, antistatico 210g\/m\u00b2<\/p>","protected":false},"excerpt":{"rendered":"<p>Flammhemmendes T-Shirt in High Vis. Hergestellt aus einem d\u00fcnneren, inh\u00e4renten Material, wodurch es etwas luftiger zu tragen ist, aber dennoch gute Schutzeigenschaften aufweist. Segmentierte Transferreflektoren f\u00fcr erh\u00f6hten Komfort. Zertifiziert nach EN 1149-5, EN ISO 20471, EN ISO 14116. 60% Modacryl, 39% Baumwolle, 1% antistatische Faser, Single Jersey, flammhemmend, antistatisch 210g\/m\u00b2<\/p>","protected":false},"featured_media":695875,"template":"","meta":[],"product_brand":[],"product_cat":[4201],"product_tag":[],"class_list":{"0":"post-695874","1":"product","2":"type-product","3":"status-publish","4":"has-post-thumbnail","6":"product_cat-t-shirts","7":"pa_brand-blaklaeder","8":"pa_brand-type-workwear","9":"pa_filter-color-gelb","11":"first","12":"instock","13":"sale","14":"taxable","15":"shipping-taxable","16":"purchasable","17":"product-type-variable","18":"add-to-wishlist-before_image"},"exclude_global_add_ons":[],"addons":[],"acf":[],"_links":{"self":[{"href":"https:\/\/shop.kustom.ch\/it\/wp-json\/wp\/v2\/product\/695874"}],"collection":[{"href":"https:\/\/shop.kustom.ch\/it\/wp-json\/wp\/v2\/product"}],"about":[{"href":"https:\/\/shop.kustom.ch\/it\/wp-json\/wp\/v2\/types\/product"}],"wp:featuredmedia":[{"embeddable":true,"href":"https:\/\/shop.kustom.ch\/it\/wp-json\/wp\/v2\/media\/695875"}],"wp:attachment":[{"href":"https:\/\/shop.kustom.ch\/it\/wp-json\/wp\/v2\/media?parent=695874"}],"wp:term":[{"taxonomy":"product_brand","embeddable":true,"href":"https:\/\/shop.kustom.ch\/it\/wp-json\/wp\/v2\/product_brand?post=695874"},{"taxonomy":"product_cat","embeddable":true,"href":"https:\/\/shop.kustom.ch\/it\/wp-json\/wp\/v2\/product_cat?post=695874"},{"taxonomy":"product_tag","embeddable":true,"href":"https:\/\/shop.kustom.ch\/it\/wp-json\/wp\/v2\/product_tag?post=695874"}],"curies":[{"name":"wp","href":"https:\/\/api.w.org\/{rel}","templated":true}]}}