{"id":695857,"date":"2026-03-16T16:15:31","date_gmt":"2026-03-16T15:15:31","guid":{"rendered":"https:\/\/shop.kustom.ch\/?post_type=product&#038;p=695857"},"modified":"2026-03-31T08:53:58","modified_gmt":"2026-03-31T07:53:58","slug":"damen-multinorm-sweatjacke-inhaerent-2","status":"publish","type":"product","link":"https:\/\/shop.kustom.ch\/it\/prodotto\/damen-multinorm-sweatjacke-inhaerent-2\/","title":{"rendered":"Giacca da donna in multinorm Inherent"},"content":{"rendered":"<p>Giacca antisudore con propriet\u00e0 ignifughe e antistatiche intrinseche: una scelta affidabile per le professioni che richiedono protezione da calore, archi elettrici ed elettricit\u00e0 statica. Le strisce riflettenti segmentate assicurano una visibilit\u00e0 ottimale, pur mantenendo la flessibilit\u00e0 e la libert\u00e0 di movimento dell'indumento. Le toppe di colore scuro nelle aree esposte allo sporco conferiscono all'indumento un aspetto pulito e professionale. L'interno spazzolato assicura un eccellente comfort. La giacca da lavoro \u00e8 priva di metallo ed \u00e8 dotata di una robusta cerniera in plastica a scomparsa: una scelta pratica per gli ambienti in cui il metallo \u00e8 vietato. Presenta inoltre un colletto a coste con cerniera e polsini e vita a coste. La giacca felpata \u00e8 certificata secondo diversi standard e soddisfa i requisiti di visibilit\u00e0 per la classe 2 (taglie XS-M) e la classe 3 (dalla taglia L). Certificata secondo la norma EN 61482-2, APC 1 - protezione dall'arco elettrico, EN 1149-5 - protezione antistatica, EN ISO 20471 - alta visibilit\u00e0, EN ISO 11612 - protezione contro il calore e le fiamme. Disponibile anche come modello da uomo 3462.<\/p>\n<p>37% poliestere FR, 37% modacrilico, 25% cotone, 1% fibra antistatica, tessuto felpato, ignifugo, antistatico, spazzolato all'interno, 330 g\/m\u00b2<\/p>","protected":false},"excerpt":{"rendered":"<p>Sweatjacke mit inh\u00e4renten flammhemmenden und antistatischen Eigenschaften &#8211; eine zuverl\u00e4ssige Wahl f\u00fcr Berufe, die Schutz vor Hitze, St\u00f6rlichtb\u00f6gen und statischer Elektrizit\u00e4t erfordern. Die segmentierten Reflexstreifen sorgen f\u00fcr optimale Sichtbarkeit, w\u00e4hrend die Flexibilit\u00e4t und Bewegungsfreiheit des Kleidungsst\u00fccks erhalten bleibt. Dunkle Farbfelder in Schmutz ausgesetzten Bereichen sorgen f\u00fcr ein sauberes und professionelles Erscheinungsbild der Kleidung. Die geb\u00fcrstete [&hellip;]<\/p>\n","protected":false},"featured_media":695866,"template":"","meta":[],"product_brand":[],"product_cat":[4184],"product_tag":[],"class_list":{"0":"post-695857","1":"product","2":"type-product","3":"status-publish","4":"has-post-thumbnail","6":"product_cat-hoodies-pullover","7":"pa_brand-blaklaeder","8":"pa_brand-type-workwear","9":"pa_filter-color-blau","10":"pa_filter-color-gelb","11":"pa_filter-color-orange","13":"first","14":"instock","15":"sale","16":"taxable","17":"shipping-taxable","18":"purchasable","19":"product-type-variable","20":"add-to-wishlist-before_image"},"exclude_global_add_ons":[],"addons":[],"acf":[],"_links":{"self":[{"href":"https:\/\/shop.kustom.ch\/it\/wp-json\/wp\/v2\/product\/695857"}],"collection":[{"href":"https:\/\/shop.kustom.ch\/it\/wp-json\/wp\/v2\/product"}],"about":[{"href":"https:\/\/shop.kustom.ch\/it\/wp-json\/wp\/v2\/types\/product"}],"wp:featuredmedia":[{"embeddable":true,"href":"https:\/\/shop.kustom.ch\/it\/wp-json\/wp\/v2\/media\/695866"}],"wp:attachment":[{"href":"https:\/\/shop.kustom.ch\/it\/wp-json\/wp\/v2\/media?parent=695857"}],"wp:term":[{"taxonomy":"product_brand","embeddable":true,"href":"https:\/\/shop.kustom.ch\/it\/wp-json\/wp\/v2\/product_brand?post=695857"},{"taxonomy":"product_cat","embeddable":true,"href":"https:\/\/shop.kustom.ch\/it\/wp-json\/wp\/v2\/product_cat?post=695857"},{"taxonomy":"product_tag","embeddable":true,"href":"https:\/\/shop.kustom.ch\/it\/wp-json\/wp\/v2\/product_tag?post=695857"}],"curies":[{"name":"wp","href":"https:\/\/api.w.org\/{rel}","templated":true}]}}