{"id":695653,"date":"2026-03-16T16:13:18","date_gmt":"2026-03-16T15:13:18","guid":{"rendered":"https:\/\/shop.kustom.ch\/?post_type=product&#038;p=695653"},"modified":"2026-03-31T08:52:46","modified_gmt":"2026-03-31T07:52:46","slug":"damen-hybrid-sweater","status":"publish","type":"product","link":"https:\/\/shop.kustom.ch\/it\/prodotto\/damen-hybrid-sweater\/","title":{"rendered":"Maglione ibrido da donna"},"content":{"rendered":"<p>Una felpa da donna dal taglio aderente che \u00e8 il massimo per tutti i tipi di attivit\u00e0. Funziona bene anche come giacca, a seconda di ci\u00f2 che si sta facendo. Questa giacca-sudore ha il fronte trapuntato ed \u00e8 sfoderata. Un capo eccellente per la stampa del logo aziendale. Disponibile anche nel modello 3418 da uomo.<\/p>\n<p>100% poliestere, pile piqu\u00e9, spazzolato su un lato, 260 g\/m\u00b2<\/p>","protected":false},"excerpt":{"rendered":"<p>A women&#8217;s fit sweatshirt that&#8217;s the ultimate all-rounder. Works equally well as a jacket, depending on what you&#8217;re doing. This jacket-sweatshirt has a quilted front and is unlined. An excellent garment for printing with your company logo. Also available in a men&#8217;s model 3418. 100% Polyester, Pikee Fleece, einseitig aufgeb\u00fcrstet, 260 g\/m\u00b2<\/p>","protected":false},"featured_media":695654,"template":"","meta":[],"product_brand":[],"product_cat":[4186],"product_tag":[],"class_list":{"0":"post-695653","1":"product","2":"type-product","3":"status-publish","4":"has-post-thumbnail","6":"product_cat-jacken","7":"pa_brand-blaklaeder","8":"pa_brand-type-workwear","9":"pa_filter-color-blau","10":"pa_filter-color-gelb","11":"pa_filter-color-grau","12":"pa_filter-color-gruen","13":"pa_filter-color-rot","14":"pa_filter-color-schwarz","16":"first","17":"instock","18":"sale","19":"taxable","20":"shipping-taxable","21":"purchasable","22":"product-type-variable","23":"add-to-wishlist-before_image"},"exclude_global_add_ons":[],"addons":[],"acf":[],"_links":{"self":[{"href":"https:\/\/shop.kustom.ch\/it\/wp-json\/wp\/v2\/product\/695653"}],"collection":[{"href":"https:\/\/shop.kustom.ch\/it\/wp-json\/wp\/v2\/product"}],"about":[{"href":"https:\/\/shop.kustom.ch\/it\/wp-json\/wp\/v2\/types\/product"}],"wp:featuredmedia":[{"embeddable":true,"href":"https:\/\/shop.kustom.ch\/it\/wp-json\/wp\/v2\/media\/695654"}],"wp:attachment":[{"href":"https:\/\/shop.kustom.ch\/it\/wp-json\/wp\/v2\/media?parent=695653"}],"wp:term":[{"taxonomy":"product_brand","embeddable":true,"href":"https:\/\/shop.kustom.ch\/it\/wp-json\/wp\/v2\/product_brand?post=695653"},{"taxonomy":"product_cat","embeddable":true,"href":"https:\/\/shop.kustom.ch\/it\/wp-json\/wp\/v2\/product_cat?post=695653"},{"taxonomy":"product_tag","embeddable":true,"href":"https:\/\/shop.kustom.ch\/it\/wp-json\/wp\/v2\/product_tag?post=695653"}],"curies":[{"name":"wp","href":"https:\/\/api.w.org\/{rel}","templated":true}]}}