{"id":695440,"date":"2026-03-16T16:08:54","date_gmt":"2026-03-16T15:08:54","guid":{"rendered":"https:\/\/shop.kustom.ch\/?post_type=product&#038;p=695440"},"modified":"2026-03-31T08:47:40","modified_gmt":"2026-03-31T07:47:40","slug":"schnittschutz-handschuh-c-gefuettert-wasserdicht","status":"publish","type":"product","link":"https:\/\/shop.kustom.ch\/it\/prodotto\/schnittschutz-handschuh-c-gefuettert-wasserdicht\/","title":{"rendered":"Guanto antitaglio C, foderato, impermeabile"},"content":{"rendered":"<p>Guanto antitaglio impermeabile, foderato in inverno, livello C, con rivestimento in lattice. Questo guanto offre un'ottima presa ed \u00e8 particolarmente indicato per gli ambienti freddi e umidi dove c'\u00e8 il rischio di tagli. Certificato per il livello di calore da contatto 2.<\/p>\n<p>Lattice, calibro 10\/15, livello di protezione al taglio C, idrorepellente<\/p>","protected":false},"excerpt":{"rendered":"<p>Wasserdichter, wintergef\u00fctterter Schnittschutz Handschuh, Stufe C, mit Latexbeschichtung. Dieser Handschuh bietet einen hervorragenden Griff und eignet sich besonders gut f\u00fcr kalte und nasse Umgebungen, in denen Schnittgefahr besteht. Zertifiziert f\u00fcr Kontaktw\u00e4rme Level 2. Latex, 10\/15 Gauge, Schnittschutzlevel C, Wasserabweisend<\/p>","protected":false},"featured_media":695451,"template":"","meta":[],"product_brand":[],"product_cat":[4180],"product_tag":[],"class_list":{"0":"post-695440","1":"product","2":"type-product","3":"status-publish","4":"has-post-thumbnail","6":"product_cat-handschuhe","7":"pa_brand-blaklaeder","8":"pa_brand-type-workwear","9":"pa_filter-color-orange","11":"first","12":"instock","13":"sale","14":"taxable","15":"shipping-taxable","16":"purchasable","17":"product-type-variable","18":"add-to-wishlist-before_image"},"exclude_global_add_ons":[],"addons":[],"acf":[],"_links":{"self":[{"href":"https:\/\/shop.kustom.ch\/it\/wp-json\/wp\/v2\/product\/695440"}],"collection":[{"href":"https:\/\/shop.kustom.ch\/it\/wp-json\/wp\/v2\/product"}],"about":[{"href":"https:\/\/shop.kustom.ch\/it\/wp-json\/wp\/v2\/types\/product"}],"wp:featuredmedia":[{"embeddable":true,"href":"https:\/\/shop.kustom.ch\/it\/wp-json\/wp\/v2\/media\/695451"}],"wp:attachment":[{"href":"https:\/\/shop.kustom.ch\/it\/wp-json\/wp\/v2\/media?parent=695440"}],"wp:term":[{"taxonomy":"product_brand","embeddable":true,"href":"https:\/\/shop.kustom.ch\/it\/wp-json\/wp\/v2\/product_brand?post=695440"},{"taxonomy":"product_cat","embeddable":true,"href":"https:\/\/shop.kustom.ch\/it\/wp-json\/wp\/v2\/product_cat?post=695440"},{"taxonomy":"product_tag","embeddable":true,"href":"https:\/\/shop.kustom.ch\/it\/wp-json\/wp\/v2\/product_tag?post=695440"}],"curies":[{"name":"wp","href":"https:\/\/api.w.org\/{rel}","templated":true}]}}