{"id":695421,"date":"2026-03-16T16:08:30","date_gmt":"2026-03-16T15:08:30","guid":{"rendered":"https:\/\/shop.kustom.ch\/?post_type=product&#038;p=695421"},"modified":"2026-03-31T08:47:03","modified_gmt":"2026-03-31T07:47:03","slug":"winterhandschuh-supreme-warm-leicht-gefuettert","status":"publish","type":"product","link":"https:\/\/shop.kustom.ch\/it\/prodotto\/winterhandschuh-supreme-warm-leicht-gefuettert\/","title":{"rendered":"Guanto invernale Supreme Warm leggermente foderato"},"content":{"rendered":"<p>Un guanto sottile e flessibile che offre anche protezione dal freddo. La sottile fodera in lana offre un eccellente comfort e un effetto riscaldante. Il palmo \u00e8 rivestito in nitrile per una buona presa e durata. Un guanto completo perfetto in ambienti leggermente freddi dove \u00e8 richiesto un alto livello di destrezza. Il guanto \u00e8 certificato secondo il Responsible Wool Standard, che mira a garantire la cura e il benessere delle pecore e dei pascoli lungo tutta la catena di approvvigionamento. Questo guanto fa parte della collezione Supreme Warm, che garantisce la massima qualit\u00e0 e comfort.<\/p>\n<p>Nitrile, microschiuma, calibro 15, tattile<\/p>","protected":false},"excerpt":{"rendered":"<p>Ein d\u00fcnner, flexibler Handschuh, der auch Schutz vor K\u00e4lte bietet. Das d\u00fcnne Wollfutter bietet hervorragenden Komfort und eine w\u00e4rmende Wirkung. Die Handfl\u00e4che hat eine Nitrilbeschichtung f\u00fcr guten Grip und Haltbarkeit. Ein perfekter Allround-Handschuh in leicht kalten Umgebungen, in denen ein hohes Mass an Fingerfertigkeit erforderlich ist. Der Handschuh ist nach dem Responsible Wool Standard zertifiziert, [&hellip;]<\/p>\n","protected":false},"featured_media":695423,"template":"","meta":[],"product_brand":[],"product_cat":[4180],"product_tag":[],"class_list":{"0":"post-695421","1":"product","2":"type-product","3":"status-publish","4":"has-post-thumbnail","6":"product_cat-handschuhe","7":"pa_brand-blaklaeder","8":"pa_brand-type-workwear","9":"pa_filter-color-schwarz","11":"first","12":"instock","13":"sale","14":"taxable","15":"shipping-taxable","16":"purchasable","17":"product-type-variable","18":"add-to-wishlist-before_image"},"exclude_global_add_ons":[],"addons":[],"acf":[],"_links":{"self":[{"href":"https:\/\/shop.kustom.ch\/it\/wp-json\/wp\/v2\/product\/695421"}],"collection":[{"href":"https:\/\/shop.kustom.ch\/it\/wp-json\/wp\/v2\/product"}],"about":[{"href":"https:\/\/shop.kustom.ch\/it\/wp-json\/wp\/v2\/types\/product"}],"wp:featuredmedia":[{"embeddable":true,"href":"https:\/\/shop.kustom.ch\/it\/wp-json\/wp\/v2\/media\/695423"}],"wp:attachment":[{"href":"https:\/\/shop.kustom.ch\/it\/wp-json\/wp\/v2\/media?parent=695421"}],"wp:term":[{"taxonomy":"product_brand","embeddable":true,"href":"https:\/\/shop.kustom.ch\/it\/wp-json\/wp\/v2\/product_brand?post=695421"},{"taxonomy":"product_cat","embeddable":true,"href":"https:\/\/shop.kustom.ch\/it\/wp-json\/wp\/v2\/product_cat?post=695421"},{"taxonomy":"product_tag","embeddable":true,"href":"https:\/\/shop.kustom.ch\/it\/wp-json\/wp\/v2\/product_tag?post=695421"}],"curies":[{"name":"wp","href":"https:\/\/api.w.org\/{rel}","templated":true}]}}