{"id":695391,"date":"2026-03-16T16:07:49","date_gmt":"2026-03-16T15:07:49","guid":{"rendered":"https:\/\/shop.kustom.ch\/?post_type=product&#038;p=695391"},"modified":"2026-03-31T08:46:31","modified_gmt":"2026-03-31T07:46:31","slug":"winterhandschuh-supreme-strong-3","status":"publish","type":"product","link":"https:\/\/shop.kustom.ch\/it\/prodotto\/winterhandschuh-supreme-strong-3\/","title":{"rendered":"Guanto invernale Supreme Strong"},"content":{"rendered":"<p>Un guanto invernale pesante e impermeabile, foderato con 100 g di Thinsulate\u2122 e morbido pile, ideale per lavorare in ambienti freddi e umidi. Ha un polsino corto e un design preformato con palmo imbottito per un elevato comfort. La funzione touchscreen sul dorso dell'indice consente di utilizzare gli schermi senza dover togliere il guanto. Progettato per ambienti di lavoro difficili e freddi in cui la destrezza \u00e8 importante, come l'edilizia. Per un maggiore calore, si consiglia di abbinare un guanto di lana (modello 2999). Quando si utilizza un guanto interno, la taglia del guanto esterno deve essere aumentata. I modelli Supreme Strong sono realizzati in pelle sintetica di alta qualit\u00e0, che offre un'eccellente destrezza e un'elevata durata. Impermeabile e completamente foderato 100 g di Thinsulate\u2122 Polsino corto per facilitare la calzata e la rimozione Perfetta vestibilit\u00e0 Funzione touchscreen sul dorso dell'indice Pelle sintetica di alta qualit\u00e0 Adatto per ambienti freddi e umidi Taglie 6-12<\/p>\n<p>PU, poliestere<\/p>","protected":false},"excerpt":{"rendered":"<p>Ein schwerer, wasserdichter Winterhandschuh, gef\u00fcttert mit 100 g Thinsulate\u2122 und weichem Fleece &#8211; ideal f\u00fcr Arbeiten in kalten und nassen Umgebungen. Er verf\u00fcgt \u00fcber eine kurze Stulpe und ein vorgeformtes Design mit einer gepolsterten Handfl\u00e4che f\u00fcr hohen Komfort. Die Touchscreen-Funktion auf der R\u00fcckseite des Zeigefingers erm\u00f6glicht die Bedienung von Bildschirmen, ohne den Handschuh ausziehen zu [&hellip;]<\/p>\n","protected":false},"featured_media":695413,"template":"","meta":[],"product_brand":[],"product_cat":[4180],"product_tag":[],"class_list":{"0":"post-695391","1":"product","2":"type-product","3":"status-publish","4":"has-post-thumbnail","6":"product_cat-handschuhe","7":"pa_brand-blaklaeder","8":"pa_brand-type-workwear","9":"pa_filter-color-grau","10":"pa_filter-color-schwarz","12":"first","13":"instock","14":"sale","15":"taxable","16":"shipping-taxable","17":"purchasable","18":"product-type-variable","19":"add-to-wishlist-before_image"},"exclude_global_add_ons":[],"addons":[],"acf":[],"_links":{"self":[{"href":"https:\/\/shop.kustom.ch\/it\/wp-json\/wp\/v2\/product\/695391"}],"collection":[{"href":"https:\/\/shop.kustom.ch\/it\/wp-json\/wp\/v2\/product"}],"about":[{"href":"https:\/\/shop.kustom.ch\/it\/wp-json\/wp\/v2\/types\/product"}],"wp:featuredmedia":[{"embeddable":true,"href":"https:\/\/shop.kustom.ch\/it\/wp-json\/wp\/v2\/media\/695413"}],"wp:attachment":[{"href":"https:\/\/shop.kustom.ch\/it\/wp-json\/wp\/v2\/media?parent=695391"}],"wp:term":[{"taxonomy":"product_brand","embeddable":true,"href":"https:\/\/shop.kustom.ch\/it\/wp-json\/wp\/v2\/product_brand?post=695391"},{"taxonomy":"product_cat","embeddable":true,"href":"https:\/\/shop.kustom.ch\/it\/wp-json\/wp\/v2\/product_cat?post=695391"},{"taxonomy":"product_tag","embeddable":true,"href":"https:\/\/shop.kustom.ch\/it\/wp-json\/wp\/v2\/product_tag?post=695391"}],"curies":[{"name":"wp","href":"https:\/\/api.w.org\/{rel}","templated":true}]}}