{"id":695390,"date":"2026-03-16T16:07:49","date_gmt":"2026-03-16T15:07:49","guid":{"rendered":"https:\/\/shop.kustom.ch\/?post_type=product&#038;p=695390"},"modified":"2026-03-31T08:46:29","modified_gmt":"2026-03-31T07:46:29","slug":"winterhandschuh-supreme-strong-2","status":"publish","type":"product","link":"https:\/\/shop.kustom.ch\/it\/prodotto\/winterhandschuh-supreme-strong-2\/","title":{"rendered":"Guanto invernale Supreme Strong"},"content":{"rendered":"<p>Il modello 2881 \u00e8 un guanto invernale resistente e impermeabile, foderato con 40 g di Thinsulate\u2122 e morbido pile, che offre un elevato grado di destrezza. Ha un polsino corto e un design preformato con palmo imbottito per un elevato comfort. La funzione touchscreen sul dorso dell'indice consente di utilizzare gli schermi senza dover togliere il guanto. Il dorso della mano di colore giallo aumenta la visibilit\u00e0. Progettato per ambienti di lavoro difficili e freddi in cui la destrezza \u00e8 importante, come l'edilizia. Questo modello pu\u00f2 essere abbinato a un guanto di lana (2999) per un maggiore calore. Quando si utilizza un guanto interno, la taglia del guanto esterno deve essere aumentata. I modelli Supreme Strong sono realizzati in pelle sintetica di alta qualit\u00e0, che offre un'eccellente destrezza e un'elevata durata. Impermeabile e completamente foderato Polsino corto per facilitare la calzata Vestibilit\u00e0 perfetta Funzione touchscreen sul dorso dell'indice Pelle sintetica di alta qualit\u00e0 Adatto per ambienti freddi e umidi Taglie 6-13<\/p>\n<p>PU, poliestere<\/p>","protected":false},"excerpt":{"rendered":"<p>Das Modell 2881 ist ein strapazierf\u00e4higer, wasserdichter Winterhandschuh, gef\u00fcttert mit 40 g Thinsulate\u2122 und weichem Fleece, der ein hohes Mass an Fingerfertigkeit bietet. Er verf\u00fcgt \u00fcber eine kurze Stulpe und ein vorgeformtes Design mit einer gepolsterten Handfl\u00e4che f\u00fcr hohen Komfort. Die Touchscreen-Funktion auf der R\u00fcckseite des Zeigefingers erm\u00f6glicht die Bedienung von Bildschirmen, ohne den Handschuh [&hellip;]<\/p>\n","protected":false},"featured_media":695404,"template":"","meta":[],"product_brand":[],"product_cat":[4180],"product_tag":[],"class_list":{"0":"post-695390","1":"product","2":"type-product","3":"status-publish","4":"has-post-thumbnail","6":"product_cat-handschuhe","7":"pa_brand-blaklaeder","8":"pa_brand-type-workwear","9":"pa_filter-color-gelb","11":"first","12":"instock","13":"sale","14":"taxable","15":"shipping-taxable","16":"purchasable","17":"product-type-variable","18":"add-to-wishlist-before_image"},"exclude_global_add_ons":[],"addons":[],"acf":[],"_links":{"self":[{"href":"https:\/\/shop.kustom.ch\/it\/wp-json\/wp\/v2\/product\/695390"}],"collection":[{"href":"https:\/\/shop.kustom.ch\/it\/wp-json\/wp\/v2\/product"}],"about":[{"href":"https:\/\/shop.kustom.ch\/it\/wp-json\/wp\/v2\/types\/product"}],"wp:featuredmedia":[{"embeddable":true,"href":"https:\/\/shop.kustom.ch\/it\/wp-json\/wp\/v2\/media\/695404"}],"wp:attachment":[{"href":"https:\/\/shop.kustom.ch\/it\/wp-json\/wp\/v2\/media?parent=695390"}],"wp:term":[{"taxonomy":"product_brand","embeddable":true,"href":"https:\/\/shop.kustom.ch\/it\/wp-json\/wp\/v2\/product_brand?post=695390"},{"taxonomy":"product_cat","embeddable":true,"href":"https:\/\/shop.kustom.ch\/it\/wp-json\/wp\/v2\/product_cat?post=695390"},{"taxonomy":"product_tag","embeddable":true,"href":"https:\/\/shop.kustom.ch\/it\/wp-json\/wp\/v2\/product_tag?post=695390"}],"curies":[{"name":"wp","href":"https:\/\/api.w.org\/{rel}","templated":true}]}}