{"id":695389,"date":"2026-03-16T16:07:49","date_gmt":"2026-03-16T15:07:49","guid":{"rendered":"https:\/\/shop.kustom.ch\/?post_type=product&#038;p=695389"},"modified":"2026-03-31T08:46:28","modified_gmt":"2026-03-31T07:46:28","slug":"winterhandschuh-supreme-strong","status":"publish","type":"product","link":"https:\/\/shop.kustom.ch\/it\/prodotto\/winterhandschuh-supreme-strong\/","title":{"rendered":"Guanto invernale Supreme Strong"},"content":{"rendered":"<p>Il modello 2880 \u00e8 un guanto invernale resistente, foderato con 40 g di Thinsulate\u2122 e morbido pile, che offre un elevato grado di destrezza. Ha un polsino corto e un design preformato con palmo imbottito per un elevato comfort. La funzione touchscreen sul dorso dell'indice consente di utilizzare gli schermi senza dover togliere il guanto. Ideale come guanto completo per lavori impegnativi che richiedono anche una buona destrezza, come ad esempio i lavori edili. Questo modello pu\u00f2 essere abbinato a un guanto di lana (2999) per un maggiore calore. Quando si utilizza un guanto interno, la taglia del guanto esterno deve essere aumentata. I modelli Supreme Strong sono realizzati in pelle sintetica di alta qualit\u00e0, che offre un'eccellente destrezza e un'elevata durata. Interamente foderato con buona destrezza Polsino corto per facilitare la calzata Vestibilit\u00e0 perfetta Funzione touchscreen sul dorso dell'indice Pelle sintetica di alta qualit\u00e0 Adatto per ambienti freddi Taglie 6-12<\/p>\n<p>PU, poliestere<\/p>","protected":false},"excerpt":{"rendered":"<p>Das Modell 2880 ist ein strapazierf\u00e4higer Winterhandschuh, gef\u00fcttert mit 40 g Thinsulate\u2122 und weichem Fleece, der ein hohes Mass an Fingerfertigkeit bietet. Er verf\u00fcgt \u00fcber eine kurze Stulpe und ein vorgeformtes Design mit einer gepolsterten Handfl\u00e4che f\u00fcr hohen Komfort. Die Touchscreen-Funktion auf der R\u00fcckseite des Zeigefingers erm\u00f6glicht die Bedienung von Bildschirmen, ohne den Handschuh ausziehen [&hellip;]<\/p>\n","protected":false},"featured_media":695396,"template":"","meta":[],"product_brand":[],"product_cat":[4180],"product_tag":[],"class_list":{"0":"post-695389","1":"product","2":"type-product","3":"status-publish","4":"has-post-thumbnail","6":"product_cat-handschuhe","7":"pa_brand-blaklaeder","8":"pa_brand-type-workwear","9":"pa_filter-color-grau","10":"pa_filter-color-schwarz","12":"first","13":"instock","14":"sale","15":"taxable","16":"shipping-taxable","17":"purchasable","18":"product-type-variable","19":"add-to-wishlist-before_image"},"exclude_global_add_ons":[],"addons":[],"acf":[],"_links":{"self":[{"href":"https:\/\/shop.kustom.ch\/it\/wp-json\/wp\/v2\/product\/695389"}],"collection":[{"href":"https:\/\/shop.kustom.ch\/it\/wp-json\/wp\/v2\/product"}],"about":[{"href":"https:\/\/shop.kustom.ch\/it\/wp-json\/wp\/v2\/types\/product"}],"wp:featuredmedia":[{"embeddable":true,"href":"https:\/\/shop.kustom.ch\/it\/wp-json\/wp\/v2\/media\/695396"}],"wp:attachment":[{"href":"https:\/\/shop.kustom.ch\/it\/wp-json\/wp\/v2\/media?parent=695389"}],"wp:term":[{"taxonomy":"product_brand","embeddable":true,"href":"https:\/\/shop.kustom.ch\/it\/wp-json\/wp\/v2\/product_brand?post=695389"},{"taxonomy":"product_cat","embeddable":true,"href":"https:\/\/shop.kustom.ch\/it\/wp-json\/wp\/v2\/product_cat?post=695389"},{"taxonomy":"product_tag","embeddable":true,"href":"https:\/\/shop.kustom.ch\/it\/wp-json\/wp\/v2\/product_tag?post=695389"}],"curies":[{"name":"wp","href":"https:\/\/api.w.org\/{rel}","templated":true}]}}