{"id":695388,"date":"2026-03-16T16:07:49","date_gmt":"2026-03-16T15:07:49","guid":{"rendered":"https:\/\/shop.kustom.ch\/?post_type=product&#038;p=695388"},"modified":"2026-03-31T08:46:22","modified_gmt":"2026-03-31T07:46:22","slug":"kinderhandschuh","status":"publish","type":"product","link":"https:\/\/shop.kustom.ch\/it\/prodotto\/kinderhandschuh\/","title":{"rendered":"Guanto per bambini"},"content":{"rendered":"<p>Un guanto sfoderato e sottile per bambini con un'elevata sensibilit\u00e0 dei polpastrelli e una buona destrezza, che evita il disagio quando viene indossato. Il guanto \u00e8 dotato di funzione touch sulle dita, sul pollice e sul palmo. Ha un palmo in pelle sintetica, punte delle dita rinforzate e un indice rinforzato. Ideale per l'uso in ambienti sporchi e umidi. Adatto anche agli adulti con mani pi\u00f9 piccole che necessitano di un guanto da lavoro completamente funzionale. Il 2878 \u00e8 la versione per bambini del 2873. Sia il 2878 che il 2873 sono disponibili in taglia 6, con il 2878 che ha una vestibilit\u00e0 pi\u00f9 stretta e dita pi\u00f9 corte. Sottile e flessibile Funzione tattile Buona destrezza Palmo in pelle sintetica Certificato secondo EN 388<\/p>\n<p>PU con funzione touch, poliestere<\/p>","protected":false},"excerpt":{"rendered":"<p>Ein ungef\u00fctterter, d\u00fcnner Kinderhandschuh mit hoher Fingerspitzenempfindlichkeit und guter Fingerfertigkeit, der Unannehmlichkeiten beim Tragen verhindert. Der Handschuh verf\u00fcgt \u00fcber eine Touch-Funktion an den Fingern, dem Daumen und der Handfl\u00e4che. Er hat eine Handfl\u00e4che aus Kunstleder, verst\u00e4rkte Fingerspitzen und einen verst\u00e4rkten Zeigefinger. Ideal f\u00fcr den Einsatz in schmutzigen und feuchten Umgebungen. Auch f\u00fcr Erwachsene mit kleineren [&hellip;]<\/p>\n","protected":false},"featured_media":695392,"template":"","meta":[],"product_brand":[],"product_cat":[4180],"product_tag":[],"class_list":{"0":"post-695388","1":"product","2":"type-product","3":"status-publish","4":"has-post-thumbnail","6":"product_cat-handschuhe","7":"pa_brand-blaklaeder","8":"pa_brand-type-workwear","9":"pa_filter-color-grau","11":"first","12":"instock","13":"sale","14":"taxable","15":"shipping-taxable","16":"purchasable","17":"product-type-variable","18":"add-to-wishlist-before_image"},"exclude_global_add_ons":[],"addons":[],"acf":[],"_links":{"self":[{"href":"https:\/\/shop.kustom.ch\/it\/wp-json\/wp\/v2\/product\/695388"}],"collection":[{"href":"https:\/\/shop.kustom.ch\/it\/wp-json\/wp\/v2\/product"}],"about":[{"href":"https:\/\/shop.kustom.ch\/it\/wp-json\/wp\/v2\/types\/product"}],"wp:featuredmedia":[{"embeddable":true,"href":"https:\/\/shop.kustom.ch\/it\/wp-json\/wp\/v2\/media\/695392"}],"wp:attachment":[{"href":"https:\/\/shop.kustom.ch\/it\/wp-json\/wp\/v2\/media?parent=695388"}],"wp:term":[{"taxonomy":"product_brand","embeddable":true,"href":"https:\/\/shop.kustom.ch\/it\/wp-json\/wp\/v2\/product_brand?post=695388"},{"taxonomy":"product_cat","embeddable":true,"href":"https:\/\/shop.kustom.ch\/it\/wp-json\/wp\/v2\/product_cat?post=695388"},{"taxonomy":"product_tag","embeddable":true,"href":"https:\/\/shop.kustom.ch\/it\/wp-json\/wp\/v2\/product_tag?post=695388"}],"curies":[{"name":"wp","href":"https:\/\/api.w.org\/{rel}","templated":true}]}}