{"id":695379,"date":"2026-03-16T16:07:38","date_gmt":"2026-03-16T15:07:38","guid":{"rendered":"https:\/\/shop.kustom.ch\/?post_type=product&#038;p=695379"},"modified":"2026-03-31T08:46:04","modified_gmt":"2026-03-31T07:46:04","slug":"arbeitshandschuh-supreme-strong-3","status":"publish","type":"product","link":"https:\/\/shop.kustom.ch\/it\/prodotto\/arbeitshandschuh-supreme-strong-3\/","title":{"rendered":"Guanto da lavoro Supreme Strong"},"content":{"rendered":"<p>I modelli Supreme Strong sono realizzati in pelle sintetica di alta qualit\u00e0, che offre un'eccellente destrezza e un'elevata durata. Il modello 2852 \u00e8 sfoderato e presenta una chiusura in velcro sui polsini. La vestibilit\u00e0 pre-modellata e il palmo imbottito lo rendono estremamente confortevole. La funzione touchscreen sulla parte superiore dell'indice consente di utilizzare lo schermo senza dover togliere il guanto. Questo modello \u00e8 ideale come guanto completo per ambienti di lavoro difficili in cui \u00e8 richiesta anche una buona destrezza, ad esempio nell'edilizia.<\/p>\n<p>PU, poliestere<\/p>","protected":false},"excerpt":{"rendered":"<p>Die Supreme Strong-Modelle sind aus hochwertigem Kunstleder gefertigt, das eine ausgezeichnete Fingerfertigkeit und hohe Strapazierf\u00e4higkeit bietet. Das Modell 2852 ist ungef\u00fcttert und hat einen Klettverschluss an den Stulpen. Die vorgeformte Passform und die gepolsterte Handfl\u00e4che machen ihn \u00e4usserst bequem. Die Touchscreen-Funktion auf der Oberseite des Zeigefingers erm\u00f6glicht die Bedienung des Bildschirms, ohne den Handschuh ausziehen [&hellip;]<\/p>\n","protected":false},"featured_media":695380,"template":"","meta":[],"product_brand":[],"product_cat":[4180],"product_tag":[],"class_list":{"0":"post-695379","1":"product","2":"type-product","3":"status-publish","4":"has-post-thumbnail","6":"product_cat-handschuhe","7":"pa_brand-blaklaeder","8":"pa_brand-type-workwear","9":"pa_filter-color-blau","10":"pa_filter-color-schwarz","12":"first","13":"instock","14":"sale","15":"taxable","16":"shipping-taxable","17":"purchasable","18":"product-type-variable","19":"add-to-wishlist-before_image"},"exclude_global_add_ons":[],"addons":[],"acf":[],"_links":{"self":[{"href":"https:\/\/shop.kustom.ch\/it\/wp-json\/wp\/v2\/product\/695379"}],"collection":[{"href":"https:\/\/shop.kustom.ch\/it\/wp-json\/wp\/v2\/product"}],"about":[{"href":"https:\/\/shop.kustom.ch\/it\/wp-json\/wp\/v2\/types\/product"}],"wp:featuredmedia":[{"embeddable":true,"href":"https:\/\/shop.kustom.ch\/it\/wp-json\/wp\/v2\/media\/695380"}],"wp:attachment":[{"href":"https:\/\/shop.kustom.ch\/it\/wp-json\/wp\/v2\/media?parent=695379"}],"wp:term":[{"taxonomy":"product_brand","embeddable":true,"href":"https:\/\/shop.kustom.ch\/it\/wp-json\/wp\/v2\/product_brand?post=695379"},{"taxonomy":"product_cat","embeddable":true,"href":"https:\/\/shop.kustom.ch\/it\/wp-json\/wp\/v2\/product_cat?post=695379"},{"taxonomy":"product_tag","embeddable":true,"href":"https:\/\/shop.kustom.ch\/it\/wp-json\/wp\/v2\/product_tag?post=695379"}],"curies":[{"name":"wp","href":"https:\/\/api.w.org\/{rel}","templated":true}]}}