{"id":695364,"date":"2026-03-16T16:07:16","date_gmt":"2026-03-16T15:07:16","guid":{"rendered":"https:\/\/shop.kustom.ch\/?post_type=product&#038;p=695364"},"modified":"2026-03-31T08:45:51","modified_gmt":"2026-03-31T07:45:51","slug":"beheizbarer-handschuh-supreme-warm","status":"publish","type":"product","link":"https:\/\/shop.kustom.ch\/it\/prodotto\/beheizbarer-handschuh-supreme-warm\/","title":{"rendered":"Guanto riscaldato Supreme Warm"},"content":{"rendered":"<p>Guanto isolato e impermeabile con inserti Clim8\u00ae integrati, ideale per chi ha le mani fredde rapidamente. Il calore pu\u00f2 essere regolato su 3 livelli diversi tramite un pulsante esterno; la batteria si trova all'interno del polsino. Gli inserti riscaldanti sul dorso della mano si accendono e si spengono automaticamente quando il guanto viene indossato o tolto. Il guanto \u00e8 dotato di un polsino lungo con chiusura in velcro sul polso e di un paraneve sul lato inferiore per una regolazione individuale. Un cinturino da polso pu\u00f2 essere utilizzato per fissare il guanto se si deve lavorare senza per un breve periodo. Il guanto \u00e8 adatto ad ambienti estremamente freddi dove l'attivit\u00e0 fisica \u00e8 scarsa. Durata della batteria: 2,5-5 ore, a seconda dell'impostazione del calore e di altre condizioni. Batteria (3000 mAh) e caricatore USB-C inclusi. Il 2816 fa parte della collezione Supreme Warm, che garantisce la massima qualit\u00e0 e comfort. Guanto riscaldabile con inserti integrati Completamente foderato e impermeabile Palmo rinforzato Chiusura del polso in velcro Paraneve e cinturino per il polso Taglie 7-12<\/p>\n<p>Pelle di capra pieno fiore, poliammide<\/p>","protected":false},"excerpt":{"rendered":"<p>Isolierter und wasserdichter Handschuh mit integrierten Clim8\u00ae Eins\u00e4tzen &#8211; ideal f\u00fcr alle, die schnell kalte H\u00e4nde bekommen. Die W\u00e4rme ist mit einem Knopf an der Aussenseite in 3 verschiedenen Stufen anpassbar, die Batterie befindet sich im Inneren der Manschette. Die Heizeins\u00e4tze auf dem Handr\u00fccken schalten sich automatisch ein und aus, wenn der Handschuh getragen oder [&hellip;]<\/p>\n","protected":false},"featured_media":695372,"template":"","meta":[],"product_brand":[],"product_cat":[4180],"product_tag":[],"class_list":{"0":"post-695364","1":"product","2":"type-product","3":"status-publish","4":"has-post-thumbnail","6":"product_cat-handschuhe","7":"pa_brand-blaklaeder","8":"pa_brand-type-workwear","9":"pa_filter-color-schwarz","10":"pa_filter-color-weiss","12":"first","13":"instock","14":"sale","15":"taxable","16":"shipping-taxable","17":"purchasable","18":"product-type-variable","19":"add-to-wishlist-before_image"},"exclude_global_add_ons":[],"addons":[],"acf":[],"_links":{"self":[{"href":"https:\/\/shop.kustom.ch\/it\/wp-json\/wp\/v2\/product\/695364"}],"collection":[{"href":"https:\/\/shop.kustom.ch\/it\/wp-json\/wp\/v2\/product"}],"about":[{"href":"https:\/\/shop.kustom.ch\/it\/wp-json\/wp\/v2\/types\/product"}],"wp:featuredmedia":[{"embeddable":true,"href":"https:\/\/shop.kustom.ch\/it\/wp-json\/wp\/v2\/media\/695372"}],"wp:attachment":[{"href":"https:\/\/shop.kustom.ch\/it\/wp-json\/wp\/v2\/media?parent=695364"}],"wp:term":[{"taxonomy":"product_brand","embeddable":true,"href":"https:\/\/shop.kustom.ch\/it\/wp-json\/wp\/v2\/product_brand?post=695364"},{"taxonomy":"product_cat","embeddable":true,"href":"https:\/\/shop.kustom.ch\/it\/wp-json\/wp\/v2\/product_cat?post=695364"},{"taxonomy":"product_tag","embeddable":true,"href":"https:\/\/shop.kustom.ch\/it\/wp-json\/wp\/v2\/product_tag?post=695364"}],"curies":[{"name":"wp","href":"https:\/\/api.w.org\/{rel}","templated":true}]}}