{"id":695266,"date":"2026-03-16T16:06:42","date_gmt":"2026-03-16T15:06:42","guid":{"rendered":"https:\/\/shop.kustom.ch\/?post_type=product&#038;p=695266"},"modified":"2026-03-31T08:45:17","modified_gmt":"2026-03-31T07:45:17","slug":"high-vis-latzhose-4","status":"publish","type":"product","link":"https:\/\/shop.kustom.ch\/it\/prodotto\/high-vis-latzhose-4\/","title":{"rendered":"Salopette High Vis"},"content":{"rendered":"<p>Salopette lavabile a livello industriale ad alta visibilit\u00e0 con una vestibilit\u00e0 moderna, sviluppata per utenti professionali che richiedono alta visibilit\u00e0, durata e semplice funzionalit\u00e0. I pantaloni sono idrorepellenti, hanno gambe preformate per un comfort ottimale e dettagli riflettenti alle estremit\u00e0 delle gambe per una migliore visibilit\u00e0. Le tasche per ginocchiere rinforzate in CORDURA\u00ae garantiscono una durata e una flessibilit\u00e0 affidabili. Gli inserti di colore scuro nelle aree facilmente sporche conferiscono all'indumento un aspetto pulito e professionale. Una scelta affidabile per la sicurezza e la durata nelle lunghe giornate di lavoro.<\/p>\n<p>70% poliestere, 30% cotone, twill, idrorepellente 230 g\/m\u00b2<\/p>","protected":false},"excerpt":{"rendered":"<p>Industriell waschbare High Vis Latzhose mit moderner Passform, entwickelt f\u00fcr professionelle Anwender, die hohe Sichtbarkeit, Strapazierf\u00e4higkeit und einfache Funktionalit\u00e4t verlangen. Die Hose ist wasserabweisend, hat vorgeformte Beine f\u00fcr optimalen Komfort und reflektierende Details an den Beinenden f\u00fcr bessere Sichtbarkeit. CORDURA\u00ae-verst\u00e4rkte Kniepolstertaschen sorgen f\u00fcr zuverl\u00e4ssige Strapazierf\u00e4higkeit und Flexibilit\u00e4t. Dunkle Eins\u00e4tze in leicht zu verschmutzenden Bereichen, sorgen [&hellip;]<\/p>\n","protected":false},"featured_media":695267,"template":"","meta":[],"product_brand":[],"product_cat":[10448],"product_tag":[],"class_list":{"0":"post-695266","1":"product","2":"type-product","3":"status-publish","4":"has-post-thumbnail","6":"product_cat-latzhose","7":"pa_brand-blaklaeder","8":"pa_brand-type-workwear","9":"pa_filter-color-blau","10":"pa_filter-color-gelb","11":"pa_filter-color-orange","12":"pa_filter-color-schwarz","14":"first","15":"instock","16":"sale","17":"taxable","18":"shipping-taxable","19":"purchasable","20":"product-type-variable","21":"add-to-wishlist-before_image"},"exclude_global_add_ons":[],"addons":[],"acf":[],"_links":{"self":[{"href":"https:\/\/shop.kustom.ch\/it\/wp-json\/wp\/v2\/product\/695266"}],"collection":[{"href":"https:\/\/shop.kustom.ch\/it\/wp-json\/wp\/v2\/product"}],"about":[{"href":"https:\/\/shop.kustom.ch\/it\/wp-json\/wp\/v2\/types\/product"}],"wp:featuredmedia":[{"embeddable":true,"href":"https:\/\/shop.kustom.ch\/it\/wp-json\/wp\/v2\/media\/695267"}],"wp:attachment":[{"href":"https:\/\/shop.kustom.ch\/it\/wp-json\/wp\/v2\/media?parent=695266"}],"wp:term":[{"taxonomy":"product_brand","embeddable":true,"href":"https:\/\/shop.kustom.ch\/it\/wp-json\/wp\/v2\/product_brand?post=695266"},{"taxonomy":"product_cat","embeddable":true,"href":"https:\/\/shop.kustom.ch\/it\/wp-json\/wp\/v2\/product_cat?post=695266"},{"taxonomy":"product_tag","embeddable":true,"href":"https:\/\/shop.kustom.ch\/it\/wp-json\/wp\/v2\/product_tag?post=695266"}],"curies":[{"name":"wp","href":"https:\/\/api.w.org\/{rel}","templated":true}]}}