{"id":695233,"date":"2026-03-16T16:05:11","date_gmt":"2026-03-16T15:05:11","guid":{"rendered":"https:\/\/shop.kustom.ch\/?post_type=product&#038;p=695233"},"modified":"2026-03-31T08:44:07","modified_gmt":"2026-03-31T07:44:07","slug":"blaklaeder-toolrig-t-track-halterung","status":"publish","type":"product","link":"https:\/\/shop.kustom.ch\/it\/prodotto\/blaklaeder-toolrig-t-track-halterung\/","title":{"rendered":"Bl\u00e5kl\u00e4der ToolRig\u2122 Staffa per binario a T"},"content":{"rendered":"<p>Pi\u00f9 spazio e pi\u00f9 libert\u00e0 di movimento. Questa staffa \u00e8 progettata per il sistema T-Track e fornisce una base rapida per montare gli accessori ToolRig\u2122 ovunque sia necessario: in un armadio, su una parete dell'officina o su un banco. Il sistema T-Track consente alle staffe di scorrere lungo il binario. Il supporto ha spazio per quattro attacchi ed \u00e8 lungo 18 cm, ideale per una borsa degli attrezzi ToolRig\u2122 o per diversi portamartelli. Sono inclusi due dadi a T con viti corrispondenti per il fissaggio alla guida a T. Avete bisogno di una capacit\u00e0 ancora maggiore? Basta montare pi\u00f9 supporti uno accanto all'altro lungo la guida.<\/p>","protected":false},"excerpt":{"rendered":"<p>Intelligentere Aufbewahrung und mehr Bewegungsfreiheit. Diese Halterung ist f\u00fcr T-Track konzipiert und bietet dir eine schnelle Basis f\u00fcr die Befestigung von ToolRig\u2122 Zubeh\u00f6r \u00fcberall dort, wo es ben\u00f6tigt wird \u2014 in einem Schrank, an einer Werkstattwand oder auf einer Bank. Mit dem T-Track-System k\u00f6nnen die Halterungen entlang der Schiene gleiten. Die Halterung bietet Platz f\u00fcr [&hellip;]<\/p>\n","protected":false},"featured_media":695244,"template":"","meta":[],"product_brand":[],"product_cat":[4209],"product_tag":[],"class_list":{"0":"post-695233","1":"product","2":"type-product","3":"status-publish","4":"has-post-thumbnail","6":"product_cat-zubehoer","7":"pa_brand-blaklaeder","8":"pa_brand-type-workwear","9":"pa_filter-color-schwarz","11":"first","12":"instock","13":"sale","14":"taxable","15":"shipping-taxable","16":"purchasable","17":"product-type-variable","18":"add-to-wishlist-before_image"},"exclude_global_add_ons":[],"addons":[],"acf":[],"_links":{"self":[{"href":"https:\/\/shop.kustom.ch\/it\/wp-json\/wp\/v2\/product\/695233"}],"collection":[{"href":"https:\/\/shop.kustom.ch\/it\/wp-json\/wp\/v2\/product"}],"about":[{"href":"https:\/\/shop.kustom.ch\/it\/wp-json\/wp\/v2\/types\/product"}],"wp:featuredmedia":[{"embeddable":true,"href":"https:\/\/shop.kustom.ch\/it\/wp-json\/wp\/v2\/media\/695244"}],"wp:attachment":[{"href":"https:\/\/shop.kustom.ch\/it\/wp-json\/wp\/v2\/media?parent=695233"}],"wp:term":[{"taxonomy":"product_brand","embeddable":true,"href":"https:\/\/shop.kustom.ch\/it\/wp-json\/wp\/v2\/product_brand?post=695233"},{"taxonomy":"product_cat","embeddable":true,"href":"https:\/\/shop.kustom.ch\/it\/wp-json\/wp\/v2\/product_cat?post=695233"},{"taxonomy":"product_tag","embeddable":true,"href":"https:\/\/shop.kustom.ch\/it\/wp-json\/wp\/v2\/product_tag?post=695233"}],"curies":[{"name":"wp","href":"https:\/\/api.w.org\/{rel}","templated":true}]}}