{"id":695232,"date":"2026-03-16T16:05:11","date_gmt":"2026-03-16T15:05:11","guid":{"rendered":"https:\/\/shop.kustom.ch\/?post_type=product&#038;p=695232"},"modified":"2026-03-31T08:44:06","modified_gmt":"2026-03-31T07:44:06","slug":"blaklaeder-toolrig-wandhalterung","status":"publish","type":"product","link":"https:\/\/shop.kustom.ch\/it\/prodotto\/blaklaeder-toolrig-wandhalterung\/","title":{"rendered":"Bl\u00e5kl\u00e4der ToolRig\u2122 staffa a parete"},"content":{"rendered":"<p>Tenete tutto organizzato dove vi serve. Questo supporto \u00e8 progettato per il montaggio fisso su una parete o su un'altra superficie piana e funge da base stabile per gli accessori ToolRig\u2122. Il supporto a parete ha spazio per quattro attacchi ed \u00e8 lungo 18 cm, ideale per una borsa degli attrezzi ToolRig\u2122 o per pi\u00f9 portamartelli. Basta montarlo, appendere l'attrezzatura e mettersi al lavoro. Avete bisogno di una capacit\u00e0 ancora maggiore? Allora \u00e8 sufficiente combinare tanti supporti uno accanto all'altro. Le viti per legno per il montaggio a parete sono incluse. Sono inclusi anche viti e dadi per superfici metalliche. Scegliete voi lo spazio: il supporto tiene tutto in ordine.<\/p>","protected":false},"excerpt":{"rendered":"<p>Sorge f\u00fcr Ordnung, wo du sie brauchst. Diese Halterung ist zur festen Montage an einer Wand oder anderen flachen Oberfl\u00e4chen vorgesehen und dient als stabile Basis f\u00fcr dein ToolRig\u2122 Zubeh\u00f6r. Die Wandhalterung bietet Platz f\u00fcr vier Befestigungen und hat eine L\u00e4nge von 18 cm, ideal f\u00fcr eine ToolRig\u2122 Werkzeugtasche oder auch f\u00fcr mehrere Hammerhalter. Einfach [&hellip;]<\/p>\n","protected":false},"featured_media":695242,"template":"","meta":[],"product_brand":[],"product_cat":[4209],"product_tag":[],"class_list":{"0":"post-695232","1":"product","2":"type-product","3":"status-publish","4":"has-post-thumbnail","6":"product_cat-zubehoer","7":"pa_brand-blaklaeder","8":"pa_brand-type-workwear","9":"pa_filter-color-schwarz","11":"first","12":"instock","13":"sale","14":"taxable","15":"shipping-taxable","16":"purchasable","17":"product-type-variable","18":"add-to-wishlist-before_image"},"exclude_global_add_ons":[],"addons":[],"acf":[],"_links":{"self":[{"href":"https:\/\/shop.kustom.ch\/it\/wp-json\/wp\/v2\/product\/695232"}],"collection":[{"href":"https:\/\/shop.kustom.ch\/it\/wp-json\/wp\/v2\/product"}],"about":[{"href":"https:\/\/shop.kustom.ch\/it\/wp-json\/wp\/v2\/types\/product"}],"wp:featuredmedia":[{"embeddable":true,"href":"https:\/\/shop.kustom.ch\/it\/wp-json\/wp\/v2\/media\/695242"}],"wp:attachment":[{"href":"https:\/\/shop.kustom.ch\/it\/wp-json\/wp\/v2\/media?parent=695232"}],"wp:term":[{"taxonomy":"product_brand","embeddable":true,"href":"https:\/\/shop.kustom.ch\/it\/wp-json\/wp\/v2\/product_brand?post=695232"},{"taxonomy":"product_cat","embeddable":true,"href":"https:\/\/shop.kustom.ch\/it\/wp-json\/wp\/v2\/product_cat?post=695232"},{"taxonomy":"product_tag","embeddable":true,"href":"https:\/\/shop.kustom.ch\/it\/wp-json\/wp\/v2\/product_tag?post=695232"}],"curies":[{"name":"wp","href":"https:\/\/api.w.org\/{rel}","templated":true}]}}