{"id":695229,"date":"2026-03-16T16:05:11","date_gmt":"2026-03-16T15:05:11","guid":{"rendered":"https:\/\/shop.kustom.ch\/?post_type=product&#038;p=695229"},"modified":"2026-03-31T08:44:04","modified_gmt":"2026-03-31T07:44:04","slug":"blaklaeder-toolrig-schnalle","status":"publish","type":"product","link":"https:\/\/shop.kustom.ch\/it\/prodotto\/blaklaeder-toolrig-schnalle\/","title":{"rendered":"Strumento Bl\u00e5kl\u00e4derFibbia Rig\u2122"},"content":{"rendered":"<p>Date una seconda vita alle vostre borse preferite - e un posto sulla vostra cintura. Questa \u00e8 la stessa fibbia utilizzata sugli accessori Bl\u00e5kl\u00e4der ToolRig\u2122, come le borse portautensili e i portamartelli. \u00c8 possibile applicarla agli utensili o agli accessori esistenti per renderli compatibili con la cintura ToolRig\u2122 dei nostri pantaloni. Ideale per il retrofit o la sostituzione di una fibbia rotta dopo un uso intenso. Per una configurazione completa, combinare la fibbia con un cursore (art. 2535 o 2536). Le viti per il fissaggio sono incluse.<\/p>","protected":false},"excerpt":{"rendered":"<p>Schenke deinen Lieblingstaschen ein zweites Leben \u2014 und einen Platz an deinem G\u00fcrtel. Dies ist dieselbe Schnalle, die bei Bl\u00e5kl\u00e4der ToolRig\u2122 Zubeh\u00f6r wie Werkzeugtaschen und Hammerhaltern zum Einsatz kommt. Befestige sie an vorhandenen Werkzeugen oder Zubeh\u00f6r, um sie mit dem ToolRig\u2122 G\u00fcrtel an unseren Hosen kompatibel zu machen. Ideal zum Nachr\u00fcsten oder zum Ersetzen einer [&hellip;]<\/p>\n","protected":false},"featured_media":695236,"template":"","meta":[],"product_brand":[],"product_cat":[4209],"product_tag":[],"class_list":{"0":"post-695229","1":"product","2":"type-product","3":"status-publish","4":"has-post-thumbnail","6":"product_cat-zubehoer","7":"pa_brand-blaklaeder","8":"pa_brand-type-workwear","9":"pa_filter-color-schwarz","11":"first","12":"instock","13":"sale","14":"taxable","15":"shipping-taxable","16":"purchasable","17":"product-type-variable","18":"add-to-wishlist-before_image"},"exclude_global_add_ons":[],"addons":[],"acf":[],"_links":{"self":[{"href":"https:\/\/shop.kustom.ch\/it\/wp-json\/wp\/v2\/product\/695229"}],"collection":[{"href":"https:\/\/shop.kustom.ch\/it\/wp-json\/wp\/v2\/product"}],"about":[{"href":"https:\/\/shop.kustom.ch\/it\/wp-json\/wp\/v2\/types\/product"}],"wp:featuredmedia":[{"embeddable":true,"href":"https:\/\/shop.kustom.ch\/it\/wp-json\/wp\/v2\/media\/695236"}],"wp:attachment":[{"href":"https:\/\/shop.kustom.ch\/it\/wp-json\/wp\/v2\/media?parent=695229"}],"wp:term":[{"taxonomy":"product_brand","embeddable":true,"href":"https:\/\/shop.kustom.ch\/it\/wp-json\/wp\/v2\/product_brand?post=695229"},{"taxonomy":"product_cat","embeddable":true,"href":"https:\/\/shop.kustom.ch\/it\/wp-json\/wp\/v2\/product_cat?post=695229"},{"taxonomy":"product_tag","embeddable":true,"href":"https:\/\/shop.kustom.ch\/it\/wp-json\/wp\/v2\/product_tag?post=695229"}],"curies":[{"name":"wp","href":"https:\/\/api.w.org\/{rel}","templated":true}]}}