{"id":695207,"date":"2026-03-16T16:03:41","date_gmt":"2026-03-16T15:03:41","guid":{"rendered":"https:\/\/shop.kustom.ch\/produkt\/blaklaeder-toolrig-hosentraeger-2\/"},"modified":"2026-03-31T08:43:56","modified_gmt":"2026-03-31T07:43:56","slug":"blaklaeder-toolrig-hosentraeger-2","status":"publish","type":"product","link":"https:\/\/shop.kustom.ch\/it\/prodotto\/blaklaeder-toolrig-hosentraeger-2\/","title":{"rendered":"Bl\u00e5kl\u00e4der ToolRig\u2122 bretelle"},"content":{"rendered":"<p>Da applicare ai pantaloni da lavoro ToolRig\u2122 o alla cintura portautensili ToolRig\u2122. Fornisce sollievo quando si trasportano attrezzi pesanti e tiene i pantaloni saldamente in posizione. Le cinghie larghe e robuste distribuiscono il peso in modo uniforme e i ganci metallici bloccabili garantiscono un fissaggio sicuro alla cintura e ai pantaloni. Le sezioni delle spalle leggermente imbottite assicurano il comfort e consentono di regolare la lunghezza in pochi secondi. Una soluzione intelligente per facilitare il trasporto dell'attrezzatura senza dover utilizzare un'imbracatura.<\/p>","protected":false},"excerpt":{"rendered":"<p>Zur Befestigung an einer ToolRig\u2122 Arbeitshose oder dem ToolRig\u2122 Werkzeugg\u00fcrtel. Sorgt f\u00fcr Entlastung beim Tragen schwerer Werkzeuge und h\u00e4lt die Hose sicher in Position. Die breiten, starken Riemen verteilen das Gewicht gleichm\u00e4ssig und die verschliessbaren Metallhaken sorgen f\u00fcr eine sichere Befestigung an G\u00fcrtel und Hose. Die leicht gepolsterten Schulterpartien sorgen f\u00fcr Komfort und erm\u00f6glichen eine [&hellip;]<\/p>\n","protected":false},"featured_media":695206,"template":"","meta":[],"product_brand":[],"product_cat":[4209],"product_tag":[],"class_list":{"0":"post-695207","1":"product","2":"type-product","3":"status-publish","4":"has-post-thumbnail","6":"product_cat-zubehoer","7":"pa_brand-blaklaeder","8":"pa_brand-type-workwear","9":"pa_filter-color-schwarz","11":"first","12":"instock","13":"sale","14":"taxable","15":"shipping-taxable","16":"purchasable","17":"product-type-variable","18":"add-to-wishlist-before_image"},"exclude_global_add_ons":[],"addons":[],"acf":[],"_links":{"self":[{"href":"https:\/\/shop.kustom.ch\/it\/wp-json\/wp\/v2\/product\/695207"}],"collection":[{"href":"https:\/\/shop.kustom.ch\/it\/wp-json\/wp\/v2\/product"}],"about":[{"href":"https:\/\/shop.kustom.ch\/it\/wp-json\/wp\/v2\/types\/product"}],"wp:featuredmedia":[{"embeddable":true,"href":"https:\/\/shop.kustom.ch\/it\/wp-json\/wp\/v2\/media\/695206"}],"wp:attachment":[{"href":"https:\/\/shop.kustom.ch\/it\/wp-json\/wp\/v2\/media?parent=695207"}],"wp:term":[{"taxonomy":"product_brand","embeddable":true,"href":"https:\/\/shop.kustom.ch\/it\/wp-json\/wp\/v2\/product_brand?post=695207"},{"taxonomy":"product_cat","embeddable":true,"href":"https:\/\/shop.kustom.ch\/it\/wp-json\/wp\/v2\/product_cat?post=695207"},{"taxonomy":"product_tag","embeddable":true,"href":"https:\/\/shop.kustom.ch\/it\/wp-json\/wp\/v2\/product_tag?post=695207"}],"curies":[{"name":"wp","href":"https:\/\/api.w.org\/{rel}","templated":true}]}}