{"id":695182,"date":"2026-03-16T16:03:10","date_gmt":"2026-03-16T15:03:10","guid":{"rendered":"https:\/\/shop.kustom.ch\/?post_type=product&#038;p=695182"},"modified":"2026-03-31T08:43:03","modified_gmt":"2026-03-31T07:43:03","slug":"striker-sicherheitsschuh-s1ps","status":"publish","type":"product","link":"https:\/\/shop.kustom.ch\/it\/prodotto\/striker-sicherheitsschuh-s1ps\/","title":{"rendered":"Scarpa di sicurezza STRIKER S1PS"},"content":{"rendered":"<p>Una sneaker di qualit\u00e0 fresca e ariosa. Ha un'esclusiva tomaia in tessuto con inserti traspiranti e un ulteriore rinforzo sul puntale protettivo. Il sistema di allacciatura Freelock facilita la salita e la discesa dalle scarpe. La linguetta in neoprene offre ulteriore comfort. La scarpa \u00e8 dotata di un puntale NANO, pi\u00f9 leggero e resistente di altri materiali non metallici. La protezione morbida e flessibile contro la penetrazione dei chiodi soddisfa gli standard pi\u00f9 severi con i chiodi pi\u00f9 sottili da 3 mm. L'innovativa struttura a 3 strati della suola garantisce un assorbimento degli urti unico. La suola \u00e8 realizzata in gomma nitrilica antiscivolo, mentre l'intersuola \u00e8 composta da due strati di PU a densit\u00e0 diversa per una funzionalit\u00e0 e un comfort ottimali. La soletta anatomica \u00e8 realizzata in morbido materiale ETPU e ha una tomaia in tessuto con un eccellente assorbimento dell'umidit\u00e0 per un comfort ottimale. Questa calzatura \u00e8 ideale per i lavori di costruzione, trasporto, manutenzione, riparazione e operazioni. Forma da donna nelle taglie 35-39 - Innovativa costruzione della suola a tripla densit\u00e0 che garantisce un assorbimento degli urti unico - Suola in gomma nitrilica antiscivolo - Esclusiva tomaia in tessuto con inserti traspiranti - Linguetta in neoprene per un maggiore comfort - Sistema di allacciatura Freelock sul lato - Soletta anatomica in morbido ETPU - Puntale NANO - Pi\u00f9 leggero e resistente di altri materiali non metallici - Sistema di protezione delle unghie PS<\/p>","protected":false},"excerpt":{"rendered":"<p>Ein cooler und luftiger Qualit\u00e4tssneaker. Er verf\u00fcgt \u00fcber ein exklusives Textilobermaterial mit atmungsaktiven Eins\u00e4tzen und einer zus\u00e4tzlichen Verst\u00e4rkung \u00fcber der Zehenschutzkappe. Das Freelock-Schn\u00fcrsystem erm\u00f6glicht einen einfachen Ein- und Ausstieg aus den Schuhen. Die Zunge aus Neopren sorgt f\u00fcr zus\u00e4tzlichen Komfort. Der Schuh ist mit einer NANO-Zehenschutzkappe ausgestattet, die sowohl leichter als auch st\u00e4rker ist als [&hellip;]<\/p>\n","protected":false},"featured_media":695183,"template":"","meta":[],"product_brand":[],"product_cat":[4197],"product_tag":[],"class_list":{"0":"post-695182","1":"product","2":"type-product","3":"status-publish","4":"has-post-thumbnail","6":"product_cat-schuhe-sandalen","7":"pa_brand-blaklaeder","8":"pa_brand-type-workwear","9":"pa_filter-color-grau","10":"pa_filter-color-schwarz","12":"first","13":"instock","14":"sale","15":"taxable","16":"shipping-taxable","17":"purchasable","18":"product-type-variable","19":"add-to-wishlist-before_image"},"exclude_global_add_ons":[],"addons":[],"acf":[],"_links":{"self":[{"href":"https:\/\/shop.kustom.ch\/it\/wp-json\/wp\/v2\/product\/695182"}],"collection":[{"href":"https:\/\/shop.kustom.ch\/it\/wp-json\/wp\/v2\/product"}],"about":[{"href":"https:\/\/shop.kustom.ch\/it\/wp-json\/wp\/v2\/types\/product"}],"wp:featuredmedia":[{"embeddable":true,"href":"https:\/\/shop.kustom.ch\/it\/wp-json\/wp\/v2\/media\/695183"}],"wp:attachment":[{"href":"https:\/\/shop.kustom.ch\/it\/wp-json\/wp\/v2\/media?parent=695182"}],"wp:term":[{"taxonomy":"product_brand","embeddable":true,"href":"https:\/\/shop.kustom.ch\/it\/wp-json\/wp\/v2\/product_brand?post=695182"},{"taxonomy":"product_cat","embeddable":true,"href":"https:\/\/shop.kustom.ch\/it\/wp-json\/wp\/v2\/product_cat?post=695182"},{"taxonomy":"product_tag","embeddable":true,"href":"https:\/\/shop.kustom.ch\/it\/wp-json\/wp\/v2\/product_tag?post=695182"}],"curies":[{"name":"wp","href":"https:\/\/api.w.org\/{rel}","templated":true}]}}