{"id":695146,"date":"2026-03-16T16:02:26","date_gmt":"2026-03-16T15:02:26","guid":{"rendered":"https:\/\/shop.kustom.ch\/?post_type=product&#038;p=695146"},"modified":"2026-03-31T08:41:32","modified_gmt":"2026-03-31T07:41:32","slug":"pilot-herren-arbeitsschuh-o1","status":"publish","type":"product","link":"https:\/\/shop.kustom.ch\/it\/prodotto\/pilot-herren-arbeitsschuh-o1\/","title":{"rendered":"PILOT scarpa da lavoro da uomo O1"},"content":{"rendered":"<p>Una scarpa da ginnastica leggera e flessibile con il massimo comfort. La tomaia traspirante in pelle scamosciata di alta qualit\u00e0 e dettagli in nabuk conferisce alla sneaker un look moderno, adatto sia all'uso quotidiano che al lavoro. La forma offre un supporto anatomico per una calzata ottimale e un elevato comfort di calzata per tutto il giorno. L'intersuola in PU garantisce un assorbimento ottimale degli urti, mentre la suola sottile e antiscivolo in gomma nitrilica offre la migliore durata su varie superfici. La morbida soletta in PU e pelle di alta qualit\u00e0 assicura un'eccellente gestione dell'umidit\u00e0 e quindi un clima fresco e confortevole per tutto il giorno. Disponibile nelle taglie 39-48 Tomaia in mesh traspirante e pelle scamosciata esclusiva Forma anatomica per una calzata ottimale e un comfort che dura tutto il giorno Intersuola leggera in PU per un migliore assorbimento degli urti Lussuosa soletta in PU e pelle per un'eccellente gestione dell'umidit\u00e0 Suola sottile e antiscivolo in gomma nitrilica per una presa sicura<\/p>","protected":false},"excerpt":{"rendered":"<p>Ein leichter und flexibler Sneaker mit ultimativem Komfort. Das atmungsaktive Obermaterial aus hochwertigen Wildleder- und Nubuk-Details verleiht dem Sneaker einen modernen Look, der sowohl f\u00fcr den Alltag als auch f\u00fcr den Beruf geeignet ist. Der Leisten bietet anatomische Unterst\u00fctzung f\u00fcr eine optimale Passform und hohen Tragekomfort den ganzen Tag \u00fcber. Die PU-Zwischensohle sorgt f\u00fcr eine [&hellip;]<\/p>\n","protected":false},"featured_media":695148,"template":"","meta":[],"product_brand":[],"product_cat":[4197],"product_tag":[],"class_list":{"0":"post-695146","1":"product","2":"type-product","3":"status-publish","4":"has-post-thumbnail","6":"product_cat-schuhe-sandalen","7":"pa_brand-blaklaeder","8":"pa_brand-type-workwear","9":"pa_filter-color-schwarz","11":"first","12":"instock","13":"sale","14":"taxable","15":"shipping-taxable","16":"purchasable","17":"product-type-variable","18":"add-to-wishlist-before_image"},"exclude_global_add_ons":[],"addons":[],"acf":[],"_links":{"self":[{"href":"https:\/\/shop.kustom.ch\/it\/wp-json\/wp\/v2\/product\/695146"}],"collection":[{"href":"https:\/\/shop.kustom.ch\/it\/wp-json\/wp\/v2\/product"}],"about":[{"href":"https:\/\/shop.kustom.ch\/it\/wp-json\/wp\/v2\/types\/product"}],"wp:featuredmedia":[{"embeddable":true,"href":"https:\/\/shop.kustom.ch\/it\/wp-json\/wp\/v2\/media\/695148"}],"wp:attachment":[{"href":"https:\/\/shop.kustom.ch\/it\/wp-json\/wp\/v2\/media?parent=695146"}],"wp:term":[{"taxonomy":"product_brand","embeddable":true,"href":"https:\/\/shop.kustom.ch\/it\/wp-json\/wp\/v2\/product_brand?post=695146"},{"taxonomy":"product_cat","embeddable":true,"href":"https:\/\/shop.kustom.ch\/it\/wp-json\/wp\/v2\/product_cat?post=695146"},{"taxonomy":"product_tag","embeddable":true,"href":"https:\/\/shop.kustom.ch\/it\/wp-json\/wp\/v2\/product_tag?post=695146"}],"curies":[{"name":"wp","href":"https:\/\/api.w.org\/{rel}","templated":true}]}}