{"id":695101,"date":"2026-03-16T16:01:44","date_gmt":"2026-03-16T15:01:44","guid":{"rendered":"https:\/\/shop.kustom.ch\/?post_type=product&#038;p=695101"},"modified":"2026-03-31T08:41:14","modified_gmt":"2026-03-31T07:41:14","slug":"titan-sicherheitsschuh-s7l-wasserdicht","status":"publish","type":"product","link":"https:\/\/shop.kustom.ch\/it\/prodotto\/titan-sicherheitsschuh-s7l-wasserdicht\/","title":{"rendered":"Scarpa di sicurezza TITAN S7L impermeabile"},"content":{"rendered":"<p>Uno stivale di sicurezza comodo, stabile e robusto con tomaia in microfibra idrorepellente e resistente. La membrana microporosa mantiene il piede asciutto anche nelle condizioni climatiche pi\u00f9 avverse. Lo stivale protegge il piede con un puntale in materiale composito e un'intersuola tessile elastica e resistente alle forature, in conformit\u00e0 con lo standard PL. La scarpa \u00e8 dotata di una suola in PU antiscivolo e l'intersuola in PU garantisce un assorbimento ottimale degli urti. La soletta offre un supporto anatomico ed \u00e8 realizzata in morbido materiale PU rivestito in tessuto, con un buon assorbimento dell'umidit\u00e0. Ideale per lavori di costruzione e trasporto, manutenzione, riparazione e operazioni. Forma da donna nelle taglie 35-39 La membrana microporosa rende gli stivali impermeabili Tomaia in microfibra idrorepellente e resistente Puntale composito privo di metallo Intersuola tessile elastica e antiperforazione conforme allo standard PL Supporto anatomico della soletta in PU morbido e ammortizzante con superficie tessile che assorbe l'umidit\u00e0 Suola in PU antiscivolo<\/p>","protected":false},"excerpt":{"rendered":"<p>Ein bequemer, stabiler und robuster Sicherheitsstiefel mit einem Obermaterial aus wasserabweisender und strapazierf\u00e4higer Mikrofaser. Die mikropor\u00f6se Membran h\u00e4lt die F\u00fcsse auch bei widrigsten Wetterverh\u00e4ltnissen trocken. Der Stiefel sch\u00fctzt den Fuss durch eine Zehenschutzkappe aus Komposit und eine elastische, durchtrittsichere Zwischensohle aus Textil nach PL-Norm. Der Schuh besteht aus einer rutschhemmenden Laufsohle aus PU, die Zwischensohle [&hellip;]<\/p>\n","protected":false},"featured_media":695131,"template":"","meta":[],"product_brand":[],"product_cat":[4197],"product_tag":[],"class_list":{"0":"post-695101","1":"product","2":"type-product","3":"status-publish","4":"has-post-thumbnail","6":"product_cat-schuhe-sandalen","7":"pa_brand-blaklaeder","8":"pa_brand-type-workwear","9":"pa_filter-color-schwarz","11":"first","12":"instock","13":"sale","14":"taxable","15":"shipping-taxable","16":"purchasable","17":"product-type-variable","18":"add-to-wishlist-before_image"},"exclude_global_add_ons":[],"addons":[],"acf":[],"_links":{"self":[{"href":"https:\/\/shop.kustom.ch\/it\/wp-json\/wp\/v2\/product\/695101"}],"collection":[{"href":"https:\/\/shop.kustom.ch\/it\/wp-json\/wp\/v2\/product"}],"about":[{"href":"https:\/\/shop.kustom.ch\/it\/wp-json\/wp\/v2\/types\/product"}],"wp:featuredmedia":[{"embeddable":true,"href":"https:\/\/shop.kustom.ch\/it\/wp-json\/wp\/v2\/media\/695131"}],"wp:attachment":[{"href":"https:\/\/shop.kustom.ch\/it\/wp-json\/wp\/v2\/media?parent=695101"}],"wp:term":[{"taxonomy":"product_brand","embeddable":true,"href":"https:\/\/shop.kustom.ch\/it\/wp-json\/wp\/v2\/product_brand?post=695101"},{"taxonomy":"product_cat","embeddable":true,"href":"https:\/\/shop.kustom.ch\/it\/wp-json\/wp\/v2\/product_cat?post=695101"},{"taxonomy":"product_tag","embeddable":true,"href":"https:\/\/shop.kustom.ch\/it\/wp-json\/wp\/v2\/product_tag?post=695101"}],"curies":[{"name":"wp","href":"https:\/\/api.w.org\/{rel}","templated":true}]}}